{"id":155,"date":"2018-01-22T08:00:28","date_gmt":"2018-01-22T08:00:28","guid":{"rendered":"https:\/\/jobunt.com\/?page_id=930"},"modified":"2018-01-22T08:00:28","modified_gmt":"2018-01-22T08:00:28","slug":"news","status":"publish","type":"page","link":"https:\/\/khogiaodienmau.net\/tuyendung02\/news\/","title":{"rendered":"News"},"content":{"rendered":"<div class=\"wpb-content-wrapper\"><p>[vc_row][vc_column]<div class=\"careerfy-blog careerfy-blog-grid\"><ul class=\"row  \">\r\n        <li class=\"col-md-4\">\r\n            <figure>\r\n                            <\/figure>\r\n            <div class=\"careerfy-blog-grid-text\">\r\n                <div class=\"careerfy-blog-tag\"> <a href=\"https:\/\/khogiaodienmau.net\/tuyendung02\/category\/khong-phan-loai\/\"> Ch\u01b0a ph\u00e2n lo\u1ea1i<\/a> <\/div>                <h2>\r\n                    <a href=\"https:\/\/khogiaodienmau.net\/tuyendung02\/chao-moi-nguoi\/\">Ch\u00e0o t\u1ea5t c\u1ea3 m\u1ecdi ng\u01b0\u1eddi!<\/a>\r\n                <\/h2>\r\n                <ul class=\"careerfy-blog-grid-option\">\r\n                    <li>BY <a\r\n                                href=\"https:\/\/khogiaodienmau.net\/tuyendung02\/author\/admin\/\"\r\n                                class=\"careerfy-color\">admin<\/a><\/li>\r\n                    <li>\r\n                        <time datetime=\"1970-01-01 12:00 am\">3 Th\u00e1ng 9, 2024<\/time>\r\n                    <\/li>\r\n                <\/ul>\r\n                                    <p><p>C\u1ea3m \u01a1n v\u00ec \u0111\u00e3 s\u1eed d\u1ee5ng WordPress. \u0110\u00e2y l\u00e0 b\u00e0i vi\u1ebft \u0111\u1ea7u ti\u00ean c\u1ee7a b\u1ea1n. S\u1eeda ho\u1eb7c x\u00f3a n\u00f3, v\u00e0&#8230;<\/p>\n<\/p>\r\n                                    <a href=\"https:\/\/khogiaodienmau.net\/tuyendung02\/chao-moi-nguoi\/\"\r\n                   class=\"careerfy-read-more careerfy-bgcolor\">Read Articles<\/a>\r\n            <\/div>\r\n        <\/li>\r\n        \r\n        <li class=\"col-md-4\">\r\n            <figure>\r\n                                    <a href=\"https:\/\/khogiaodienmau.net\/tuyendung02\/one-morning-when-gregor-samsa-woke-from-troubled-dreams\/\"><img decoding=\"async\"\r\n                                src=\"https:\/\/khogiaodienmau.net\/tuyendung02\/wp-content\/uploads\/2017\/12\/blogs-jobsearch-10--300x169.jpg\" alt=\"\"><\/a>\r\n                                <\/figure>\r\n            <div class=\"careerfy-blog-grid-text\">\r\n                <div class=\"careerfy-blog-tag\"> <a href=\"https:\/\/khogiaodienmau.net\/tuyendung02\/category\/blogs\/\"> Blogs<\/a> <\/div>                <h2>\r\n                    <a href=\"https:\/\/khogiaodienmau.net\/tuyendung02\/one-morning-when-gregor-samsa-woke-from-troubled-dreams\/\">One morning, when Gregor Samsa woke<\/a>\r\n                <\/h2>\r\n                <ul class=\"careerfy-blog-grid-option\">\r\n                    <li>BY <a\r\n                                href=\"https:\/\/khogiaodienmau.net\/tuyendung02\/author\/admin\/\"\r\n                                class=\"careerfy-color\">admin<\/a><\/li>\r\n                    <li>\r\n                        <time datetime=\"1970-01-01 12:00 am\">18 Th\u00e1ng 12, 2017<\/time>\r\n                    <\/li>\r\n                <\/ul>\r\n                                    <p><p>His room, a proper human room although a little too small, lay peacefully between its four familiar walls. One morning,&#8230;<\/p>\n<\/p>\r\n                                    <a href=\"https:\/\/khogiaodienmau.net\/tuyendung02\/one-morning-when-gregor-samsa-woke-from-troubled-dreams\/\"\r\n                   class=\"careerfy-read-more careerfy-bgcolor\">Read Articles<\/a>\r\n            <\/div>\r\n        <\/li>\r\n        \r\n        <li class=\"col-md-4\">\r\n            <figure>\r\n                                    <a href=\"https:\/\/khogiaodienmau.net\/tuyendung02\/see-his-brown-belly-slightly-domed-and-divided\/\"><img decoding=\"async\"\r\n                                src=\"https:\/\/khogiaodienmau.net\/tuyendung02\/wp-content\/uploads\/2017\/12\/blogs-jobsearch-11--300x169.jpg\" alt=\"\"><\/a>\r\n                                <\/figure>\r\n            <div class=\"careerfy-blog-grid-text\">\r\n                <div class=\"careerfy-blog-tag\"> <a href=\"https:\/\/khogiaodienmau.net\/tuyendung02\/category\/news\/\"> News<\/a> <\/div>                <h2>\r\n                    <a href=\"https:\/\/khogiaodienmau.net\/tuyendung02\/see-his-brown-belly-slightly-domed-and-divided\/\">See his brown<\/a>\r\n                <\/h2>\r\n                <ul class=\"careerfy-blog-grid-option\">\r\n                    <li>BY <a\r\n                                href=\"https:\/\/khogiaodienmau.net\/tuyendung02\/author\/admin\/\"\r\n                                class=\"careerfy-color\">admin<\/a><\/li>\r\n                    <li>\r\n                        <time datetime=\"1970-01-01 12:00 am\">18 Th\u00e1ng 12, 2017<\/time>\r\n                    <\/li>\r\n                <\/ul>\r\n                                    <p><p>His room, a proper human room although a little too small, lay peacefully between its four familiar walls. One morning,&#8230;<\/p>\n<\/p>\r\n                                    <a href=\"https:\/\/khogiaodienmau.net\/tuyendung02\/see-his-brown-belly-slightly-domed-and-divided\/\"\r\n                   class=\"careerfy-read-more careerfy-bgcolor\">Read Articles<\/a>\r\n            <\/div>\r\n        <\/li>\r\n        \r\n        <li class=\"col-md-4\">\r\n            <figure>\r\n                                    <a href=\"https:\/\/khogiaodienmau.net\/tuyendung02\/hhimself-transformed-in-his-bed-into-a-horrible-vermin\/\"><img decoding=\"async\"\r\n                                src=\"https:\/\/khogiaodienmau.net\/tuyendung02\/wp-content\/uploads\/2017\/12\/blogs-jobsearch-09--300x169.jpg\" alt=\"\"><\/a>\r\n                                <\/figure>\r\n            <div class=\"careerfy-blog-grid-text\">\r\n                <div class=\"careerfy-blog-tag\"> <a href=\"https:\/\/khogiaodienmau.net\/tuyendung02\/category\/updates\/\"> Updates<\/a> <\/div>                <h2>\r\n                    <a href=\"https:\/\/khogiaodienmau.net\/tuyendung02\/hhimself-transformed-in-his-bed-into-a-horrible-vermin\/\">his bed into<\/a>\r\n                <\/h2>\r\n                <ul class=\"careerfy-blog-grid-option\">\r\n                    <li>BY <a\r\n                                href=\"https:\/\/khogiaodienmau.net\/tuyendung02\/author\/admin\/\"\r\n                                class=\"careerfy-color\">admin<\/a><\/li>\r\n                    <li>\r\n                        <time datetime=\"1970-01-01 12:00 am\">18 Th\u00e1ng 12, 2017<\/time>\r\n                    <\/li>\r\n                <\/ul>\r\n                                    <p><p>His room, a proper human room although a little too small, lay peacefully between its four familiar walls. One morning,&#8230;<\/p>\n<\/p>\r\n                                    <a href=\"https:\/\/khogiaodienmau.net\/tuyendung02\/hhimself-transformed-in-his-bed-into-a-horrible-vermin\/\"\r\n                   class=\"careerfy-read-more careerfy-bgcolor\">Read Articles<\/a>\r\n            <\/div>\r\n        <\/li>\r\n        \r\n        <li class=\"col-md-4\">\r\n            <figure>\r\n                                    <a href=\"https:\/\/khogiaodienmau.net\/tuyendung02\/he-lay-on-his-armour-like-back-and-if-he-lifted\/\"><img decoding=\"async\"\r\n                                src=\"https:\/\/khogiaodienmau.net\/tuyendung02\/wp-content\/uploads\/2017\/12\/blogs-jobsearch-08--300x169.jpg\" alt=\"\"><\/a>\r\n                                <\/figure>\r\n            <div class=\"careerfy-blog-grid-text\">\r\n                <div class=\"careerfy-blog-tag\"> <a href=\"https:\/\/khogiaodienmau.net\/tuyendung02\/category\/blogs\/\"> Blogs<\/a> <\/div>                <h2>\r\n                    <a href=\"https:\/\/khogiaodienmau.net\/tuyendung02\/he-lay-on-his-armour-like-back-and-if-he-lifted\/\">He lay on his<\/a>\r\n                <\/h2>\r\n                <ul class=\"careerfy-blog-grid-option\">\r\n                    <li>BY <a\r\n                                href=\"https:\/\/khogiaodienmau.net\/tuyendung02\/author\/admin\/\"\r\n                                class=\"careerfy-color\">admin<\/a><\/li>\r\n                    <li>\r\n                        <time datetime=\"1970-01-01 12:00 am\">18 Th\u00e1ng 12, 2017<\/time>\r\n                    <\/li>\r\n                <\/ul>\r\n                                    <p><p>His room, a proper human room although a little too small, lay peacefully between its four familiar walls. One morning,&#8230;<\/p>\n<\/p>\r\n                                    <a href=\"https:\/\/khogiaodienmau.net\/tuyendung02\/he-lay-on-his-armour-like-back-and-if-he-lifted\/\"\r\n                   class=\"careerfy-read-more careerfy-bgcolor\">Read Articles<\/a>\r\n            <\/div>\r\n        <\/li>\r\n        \r\n        <li class=\"col-md-4\">\r\n            <figure>\r\n                                    <a href=\"https:\/\/khogiaodienmau.net\/tuyendung02\/little-he-could-see-his-brown-belly-slightly-domed\/\"><img decoding=\"async\"\r\n                                src=\"https:\/\/khogiaodienmau.net\/tuyendung02\/wp-content\/uploads\/2017\/12\/blogs-jobsearch-07--300x169.jpg\" alt=\"\"><\/a>\r\n                                <\/figure>\r\n            <div class=\"careerfy-blog-grid-text\">\r\n                <div class=\"careerfy-blog-tag\"> <a href=\"https:\/\/khogiaodienmau.net\/tuyendung02\/category\/news\/\"> News<\/a> <\/div>                <h2>\r\n                    <a href=\"https:\/\/khogiaodienmau.net\/tuyendung02\/little-he-could-see-his-brown-belly-slightly-domed\/\">Little he could<\/a>\r\n                <\/h2>\r\n                <ul class=\"careerfy-blog-grid-option\">\r\n                    <li>BY <a\r\n                                href=\"https:\/\/khogiaodienmau.net\/tuyendung02\/author\/admin\/\"\r\n                                class=\"careerfy-color\">admin<\/a><\/li>\r\n                    <li>\r\n                        <time datetime=\"1970-01-01 12:00 am\">18 Th\u00e1ng 12, 2017<\/time>\r\n                    <\/li>\r\n                <\/ul>\r\n                                    <p><p>His room, a proper human room although a little too small, lay peacefully between its four familiar walls. One morning,&#8230;<\/p>\n<\/p>\r\n                                    <a href=\"https:\/\/khogiaodienmau.net\/tuyendung02\/little-he-could-see-his-brown-belly-slightly-domed\/\"\r\n                   class=\"careerfy-read-more careerfy-bgcolor\">Read Articles<\/a>\r\n            <\/div>\r\n        <\/li>\r\n        \r\n        <li class=\"col-md-4\">\r\n            <figure>\r\n                                    <a href=\"https:\/\/khogiaodienmau.net\/tuyendung02\/the-bedding-was-hardly-able-to-cover-it-and-seemed-ready\/\"><img decoding=\"async\"\r\n                                src=\"https:\/\/khogiaodienmau.net\/tuyendung02\/wp-content\/uploads\/2017\/12\/blogs-jobsearch-05--300x169.jpg\" alt=\"\"><\/a>\r\n                                <\/figure>\r\n            <div class=\"careerfy-blog-grid-text\">\r\n                <div class=\"careerfy-blog-tag\"> <a href=\"https:\/\/khogiaodienmau.net\/tuyendung02\/category\/updates\/\"> Updates<\/a> <\/div>                <h2>\r\n                    <a href=\"https:\/\/khogiaodienmau.net\/tuyendung02\/the-bedding-was-hardly-able-to-cover-it-and-seemed-ready\/\">The bedding was hardly able to cover it<\/a>\r\n                <\/h2>\r\n                <ul class=\"careerfy-blog-grid-option\">\r\n                    <li>BY <a\r\n                                href=\"https:\/\/khogiaodienmau.net\/tuyendung02\/author\/admin\/\"\r\n                                class=\"careerfy-color\">admin<\/a><\/li>\r\n                    <li>\r\n                        <time datetime=\"1970-01-01 12:00 am\">18 Th\u00e1ng 12, 2017<\/time>\r\n                    <\/li>\r\n                <\/ul>\r\n                                    <p><p>His room, a proper human room although a little too small, lay peacefully between its four familiar walls. One morning,&#8230;<\/p>\n<\/p>\r\n                                    <a href=\"https:\/\/khogiaodienmau.net\/tuyendung02\/the-bedding-was-hardly-able-to-cover-it-and-seemed-ready\/\"\r\n                   class=\"careerfy-read-more careerfy-bgcolor\">Read Articles<\/a>\r\n            <\/div>\r\n        <\/li>\r\n        \r\n        <li class=\"col-md-4\">\r\n            <figure>\r\n                                    <a href=\"https:\/\/khogiaodienmau.net\/tuyendung02\/waved-about-helplessly-as-he-looked\/\"><img decoding=\"async\"\r\n                                src=\"https:\/\/khogiaodienmau.net\/tuyendung02\/wp-content\/uploads\/2017\/12\/blogs-jobsearch-06--300x169.jpg\" alt=\"\"><\/a>\r\n                                <\/figure>\r\n            <div class=\"careerfy-blog-grid-text\">\r\n                <div class=\"careerfy-blog-tag\"> <a href=\"https:\/\/khogiaodienmau.net\/tuyendung02\/category\/blogs\/\"> Blogs<\/a> <\/div>                <h2>\r\n                    <a href=\"https:\/\/khogiaodienmau.net\/tuyendung02\/waved-about-helplessly-as-he-looked\/\">Waved about helplessly as he looked.<\/a>\r\n                <\/h2>\r\n                <ul class=\"careerfy-blog-grid-option\">\r\n                    <li>BY <a\r\n                                href=\"https:\/\/khogiaodienmau.net\/tuyendung02\/author\/admin\/\"\r\n                                class=\"careerfy-color\">admin<\/a><\/li>\r\n                    <li>\r\n                        <time datetime=\"1970-01-01 12:00 am\">18 Th\u00e1ng 12, 2017<\/time>\r\n                    <\/li>\r\n                <\/ul>\r\n                                    <p><p>His room, a proper human room although a little too small, lay peacefully between its four familiar walls. One morning,&#8230;<\/p>\n<\/p>\r\n                                    <a href=\"https:\/\/khogiaodienmau.net\/tuyendung02\/waved-about-helplessly-as-he-looked\/\"\r\n                   class=\"careerfy-read-more careerfy-bgcolor\">Read Articles<\/a>\r\n            <\/div>\r\n        <\/li>\r\n        \r\n        <li class=\"col-md-4\">\r\n            <figure>\r\n                                    <a href=\"https:\/\/khogiaodienmau.net\/tuyendung02\/illustrated-magazine-and-housed-in-a-nice\/\"><img decoding=\"async\"\r\n                                src=\"https:\/\/khogiaodienmau.net\/tuyendung02\/wp-content\/uploads\/2017\/12\/blogs-jobsearch-04--300x169.jpg\" alt=\"\"><\/a>\r\n                                <\/figure>\r\n            <div class=\"careerfy-blog-grid-text\">\r\n                <div class=\"careerfy-blog-tag\"> <a href=\"https:\/\/khogiaodienmau.net\/tuyendung02\/category\/news\/\"> News<\/a> <\/div>                <h2>\r\n                    <a href=\"https:\/\/khogiaodienmau.net\/tuyendung02\/illustrated-magazine-and-housed-in-a-nice\/\">Illustrated magazine and housed in a nice<\/a>\r\n                <\/h2>\r\n                <ul class=\"careerfy-blog-grid-option\">\r\n                    <li>BY <a\r\n                                href=\"https:\/\/khogiaodienmau.net\/tuyendung02\/author\/admin\/\"\r\n                                class=\"careerfy-color\">admin<\/a><\/li>\r\n                    <li>\r\n                        <time datetime=\"1970-01-01 12:00 am\">18 Th\u00e1ng 12, 2017<\/time>\r\n                    <\/li>\r\n                <\/ul>\r\n                                    <p><p>His room, a proper human room although a little too small, lay peacefully between its four familiar walls. One morning,&#8230;<\/p>\n<\/p>\r\n                                    <a href=\"https:\/\/khogiaodienmau.net\/tuyendung02\/illustrated-magazine-and-housed-in-a-nice\/\"\r\n                   class=\"careerfy-read-more careerfy-bgcolor\">Read Articles<\/a>\r\n            <\/div>\r\n        <\/li>\r\n        <\/ul><\/div><div class=\"careerfy-pagination-blog\"><ul><li class=\"active\"><a>1<\/a><\/li><li><a class=\"page-numbers\" href=\"https:\/\/khogiaodienmau.net\/tuyendung02\/wp-json\/wp\/v2\/pages\/155\/page\/2\/\">2<\/a>\n<\/li><li class=\"next\"><a class=\"a-next page-numbers\" href=\"https:\/\/khogiaodienmau.net\/tuyendung02\/wp-json\/wp\/v2\/pages\/155\/page\/2\/\"><i class=\"careerfy-icon careerfy-arrow-right-bold\"><\/i><\/a>\n<\/li><\/ul><\/div>[\/vc_column][\/vc_row]<\/p>\n<\/div>","protected":false},"excerpt":{"rendered":"<p>[vc_row][vc_column][\/vc_column][\/vc_row]<\/p>\n","protected":false},"author":1,"featured_media":-1,"parent":0,"menu_order":0,"comment_status":"closed","ping_status":"closed","template":"","meta":{"footnotes":""},"class_list":["post-155","page","type-page","status-publish","has-post-thumbnail","hentry"],"_links":{"self":[{"href":"https:\/\/khogiaodienmau.net\/tuyendung02\/wp-json\/wp\/v2\/pages\/155","targetHints":{"allow":["GET"]}}],"collection":[{"href":"https:\/\/khogiaodienmau.net\/tuyendung02\/wp-json\/wp\/v2\/pages"}],"about":[{"href":"https:\/\/khogiaodienmau.net\/tuyendung02\/wp-json\/wp\/v2\/types\/page"}],"author":[{"embeddable":true,"href":"https:\/\/khogiaodienmau.net\/tuyendung02\/wp-json\/wp\/v2\/users\/1"}],"replies":[{"embeddable":true,"href":"https:\/\/khogiaodienmau.net\/tuyendung02\/wp-json\/wp\/v2\/comments?post=155"}],"version-history":[{"count":0,"href":"https:\/\/khogiaodienmau.net\/tuyendung02\/wp-json\/wp\/v2\/pages\/155\/revisions"}],"wp:featuredmedia":[{"embeddable":true,"href":"https:\/\/khogiaodienmau.net\/tuyendung02\/wp-json\/"}],"wp:attachment":[{"href":"https:\/\/khogiaodienmau.net\/tuyendung02\/wp-json\/wp\/v2\/media?parent=155"}],"curies":[{"name":"wp","href":"https:\/\/api.w.org\/{rel}","templated":true}]}}