{"id":4927,"date":"2023-10-27T11:06:50","date_gmt":"2023-10-27T11:06:50","guid":{"rendered":"https:\/\/khogiaodienmau.net\/trumtheme\/?post_type=product&#038;p=4927"},"modified":"2023-10-27T11:06:51","modified_gmt":"2023-10-27T11:06:51","slug":"theme-wordpress-dong-ho-5","status":"publish","type":"product","link":"https:\/\/khogiaodienmau.net\/trumtheme\/themes\/theme-wordpress-dong-ho-5\/","title":{"rendered":"Theme wordpress \u0111\u1ed3ng h\u1ed3 5"},"content":{"rendered":"","protected":false},"excerpt":{"rendered":"<p>Theme wordpress \u0111\u1ed3ng h\u1ed3 5 cho ph\u00e9p b\u1ea1n t\u1ea1o m\u1ed9t c\u1eeda h\u00e0ng tr\u1ef1c tuy\u1ebfn \u0111\u1ea7y \u0111\u1ee7 t\u00ednh n\u0103ng. Kh\u00e1ch h\u00e0ng c\u00f3 th\u1ec3 d\u1ec5 d\u00e0ng th\u00eam s\u1ea3n ph\u1ea9m v\u00e0o gi\u1ecf h\u00e0ng, theo d\u00f5i \u0111\u01a1n h\u00e0ng v\u00e0 nh\u1eadn th\u00f4ng b\u00e1o v\u1ec1 t\u00ecnh tr\u1ea1ng \u0111\u01a1n h\u00e0ng c\u1ee7a h\u1ecd.<\/p>\n","protected":false},"featured_media":4928,"comment_status":"open","ping_status":"closed","template":"","meta":[],"product_brand":[],"product_cat":[26,35],"product_tag":[],"class_list":{"0":"post-4927","1":"product","2":"type-product","3":"status-publish","4":"has-post-thumbnail","6":"product_cat-theme-wordpress-ban-hang","7":"product_cat-theme-wordpress-thoi-trang","9":"first","10":"instock","11":"sale","12":"downloadable","13":"shipping-taxable","14":"purchasable","15":"product-type-simple"},"acf":[],"_links":{"self":[{"href":"https:\/\/khogiaodienmau.net\/trumtheme\/wp-json\/wp\/v2\/product\/4927"}],"collection":[{"href":"https:\/\/khogiaodienmau.net\/trumtheme\/wp-json\/wp\/v2\/product"}],"about":[{"href":"https:\/\/khogiaodienmau.net\/trumtheme\/wp-json\/wp\/v2\/types\/product"}],"replies":[{"embeddable":true,"href":"https:\/\/khogiaodienmau.net\/trumtheme\/wp-json\/wp\/v2\/comments?post=4927"}],"wp:featuredmedia":[{"embeddable":true,"href":"https:\/\/khogiaodienmau.net\/trumtheme\/wp-json\/wp\/v2\/media\/4928"}],"wp:attachment":[{"href":"https:\/\/khogiaodienmau.net\/trumtheme\/wp-json\/wp\/v2\/media?parent=4927"}],"wp:term":[{"taxonomy":"product_brand","embeddable":true,"href":"https:\/\/khogiaodienmau.net\/trumtheme\/wp-json\/wp\/v2\/product_brand?post=4927"},{"taxonomy":"product_cat","embeddable":true,"href":"https:\/\/khogiaodienmau.net\/trumtheme\/wp-json\/wp\/v2\/product_cat?post=4927"},{"taxonomy":"product_tag","embeddable":true,"href":"https:\/\/khogiaodienmau.net\/trumtheme\/wp-json\/wp\/v2\/product_tag?post=4927"}],"curies":[{"name":"wp","href":"https:\/\/api.w.org\/{rel}","templated":true}]}}