{"id":4892,"date":"2023-10-26T18:08:58","date_gmt":"2023-10-26T18:08:58","guid":{"rendered":"https:\/\/khogiaodienmau.net\/trumtheme\/?post_type=product&#038;p=4892"},"modified":"2023-10-26T18:13:28","modified_gmt":"2023-10-26T18:13:28","slug":"theme-wordpress-ban-may-loc-khi-2","status":"publish","type":"product","link":"https:\/\/khogiaodienmau.net\/trumtheme\/themes\/theme-wordpress-ban-may-loc-khi-2\/","title":{"rendered":"Theme wordpress b\u00e1n m\u00e1y l\u1ecdc kh\u00ed 2"},"content":{"rendered":"","protected":false},"excerpt":{"rendered":"<p>Theme WordPress M\u00e1y L\u1ecdc Kh\u00ed 2\u00a0 V\u1edbi thi\u1ebft k\u1ebf hi\u1ec7n \u0111\u1ea1i, d\u1ec5 d\u00e0ng t\u00f9y ch\u1ec9nh v\u00e0 t\u00edch h\u1ee3p c\u00e1c t\u00ednh n\u0103ng quan tr\u1ecdng, ch\u00fang t\u00f4i cam k\u1ebft gi\u00fap b\u1ea1n t\u1ea1o ra m\u1ed9t trang web th\u00fa v\u1ecb \u0111\u1ec3 th\u00fac \u0111\u1ea9y doanh s\u1ed1 b\u00e1n h\u00e0ng v\u00e0 cung c\u1ea5p th\u00f4ng tin c\u1ea7n thi\u1ebft cho kh\u00e1ch h\u00e0ng c\u1ee7a b\u1ea1n.<\/p>\n","protected":false},"featured_media":4893,"comment_status":"open","ping_status":"closed","template":"","meta":[],"product_brand":[],"product_cat":[26,27,54],"product_tag":[],"class_list":{"0":"post-4892","1":"product","2":"type-product","3":"status-publish","4":"has-post-thumbnail","6":"product_cat-theme-wordpress-ban-hang","7":"product_cat-theme-wordpress-dien-may","8":"product_cat-theme-wordpress-dien-nuoc","10":"first","11":"instock","12":"sale","13":"downloadable","14":"shipping-taxable","15":"purchasable","16":"product-type-simple"},"acf":[],"_links":{"self":[{"href":"https:\/\/khogiaodienmau.net\/trumtheme\/wp-json\/wp\/v2\/product\/4892"}],"collection":[{"href":"https:\/\/khogiaodienmau.net\/trumtheme\/wp-json\/wp\/v2\/product"}],"about":[{"href":"https:\/\/khogiaodienmau.net\/trumtheme\/wp-json\/wp\/v2\/types\/product"}],"replies":[{"embeddable":true,"href":"https:\/\/khogiaodienmau.net\/trumtheme\/wp-json\/wp\/v2\/comments?post=4892"}],"wp:featuredmedia":[{"embeddable":true,"href":"https:\/\/khogiaodienmau.net\/trumtheme\/wp-json\/wp\/v2\/media\/4893"}],"wp:attachment":[{"href":"https:\/\/khogiaodienmau.net\/trumtheme\/wp-json\/wp\/v2\/media?parent=4892"}],"wp:term":[{"taxonomy":"product_brand","embeddable":true,"href":"https:\/\/khogiaodienmau.net\/trumtheme\/wp-json\/wp\/v2\/product_brand?post=4892"},{"taxonomy":"product_cat","embeddable":true,"href":"https:\/\/khogiaodienmau.net\/trumtheme\/wp-json\/wp\/v2\/product_cat?post=4892"},{"taxonomy":"product_tag","embeddable":true,"href":"https:\/\/khogiaodienmau.net\/trumtheme\/wp-json\/wp\/v2\/product_tag?post=4892"}],"curies":[{"name":"wp","href":"https:\/\/api.w.org\/{rel}","templated":true}]}}