{"id":4848,"date":"2023-10-24T16:32:55","date_gmt":"2023-10-24T16:32:55","guid":{"rendered":"https:\/\/khogiaodienmau.net\/trumtheme\/?post_type=product&#038;p=4848"},"modified":"2023-10-24T16:32:56","modified_gmt":"2023-10-24T16:32:56","slug":"theme-wordpress-ban-may-loc-khi-4","status":"publish","type":"product","link":"https:\/\/khogiaodienmau.net\/trumtheme\/themes\/theme-wordpress-ban-may-loc-khi-4\/","title":{"rendered":"Theme wordpress b\u00e1n m\u00e1y l\u1ecdc kh\u00ed 4"},"content":{"rendered":"","protected":false},"excerpt":{"rendered":"<p>Theme WordPress M\u00e1y L\u1ecdc Kh\u00ed 4 mang \u0111\u1ebfn cho b\u1ea1n m\u1ed9t tr\u1ea3i nghi\u1ec7m mua s\u1eafm tr\u1ef1c tuy\u1ebfn ho\u00e0n h\u1ea3o \u0111\u1ec3 gi\u00fap b\u1ea1n l\u1ef1a ch\u1ecdn m\u00e1y l\u1ecdc kh\u00ed ph\u00f9 h\u1ee3p v\u1edbi nhu c\u1ea7u c\u1ee7a b\u1ea1n. V\u1edbi thi\u1ebft k\u1ebf hi\u1ec7n \u0111\u1ea1i, d\u1ec5 d\u00e0ng t\u00f9y ch\u1ec9nh v\u00e0 t\u00edch h\u1ee3p c\u00e1c t\u00ednh n\u0103ng quan tr\u1ecdng, ch\u00fang t\u00f4i cam k\u1ebft gi\u00fap b\u1ea1n t\u1ea1o ra m\u1ed9t trang web th\u00fa v\u1ecb \u0111\u1ec3 th\u00fac \u0111\u1ea9y doanh s\u1ed1 b\u00e1n h\u00e0ng v\u00e0 cung c\u1ea5p th\u00f4ng tin c\u1ea7n thi\u1ebft cho kh\u00e1ch h\u00e0ng c\u1ee7a b\u1ea1n.<\/p>\n","protected":false},"featured_media":4849,"comment_status":"open","ping_status":"closed","template":"","meta":[],"product_brand":[],"product_cat":[46,26,27,54],"product_tag":[],"class_list":{"0":"post-4848","1":"product","2":"type-product","3":"status-publish","4":"has-post-thumbnail","6":"product_cat-theme-hot","7":"product_cat-theme-wordpress-ban-hang","8":"product_cat-theme-wordpress-dien-may","9":"product_cat-theme-wordpress-dien-nuoc","11":"first","12":"instock","13":"sale","14":"downloadable","15":"shipping-taxable","16":"purchasable","17":"product-type-simple"},"acf":[],"_links":{"self":[{"href":"https:\/\/khogiaodienmau.net\/trumtheme\/wp-json\/wp\/v2\/product\/4848"}],"collection":[{"href":"https:\/\/khogiaodienmau.net\/trumtheme\/wp-json\/wp\/v2\/product"}],"about":[{"href":"https:\/\/khogiaodienmau.net\/trumtheme\/wp-json\/wp\/v2\/types\/product"}],"replies":[{"embeddable":true,"href":"https:\/\/khogiaodienmau.net\/trumtheme\/wp-json\/wp\/v2\/comments?post=4848"}],"wp:featuredmedia":[{"embeddable":true,"href":"https:\/\/khogiaodienmau.net\/trumtheme\/wp-json\/wp\/v2\/media\/4849"}],"wp:attachment":[{"href":"https:\/\/khogiaodienmau.net\/trumtheme\/wp-json\/wp\/v2\/media?parent=4848"}],"wp:term":[{"taxonomy":"product_brand","embeddable":true,"href":"https:\/\/khogiaodienmau.net\/trumtheme\/wp-json\/wp\/v2\/product_brand?post=4848"},{"taxonomy":"product_cat","embeddable":true,"href":"https:\/\/khogiaodienmau.net\/trumtheme\/wp-json\/wp\/v2\/product_cat?post=4848"},{"taxonomy":"product_tag","embeddable":true,"href":"https:\/\/khogiaodienmau.net\/trumtheme\/wp-json\/wp\/v2\/product_tag?post=4848"}],"curies":[{"name":"wp","href":"https:\/\/api.w.org\/{rel}","templated":true}]}}