{"id":4836,"date":"2023-10-23T03:49:25","date_gmt":"2023-10-23T03:49:25","guid":{"rendered":"https:\/\/khogiaodienmau.net\/trumtheme\/?post_type=product&#038;p=4836"},"modified":"2023-10-23T03:49:25","modified_gmt":"2023-10-23T03:49:25","slug":"theme-wordoress-ban-dong-ho-4","status":"publish","type":"product","link":"https:\/\/khogiaodienmau.net\/trumtheme\/themes\/theme-wordoress-ban-dong-ho-4\/","title":{"rendered":"Theme wordoress b\u00e1n \u0111\u1ed3ng h\u1ed3 4"},"content":{"rendered":"","protected":false},"excerpt":{"rendered":"<p>Theme WordPress b\u00e1n \u0111\u1ed3ng h\u1ed3 4 gi\u00e1 r\u1ebb&#8221; l\u00e0 m\u1ed9t ch\u1ee7 \u0111\u1ec1 WordPress \u0111\u01b0\u1ee3c thi\u1ebft k\u1ebf \u0111\u1eb7c bi\u1ec7t \u0111\u1ec3 h\u1ed7 tr\u1ee3 vi\u1ec7c t\u1ea1o c\u1eeda h\u00e0ng tr\u1ef1c tuy\u1ebfn chuy\u00ean v\u1ec1 \u0111\u1ed3ng h\u1ed3 v\u1edbi s\u1ef1 ti\u1ebft ki\u1ec7m chi ph\u00ed. Ch\u1ee7 \u0111\u1ec1 n\u00e0y th\u01b0\u1eddng bao g\u1ed3m c\u00e1c t\u00ednh n\u0103ng v\u00e0 t\u00f9y ch\u1ecdn t\u00f9y ch\u1ec9nh \u0111\u1ec3 b\u1ea1n c\u00f3 th\u1ec3 d\u1ec5 d\u00e0ng t\u1ea1o ra m\u1ed9t giao di\u1ec7n th\u00e2n thi\u1ec7n v\u1edbi ng\u01b0\u1eddi d\u00f9ng, t\u1ed1i \u01b0u h\u00f3a \u0111\u1ec3 t\u0103ng tr\u1ea3i nghi\u1ec7m mua s\u1eafm v\u00e0 gi\u00fap b\u1ea1n qu\u1ea3n l\u00fd s\u1ea3n ph\u1ea9m c\u1ee7a m\u00ecnh m\u1ed9t c\u00e1ch hi\u1ec7u qu\u1ea3.<\/p>\n","protected":false},"featured_media":4837,"comment_status":"open","ping_status":"closed","template":"","meta":[],"product_brand":[],"product_cat":[46,26,27],"product_tag":[],"class_list":{"0":"post-4836","1":"product","2":"type-product","3":"status-publish","4":"has-post-thumbnail","6":"product_cat-theme-hot","7":"product_cat-theme-wordpress-ban-hang","8":"product_cat-theme-wordpress-dien-may","10":"first","11":"instock","12":"sale","13":"downloadable","14":"shipping-taxable","15":"purchasable","16":"product-type-simple"},"acf":[],"_links":{"self":[{"href":"https:\/\/khogiaodienmau.net\/trumtheme\/wp-json\/wp\/v2\/product\/4836"}],"collection":[{"href":"https:\/\/khogiaodienmau.net\/trumtheme\/wp-json\/wp\/v2\/product"}],"about":[{"href":"https:\/\/khogiaodienmau.net\/trumtheme\/wp-json\/wp\/v2\/types\/product"}],"replies":[{"embeddable":true,"href":"https:\/\/khogiaodienmau.net\/trumtheme\/wp-json\/wp\/v2\/comments?post=4836"}],"wp:featuredmedia":[{"embeddable":true,"href":"https:\/\/khogiaodienmau.net\/trumtheme\/wp-json\/wp\/v2\/media\/4837"}],"wp:attachment":[{"href":"https:\/\/khogiaodienmau.net\/trumtheme\/wp-json\/wp\/v2\/media?parent=4836"}],"wp:term":[{"taxonomy":"product_brand","embeddable":true,"href":"https:\/\/khogiaodienmau.net\/trumtheme\/wp-json\/wp\/v2\/product_brand?post=4836"},{"taxonomy":"product_cat","embeddable":true,"href":"https:\/\/khogiaodienmau.net\/trumtheme\/wp-json\/wp\/v2\/product_cat?post=4836"},{"taxonomy":"product_tag","embeddable":true,"href":"https:\/\/khogiaodienmau.net\/trumtheme\/wp-json\/wp\/v2\/product_tag?post=4836"}],"curies":[{"name":"wp","href":"https:\/\/api.w.org\/{rel}","templated":true}]}}