{"id":4827,"date":"2023-11-27T23:30:29","date_gmt":"2023-11-27T23:30:29","guid":{"rendered":"https:\/\/khogiaodienmau.net\/trumtheme\/?post_type=product&#038;p=4827"},"modified":"2023-12-04T04:22:39","modified_gmt":"2023-12-04T04:22:39","slug":"theme-wordpress-dien-thoai-7-giong-topzone","status":"publish","type":"product","link":"https:\/\/khogiaodienmau.net\/trumtheme\/themes\/theme-wordpress-dien-thoai-7-giong-topzone\/","title":{"rendered":"Theme wordpress \u0111i\u1ec7n tho\u1ea1i 7 gi\u1ed1ng topzone"},"content":{"rendered":"","protected":false},"excerpt":{"rendered":"<p>V\u1edbi Theme WordPress &#8220;\u0110i\u1ec7n Tho\u1ea1i 7&#8221;, b\u1ea1n c\u00f3 m\u1ed9t c\u01a1 h\u1ed9i tuy\u1ec7t v\u1eddi \u0111\u1ec3 t\u1ea1o ra m\u1ed9t trang web \u0111i\u1ec7n tho\u1ea1i \u0111\u1eb9p v\u00e0 chuy\u00ean nghi\u1ec7p m\u00e0 kh\u00e1ch h\u00e0ng c\u1ee7a b\u1ea1n s\u1ebd y\u00eau th\u00edch. N\u00f3 l\u00e0 l\u1ef1a ch\u1ecdn l\u00fd t\u01b0\u1edfng cho nh\u1eefng ng\u01b0\u1eddi kinh doanh ho\u1eb7c \u0111am m\u00ea v\u1ec1 c\u00f4ng ngh\u1ec7 mu\u1ed1n th\u1ec3 hi\u1ec7n s\u1ea3n ph\u1ea9m \u0111i\u1ec7n tho\u1ea1i c\u1ee7a h\u1ecd m\u1ed9t c\u00e1ch \u1ea5n t\u01b0\u1ee3ng tr\u00ean m\u1ea1ng.<\/p>\n","protected":false},"featured_media":4828,"comment_status":"open","ping_status":"closed","template":"","meta":[],"product_brand":[],"product_cat":[46,26,27],"product_tag":[],"class_list":{"0":"post-4827","1":"product","2":"type-product","3":"status-publish","4":"has-post-thumbnail","6":"product_cat-theme-hot","7":"product_cat-theme-wordpress-ban-hang","8":"product_cat-theme-wordpress-dien-may","10":"first","11":"instock","12":"sale","13":"downloadable","14":"shipping-taxable","15":"purchasable","16":"product-type-simple"},"acf":[],"_links":{"self":[{"href":"https:\/\/khogiaodienmau.net\/trumtheme\/wp-json\/wp\/v2\/product\/4827"}],"collection":[{"href":"https:\/\/khogiaodienmau.net\/trumtheme\/wp-json\/wp\/v2\/product"}],"about":[{"href":"https:\/\/khogiaodienmau.net\/trumtheme\/wp-json\/wp\/v2\/types\/product"}],"replies":[{"embeddable":true,"href":"https:\/\/khogiaodienmau.net\/trumtheme\/wp-json\/wp\/v2\/comments?post=4827"}],"wp:featuredmedia":[{"embeddable":true,"href":"https:\/\/khogiaodienmau.net\/trumtheme\/wp-json\/wp\/v2\/media\/4828"}],"wp:attachment":[{"href":"https:\/\/khogiaodienmau.net\/trumtheme\/wp-json\/wp\/v2\/media?parent=4827"}],"wp:term":[{"taxonomy":"product_brand","embeddable":true,"href":"https:\/\/khogiaodienmau.net\/trumtheme\/wp-json\/wp\/v2\/product_brand?post=4827"},{"taxonomy":"product_cat","embeddable":true,"href":"https:\/\/khogiaodienmau.net\/trumtheme\/wp-json\/wp\/v2\/product_cat?post=4827"},{"taxonomy":"product_tag","embeddable":true,"href":"https:\/\/khogiaodienmau.net\/trumtheme\/wp-json\/wp\/v2\/product_tag?post=4827"}],"curies":[{"name":"wp","href":"https:\/\/api.w.org\/{rel}","templated":true}]}}