{"id":4802,"date":"2023-10-17T17:09:22","date_gmt":"2023-10-17T17:09:22","guid":{"rendered":"https:\/\/khogiaodienmau.net\/trumtheme\/?post_type=product&#038;p=4802"},"modified":"2023-10-17T17:14:13","modified_gmt":"2023-10-17T17:14:13","slug":"theme-wordpress-khoa-hoc-3","status":"publish","type":"product","link":"https:\/\/khogiaodienmau.net\/trumtheme\/themes\/theme-wordpress-khoa-hoc-3\/","title":{"rendered":"Theme WordPress Kh\u00f3a H\u1ecdc 3"},"content":{"rendered":"","protected":false},"excerpt":{"rendered":"<p>Theme WordPress Kh\u00f3a H\u1ecdc 3 l\u00e0 s\u1ef1 k\u1ebft h\u1ee3p ho\u00e0n h\u1ea3o gi\u1eefa thi\u1ebft k\u1ebf \u0111\u1eb9p v\u00e0 t\u00ednh n\u0103ng m\u1ea1nh m\u1ebd, gi\u00fap b\u1ea1n x\u00e2y d\u1ef1ng m\u1ed9t n\u1ec1n t\u1ea3ng gi\u00e1o d\u1ee5c tr\u1ef1c tuy\u1ebfn \u0111\u00e1ng tin c\u1eady.<\/p>\n","protected":false},"featured_media":4803,"comment_status":"open","ping_status":"closed","template":"","meta":[],"product_brand":[],"product_cat":[15,50],"product_tag":[],"class_list":{"0":"post-4802","1":"product","2":"type-product","3":"status-publish","4":"has-post-thumbnail","6":"product_cat-theme-wordpress-ban-khoa-hoc","7":"product_cat-theme-wordpress-gioi-thieu-cong-ty","9":"first","10":"instock","11":"sale","12":"downloadable","13":"shipping-taxable","14":"purchasable","15":"product-type-simple"},"acf":[],"_links":{"self":[{"href":"https:\/\/khogiaodienmau.net\/trumtheme\/wp-json\/wp\/v2\/product\/4802"}],"collection":[{"href":"https:\/\/khogiaodienmau.net\/trumtheme\/wp-json\/wp\/v2\/product"}],"about":[{"href":"https:\/\/khogiaodienmau.net\/trumtheme\/wp-json\/wp\/v2\/types\/product"}],"replies":[{"embeddable":true,"href":"https:\/\/khogiaodienmau.net\/trumtheme\/wp-json\/wp\/v2\/comments?post=4802"}],"wp:featuredmedia":[{"embeddable":true,"href":"https:\/\/khogiaodienmau.net\/trumtheme\/wp-json\/wp\/v2\/media\/4803"}],"wp:attachment":[{"href":"https:\/\/khogiaodienmau.net\/trumtheme\/wp-json\/wp\/v2\/media?parent=4802"}],"wp:term":[{"taxonomy":"product_brand","embeddable":true,"href":"https:\/\/khogiaodienmau.net\/trumtheme\/wp-json\/wp\/v2\/product_brand?post=4802"},{"taxonomy":"product_cat","embeddable":true,"href":"https:\/\/khogiaodienmau.net\/trumtheme\/wp-json\/wp\/v2\/product_cat?post=4802"},{"taxonomy":"product_tag","embeddable":true,"href":"https:\/\/khogiaodienmau.net\/trumtheme\/wp-json\/wp\/v2\/product_tag?post=4802"}],"curies":[{"name":"wp","href":"https:\/\/api.w.org\/{rel}","templated":true}]}}