{"id":4798,"date":"2023-10-17T16:54:12","date_gmt":"2023-10-17T16:54:12","guid":{"rendered":"https:\/\/khogiaodienmau.net\/trumtheme\/?post_type=product&#038;p=4798"},"modified":"2023-10-17T16:55:32","modified_gmt":"2023-10-17T16:55:32","slug":"theme-wordpress-phong-gym-2","status":"publish","type":"product","link":"https:\/\/khogiaodienmau.net\/trumtheme\/themes\/theme-wordpress-phong-gym-2\/","title":{"rendered":"Theme WordPress Ph\u00f2ng Gym 2"},"content":{"rendered":"","protected":false},"excerpt":{"rendered":"<p>Theme WordPress Ph\u00f2ng Gym 2 l\u00e0 m\u1ed9t c\u00f4ng c\u1ee5 m\u1ea1nh m\u1ebd gi\u00fap b\u1ea1n x\u00e2y d\u1ef1ng trang web ph\u00f2ng t\u1eadp th\u1ec3 d\u1ee5c chuy\u00ean nghi\u1ec7p v\u00e0 thu h\u00fat kh\u00e1ch h\u00e0ng. \u0110\u01b0\u1ee3c t\u1ea1o ra \u0111\u1ec3 \u0111\u00e1p \u1ee9ng c\u00e1c y\u00eau c\u1ea7u \u0111\u1eb7c bi\u1ec7t c\u1ee7a ng\u00e0nh th\u1ec3 h\u00ecnh, theme n\u00e0y k\u1ebft h\u1ee3p t\u00ednh th\u1ea9m m\u1ef9 v\u00e0 hi\u1ec7u su\u1ea5t \u0111\u1ec3 gi\u00fap b\u1ea1n n\u1ed5i b\u1eadt trong th\u1ecb tr\u01b0\u1eddng c\u1ea1nh tranh.<\/p>\n","protected":false},"featured_media":4799,"comment_status":"open","ping_status":"closed","template":"","meta":[],"product_brand":[],"product_cat":[57,50],"product_tag":[],"class_list":{"0":"post-4798","1":"product","2":"type-product","3":"status-publish","4":"has-post-thumbnail","6":"product_cat-theme-wordpress-dich-vu","7":"product_cat-theme-wordpress-gioi-thieu-cong-ty","9":"first","10":"instock","11":"sale","12":"downloadable","13":"shipping-taxable","14":"purchasable","15":"product-type-simple"},"acf":[],"_links":{"self":[{"href":"https:\/\/khogiaodienmau.net\/trumtheme\/wp-json\/wp\/v2\/product\/4798"}],"collection":[{"href":"https:\/\/khogiaodienmau.net\/trumtheme\/wp-json\/wp\/v2\/product"}],"about":[{"href":"https:\/\/khogiaodienmau.net\/trumtheme\/wp-json\/wp\/v2\/types\/product"}],"replies":[{"embeddable":true,"href":"https:\/\/khogiaodienmau.net\/trumtheme\/wp-json\/wp\/v2\/comments?post=4798"}],"wp:featuredmedia":[{"embeddable":true,"href":"https:\/\/khogiaodienmau.net\/trumtheme\/wp-json\/wp\/v2\/media\/4799"}],"wp:attachment":[{"href":"https:\/\/khogiaodienmau.net\/trumtheme\/wp-json\/wp\/v2\/media?parent=4798"}],"wp:term":[{"taxonomy":"product_brand","embeddable":true,"href":"https:\/\/khogiaodienmau.net\/trumtheme\/wp-json\/wp\/v2\/product_brand?post=4798"},{"taxonomy":"product_cat","embeddable":true,"href":"https:\/\/khogiaodienmau.net\/trumtheme\/wp-json\/wp\/v2\/product_cat?post=4798"},{"taxonomy":"product_tag","embeddable":true,"href":"https:\/\/khogiaodienmau.net\/trumtheme\/wp-json\/wp\/v2\/product_tag?post=4798"}],"curies":[{"name":"wp","href":"https:\/\/api.w.org\/{rel}","templated":true}]}}