{"id":4793,"date":"2023-10-17T12:41:53","date_gmt":"2023-10-17T12:41:53","guid":{"rendered":"https:\/\/khogiaodienmau.net\/trumtheme\/?post_type=product&#038;p=4793"},"modified":"2023-10-17T13:17:30","modified_gmt":"2023-10-17T13:17:30","slug":"theme-wordpress-dich-vu-lam-giay-phep","status":"publish","type":"product","link":"https:\/\/khogiaodienmau.net\/trumtheme\/themes\/theme-wordpress-dich-vu-lam-giay-phep\/","title":{"rendered":"Theme wordpress d\u1ecbch v\u1ee5 l\u00e0m gi\u1ea5y ph\u00e9p"},"content":{"rendered":"","protected":false},"excerpt":{"rendered":"<p>Theme wordpress d\u1ecbch v\u1ee5 l\u00e0m gi\u1ea5y ph\u00e9p l\u00e0 s\u1ef1 l\u1ef1a ch\u1ecdn t\u1ed1t \u0111\u1ec3 x\u00e2y d\u1ef1ng trang web cho c\u00e1c c\u00f4ng ty, h\u00e3ng d\u1ecbch v\u1ee5, ho\u1eb7c c\u01a1 quan chuy\u00ean v\u1ec1 vi\u1ec7c l\u00e0m gi\u1ea5y ph\u00e9p v\u00e0 gi\u1ea5y t\u1edd quan tr\u1ecdng kh\u00e1c, gi\u00fap h\u1ecd n\u1eafm b\u1eaft m\u1ed9t ph\u1ea7n tr\u1ef1c tuy\u1ebfn c\u1ee7a th\u1ecb tr\u01b0\u1eddng m\u1ee5c ti\u00eau v\u00e0 cung c\u1ea5p d\u1ecbch v\u1ee5 m\u1ed9t c\u00e1ch hi\u1ec7u qu\u1ea3.<\/p>\n","protected":false},"featured_media":4794,"comment_status":"open","ping_status":"closed","template":"","meta":[],"product_brand":[],"product_cat":[46,38,57,50],"product_tag":[],"class_list":{"0":"post-4793","1":"product","2":"type-product","3":"status-publish","4":"has-post-thumbnail","6":"product_cat-theme-hot","7":"product_cat-theme-wordpress-cong-ty-marketing","8":"product_cat-theme-wordpress-dich-vu","9":"product_cat-theme-wordpress-gioi-thieu-cong-ty","11":"first","12":"instock","13":"sale","14":"downloadable","15":"shipping-taxable","16":"purchasable","17":"product-type-simple"},"acf":[],"_links":{"self":[{"href":"https:\/\/khogiaodienmau.net\/trumtheme\/wp-json\/wp\/v2\/product\/4793"}],"collection":[{"href":"https:\/\/khogiaodienmau.net\/trumtheme\/wp-json\/wp\/v2\/product"}],"about":[{"href":"https:\/\/khogiaodienmau.net\/trumtheme\/wp-json\/wp\/v2\/types\/product"}],"replies":[{"embeddable":true,"href":"https:\/\/khogiaodienmau.net\/trumtheme\/wp-json\/wp\/v2\/comments?post=4793"}],"wp:featuredmedia":[{"embeddable":true,"href":"https:\/\/khogiaodienmau.net\/trumtheme\/wp-json\/wp\/v2\/media\/4794"}],"wp:attachment":[{"href":"https:\/\/khogiaodienmau.net\/trumtheme\/wp-json\/wp\/v2\/media?parent=4793"}],"wp:term":[{"taxonomy":"product_brand","embeddable":true,"href":"https:\/\/khogiaodienmau.net\/trumtheme\/wp-json\/wp\/v2\/product_brand?post=4793"},{"taxonomy":"product_cat","embeddable":true,"href":"https:\/\/khogiaodienmau.net\/trumtheme\/wp-json\/wp\/v2\/product_cat?post=4793"},{"taxonomy":"product_tag","embeddable":true,"href":"https:\/\/khogiaodienmau.net\/trumtheme\/wp-json\/wp\/v2\/product_tag?post=4793"}],"curies":[{"name":"wp","href":"https:\/\/api.w.org\/{rel}","templated":true}]}}