{"id":4770,"date":"2023-10-10T17:19:35","date_gmt":"2023-10-10T17:19:35","guid":{"rendered":"https:\/\/khogiaodienmau.net\/trumtheme\/?post_type=product&#038;p=4770"},"modified":"2023-10-10T17:30:50","modified_gmt":"2023-10-10T17:30:50","slug":"theme-wordpress-web-ban-theme-khotheme","status":"publish","type":"product","link":"https:\/\/khogiaodienmau.net\/trumtheme\/themes\/theme-wordpress-web-ban-theme-khotheme\/","title":{"rendered":"Theme wordpress web b\u00e1n theme muatheme"},"content":{"rendered":"","protected":false},"excerpt":{"rendered":"<p>Theme WordPress Web B\u00e1n Theme WordPress l\u00e0 m\u1ed9t c\u00f4ng c\u1ee5 m\u1ea1nh m\u1ebd \u0111\u1ec3 b\u1ea1n kh\u1edfi \u0111\u1ea7u kinh doanh tr\u1ef1c tuy\u1ebfn c\u1ee7a m\u00ecnh ho\u1eb7c m\u1edf r\u1ed9ng doanh nghi\u1ec7p hi\u1ec7n t\u1ea1i. N\u00f3 k\u1ebft h\u1ee3p t\u00ednh n\u0103ng linh ho\u1ea1t v\u1edbi t\u00ednh n\u0103ng qu\u1ea3n l\u00fd s\u1ea3n ph\u1ea9m v\u00e0 thanh to\u00e1n, gi\u00fap b\u1ea1n t\u1ea1o ra m\u1ed9t trang web th\u01b0\u01a1ng m\u1ea1i \u0111i\u1ec7n t\u1eed ho\u00e0n ch\u1ec9nh m\u1ed9t c\u00e1ch d\u1ec5 d\u00e0ng.<\/p>\n","protected":false},"featured_media":4771,"comment_status":"open","ping_status":"closed","template":"","meta":[],"product_brand":[],"product_cat":[46,26,38,57],"product_tag":[],"class_list":{"0":"post-4770","1":"product","2":"type-product","3":"status-publish","4":"has-post-thumbnail","6":"product_cat-theme-hot","7":"product_cat-theme-wordpress-ban-hang","8":"product_cat-theme-wordpress-cong-ty-marketing","9":"product_cat-theme-wordpress-dich-vu","11":"first","12":"instock","13":"sale","14":"downloadable","15":"shipping-taxable","16":"purchasable","17":"product-type-simple"},"acf":[],"_links":{"self":[{"href":"https:\/\/khogiaodienmau.net\/trumtheme\/wp-json\/wp\/v2\/product\/4770"}],"collection":[{"href":"https:\/\/khogiaodienmau.net\/trumtheme\/wp-json\/wp\/v2\/product"}],"about":[{"href":"https:\/\/khogiaodienmau.net\/trumtheme\/wp-json\/wp\/v2\/types\/product"}],"replies":[{"embeddable":true,"href":"https:\/\/khogiaodienmau.net\/trumtheme\/wp-json\/wp\/v2\/comments?post=4770"}],"wp:featuredmedia":[{"embeddable":true,"href":"https:\/\/khogiaodienmau.net\/trumtheme\/wp-json\/wp\/v2\/media\/4771"}],"wp:attachment":[{"href":"https:\/\/khogiaodienmau.net\/trumtheme\/wp-json\/wp\/v2\/media?parent=4770"}],"wp:term":[{"taxonomy":"product_brand","embeddable":true,"href":"https:\/\/khogiaodienmau.net\/trumtheme\/wp-json\/wp\/v2\/product_brand?post=4770"},{"taxonomy":"product_cat","embeddable":true,"href":"https:\/\/khogiaodienmau.net\/trumtheme\/wp-json\/wp\/v2\/product_cat?post=4770"},{"taxonomy":"product_tag","embeddable":true,"href":"https:\/\/khogiaodienmau.net\/trumtheme\/wp-json\/wp\/v2\/product_tag?post=4770"}],"curies":[{"name":"wp","href":"https:\/\/api.w.org\/{rel}","templated":true}]}}