{"id":4732,"date":"2023-10-01T14:57:35","date_gmt":"2023-10-01T14:57:35","guid":{"rendered":"https:\/\/khogiaodienmau.net\/trumtheme\/?post_type=product&#038;p=4732"},"modified":"2023-10-01T14:57:35","modified_gmt":"2023-10-01T14:57:35","slug":"theme-wordpress-dich-vu-cho-thue-xe-dap","status":"publish","type":"product","link":"https:\/\/khogiaodienmau.net\/trumtheme\/themes\/theme-wordpress-dich-vu-cho-thue-xe-dap\/","title":{"rendered":"Theme wordpress d\u1ecbch v\u1ee5 cho thu\u00ea xe \u0111\u1ea1p"},"content":{"rendered":"","protected":false},"excerpt":{"rendered":"<p>Theme WordPress D\u1ecbch v\u1ee5 Cho Thu\u00ea Xe \u0110\u1ea1p l\u00e0 l\u1ef1a ch\u1ecdn t\u1ed1t \u0111\u1ec3 b\u1eaft \u0111\u1ea7u x\u00e2y d\u1ef1ng trang web c\u1ee7a b\u1ea1n m\u1ed9t c\u00e1ch nhanh ch\u00f3ng v\u00e0 d\u1ec5 d\u00e0ng. \u0110\u1eebng \u0111\u1ec3 trang web c\u1ee7a b\u1ea1n tr\u1edf n\u00ean c\u0169 k\u1ef9 v\u00e0 kh\u00f3 s\u1eed d\u1ee5ng &#8211; h\u00e3y \u0111\u1ea7u t\u01b0 v\u00e0o ch\u1ee7 \u0111\u1ec1 n\u00e0y v\u00e0 t\u1ea1o m\u1ed9t tr\u1ea3i nghi\u1ec7m t\u1ed1t cho kh\u00e1ch h\u00e0ng c\u1ee7a b\u1ea1n.<\/p>\n","protected":false},"featured_media":4734,"comment_status":"open","ping_status":"closed","template":"","meta":[],"product_brand":[],"product_cat":[46,45,57,50],"product_tag":[],"class_list":{"0":"post-4732","1":"product","2":"type-product","3":"status-publish","4":"has-post-thumbnail","6":"product_cat-theme-hot","7":"product_cat-theme-wordpress-cho-thue-xe-taxi","8":"product_cat-theme-wordpress-dich-vu","9":"product_cat-theme-wordpress-gioi-thieu-cong-ty","11":"first","12":"instock","13":"sale","14":"downloadable","15":"shipping-taxable","16":"purchasable","17":"product-type-simple"},"acf":[],"_links":{"self":[{"href":"https:\/\/khogiaodienmau.net\/trumtheme\/wp-json\/wp\/v2\/product\/4732"}],"collection":[{"href":"https:\/\/khogiaodienmau.net\/trumtheme\/wp-json\/wp\/v2\/product"}],"about":[{"href":"https:\/\/khogiaodienmau.net\/trumtheme\/wp-json\/wp\/v2\/types\/product"}],"replies":[{"embeddable":true,"href":"https:\/\/khogiaodienmau.net\/trumtheme\/wp-json\/wp\/v2\/comments?post=4732"}],"wp:featuredmedia":[{"embeddable":true,"href":"https:\/\/khogiaodienmau.net\/trumtheme\/wp-json\/wp\/v2\/media\/4734"}],"wp:attachment":[{"href":"https:\/\/khogiaodienmau.net\/trumtheme\/wp-json\/wp\/v2\/media?parent=4732"}],"wp:term":[{"taxonomy":"product_brand","embeddable":true,"href":"https:\/\/khogiaodienmau.net\/trumtheme\/wp-json\/wp\/v2\/product_brand?post=4732"},{"taxonomy":"product_cat","embeddable":true,"href":"https:\/\/khogiaodienmau.net\/trumtheme\/wp-json\/wp\/v2\/product_cat?post=4732"},{"taxonomy":"product_tag","embeddable":true,"href":"https:\/\/khogiaodienmau.net\/trumtheme\/wp-json\/wp\/v2\/product_tag?post=4732"}],"curies":[{"name":"wp","href":"https:\/\/api.w.org\/{rel}","templated":true}]}}