{"id":4728,"date":"2023-10-01T13:55:08","date_gmt":"2023-10-01T13:55:08","guid":{"rendered":"https:\/\/khogiaodienmau.net\/trumtheme\/?post_type=product&#038;p=4728"},"modified":"2023-10-01T13:58:51","modified_gmt":"2023-10-01T13:58:51","slug":"theme-wordpress-nha-khoa-1","status":"publish","type":"product","link":"https:\/\/khogiaodienmau.net\/trumtheme\/themes\/theme-wordpress-nha-khoa-1\/","title":{"rendered":"Theme wordpress nha khoa 1"},"content":{"rendered":"","protected":false},"excerpt":{"rendered":"<p>Theme wordpress gi\u1edbi thi\u1ec7u c\u00f4ng ty nha khoa 1 l\u00e0 m\u1ed9t l\u1ef1a ch\u1ecdn tuy\u1ec7t v\u1eddi cho c\u00e1c c\u00f4ng ty nha khoa, ph\u00f2ng kh\u00e1m nha khoa ho\u1eb7c c\u00e1c t\u1ed5 ch\u1ee9c li\u00ean quan \u0111\u1ebfn l\u0129nh v\u1ef1c ch\u0103m s\u00f3c r\u0103ng mi\u1ec7ng. V\u1edbi thi\u1ebft k\u1ebf \u0111\u1eb9p m\u1eaft, t\u00ednh n\u0103ng \u0111a d\u1ea1ng v\u00e0 giao di\u1ec7n th\u00e2n thi\u1ec7n, theme n\u00e0y mang \u0111\u1ebfn trang web chuy\u00ean nghi\u1ec7p v\u00e0 thu h\u00fat kh\u00e1ch h\u00e0ng.<\/p>\n","protected":false},"featured_media":4729,"comment_status":"open","ping_status":"closed","template":"","meta":[],"product_brand":[],"product_cat":[46,53,57,50,100,51],"product_tag":[115,116,117],"class_list":{"0":"post-4728","1":"product","2":"type-product","3":"status-publish","4":"has-post-thumbnail","6":"product_cat-theme-hot","7":"product_cat-theme-word-press-y-te-suc-khoe","8":"product_cat-theme-wordpress-dich-vu","9":"product_cat-theme-wordpress-gioi-thieu-cong-ty","10":"product_cat-theme-wordpress-phong-kham","11":"product_cat-theme-wordpress-y-te","12":"product_tag-nha-khoa","13":"product_tag-phong-rang","14":"product_tag-y-e","16":"first","17":"instock","18":"sale","19":"downloadable","20":"shipping-taxable","21":"purchasable","22":"product-type-simple"},"acf":[],"_links":{"self":[{"href":"https:\/\/khogiaodienmau.net\/trumtheme\/wp-json\/wp\/v2\/product\/4728"}],"collection":[{"href":"https:\/\/khogiaodienmau.net\/trumtheme\/wp-json\/wp\/v2\/product"}],"about":[{"href":"https:\/\/khogiaodienmau.net\/trumtheme\/wp-json\/wp\/v2\/types\/product"}],"replies":[{"embeddable":true,"href":"https:\/\/khogiaodienmau.net\/trumtheme\/wp-json\/wp\/v2\/comments?post=4728"}],"wp:featuredmedia":[{"embeddable":true,"href":"https:\/\/khogiaodienmau.net\/trumtheme\/wp-json\/wp\/v2\/media\/4729"}],"wp:attachment":[{"href":"https:\/\/khogiaodienmau.net\/trumtheme\/wp-json\/wp\/v2\/media?parent=4728"}],"wp:term":[{"taxonomy":"product_brand","embeddable":true,"href":"https:\/\/khogiaodienmau.net\/trumtheme\/wp-json\/wp\/v2\/product_brand?post=4728"},{"taxonomy":"product_cat","embeddable":true,"href":"https:\/\/khogiaodienmau.net\/trumtheme\/wp-json\/wp\/v2\/product_cat?post=4728"},{"taxonomy":"product_tag","embeddable":true,"href":"https:\/\/khogiaodienmau.net\/trumtheme\/wp-json\/wp\/v2\/product_tag?post=4728"}],"curies":[{"name":"wp","href":"https:\/\/api.w.org\/{rel}","templated":true}]}}