{"id":4723,"date":"2023-10-01T12:55:06","date_gmt":"2023-10-01T12:55:06","guid":{"rendered":"https:\/\/khogiaodienmau.net\/trumtheme\/?post_type=product&#038;p=4723"},"modified":"2023-10-01T12:55:06","modified_gmt":"2023-10-01T12:55:06","slug":"theme-wordpress-cong-ty-son-sua-cai-tao-nha-cua","status":"publish","type":"product","link":"https:\/\/khogiaodienmau.net\/trumtheme\/themes\/theme-wordpress-cong-ty-son-sua-cai-tao-nha-cua\/","title":{"rendered":"Theme wordpress c\u00f4ng ty s\u01a1n s\u1eeda c\u1ea3i t\u1ea1o nh\u00e0 c\u1eeda"},"content":{"rendered":"","protected":false},"excerpt":{"rendered":"<p>Theme WordPress C\u00f4ng Ty S\u01a1n S\u1eeda C\u1ea3i T\u1ea1o Nh\u00e0 C\u1eeda l\u00e0 s\u1ef1 k\u1ebft h\u1ee3p ho\u00e0n h\u1ea3o gi\u1eefa t\u00ednh th\u1ea9m m\u1ef9 v\u00e0 t\u00ednh n\u0103ng, gi\u00fap b\u1ea1n t\u1ea1o ra m\u1ed9t trang web \u1ea5n t\u01b0\u1ee3ng \u0111\u1ec3 th\u00fac \u0111\u1ea9y kinh doanh c\u1ee7a b\u1ea1n.<\/p>\n","protected":false},"featured_media":4724,"comment_status":"open","ping_status":"closed","template":"","meta":[],"product_brand":[],"product_cat":[54,50,33],"product_tag":[],"class_list":{"0":"post-4723","1":"product","2":"type-product","3":"status-publish","4":"has-post-thumbnail","6":"product_cat-theme-wordpress-dien-nuoc","7":"product_cat-theme-wordpress-gioi-thieu-cong-ty","8":"product_cat-theme-wordpress-xay-dung","10":"first","11":"instock","12":"sale","13":"downloadable","14":"shipping-taxable","15":"purchasable","16":"product-type-simple"},"acf":[],"_links":{"self":[{"href":"https:\/\/khogiaodienmau.net\/trumtheme\/wp-json\/wp\/v2\/product\/4723"}],"collection":[{"href":"https:\/\/khogiaodienmau.net\/trumtheme\/wp-json\/wp\/v2\/product"}],"about":[{"href":"https:\/\/khogiaodienmau.net\/trumtheme\/wp-json\/wp\/v2\/types\/product"}],"replies":[{"embeddable":true,"href":"https:\/\/khogiaodienmau.net\/trumtheme\/wp-json\/wp\/v2\/comments?post=4723"}],"wp:featuredmedia":[{"embeddable":true,"href":"https:\/\/khogiaodienmau.net\/trumtheme\/wp-json\/wp\/v2\/media\/4724"}],"wp:attachment":[{"href":"https:\/\/khogiaodienmau.net\/trumtheme\/wp-json\/wp\/v2\/media?parent=4723"}],"wp:term":[{"taxonomy":"product_brand","embeddable":true,"href":"https:\/\/khogiaodienmau.net\/trumtheme\/wp-json\/wp\/v2\/product_brand?post=4723"},{"taxonomy":"product_cat","embeddable":true,"href":"https:\/\/khogiaodienmau.net\/trumtheme\/wp-json\/wp\/v2\/product_cat?post=4723"},{"taxonomy":"product_tag","embeddable":true,"href":"https:\/\/khogiaodienmau.net\/trumtheme\/wp-json\/wp\/v2\/product_tag?post=4723"}],"curies":[{"name":"wp","href":"https:\/\/api.w.org\/{rel}","templated":true}]}}