{"id":4701,"date":"2023-09-27T14:30:45","date_gmt":"2023-09-27T14:30:45","guid":{"rendered":"https:\/\/khogiaodienmau.net\/trumtheme\/?post_type=product&#038;p=4701"},"modified":"2023-11-18T05:14:08","modified_gmt":"2023-11-18T05:14:08","slug":"theme-wordpress-cong-ty-cay-xanh-do-thi","status":"publish","type":"product","link":"https:\/\/khogiaodienmau.net\/trumtheme\/themes\/theme-wordpress-cong-ty-cay-xanh-do-thi\/","title":{"rendered":"Theme wordpress c\u00f4ng ty c\u00e2y xanh \u0111\u00f4 th\u1ecb"},"content":{"rendered":"","protected":false},"excerpt":{"rendered":"<p>Theme WordPress &#8220;C\u00f4ng Ty C\u00e2y Xanh \u0110\u00f4 Th\u1ecb&#8221; mang \u0111\u1ebfn cho b\u1ea1n m\u1ed9t c\u01a1 h\u1ed9i tuy\u1ec7t v\u1eddi \u0111\u1ec3 truy\u1ec1n t\u1ea3i th\u00f4ng \u0111i\u1ec7p v\u1ec1 s\u1ef1 cam k\u1ebft c\u1ee7a b\u1ea1n \u0111\u1ed1i v\u1edbi c\u00e2y xanh \u0111\u00f4 th\u1ecb v\u00e0 thi\u1ebft k\u1ebf c\u1ea3nh quan s\u00e1ng t\u1ea1o trong m\u00f4i tr\u01b0\u1eddng \u0111\u00f4 th\u1ecb ng\u00e0y nay. N\u00f3 gi\u00fap b\u1ea1n x\u00e2y d\u1ef1ng trang web chuy\u00ean nghi\u1ec7p v\u00e0 \u1ea5n t\u01b0\u1ee3ng \u0111\u1ec3 thu h\u00fat kh\u00e1ch h\u00e0ng v\u00e0 c\u1ed9ng \u0111\u1ed3ng quan t\u00e2m \u0111\u1ebfn m\u00f4i tr\u01b0\u1eddng \u0111\u00f4 th\u1ecb b\u1ec1n v\u1eefng.<\/p>\n","protected":false},"featured_media":4702,"comment_status":"open","ping_status":"closed","template":"","meta":[],"product_brand":[],"product_cat":[59,57,50],"product_tag":[],"class_list":{"0":"post-4701","1":"product","2":"type-product","3":"status-publish","4":"has-post-thumbnail","6":"product_cat-theme-wordprerss-dich-vu-ve-sinh","7":"product_cat-theme-wordpress-dich-vu","8":"product_cat-theme-wordpress-gioi-thieu-cong-ty","10":"first","11":"instock","12":"sale","13":"downloadable","14":"shipping-taxable","15":"purchasable","16":"product-type-simple"},"acf":[],"_links":{"self":[{"href":"https:\/\/khogiaodienmau.net\/trumtheme\/wp-json\/wp\/v2\/product\/4701"}],"collection":[{"href":"https:\/\/khogiaodienmau.net\/trumtheme\/wp-json\/wp\/v2\/product"}],"about":[{"href":"https:\/\/khogiaodienmau.net\/trumtheme\/wp-json\/wp\/v2\/types\/product"}],"replies":[{"embeddable":true,"href":"https:\/\/khogiaodienmau.net\/trumtheme\/wp-json\/wp\/v2\/comments?post=4701"}],"wp:featuredmedia":[{"embeddable":true,"href":"https:\/\/khogiaodienmau.net\/trumtheme\/wp-json\/wp\/v2\/media\/4702"}],"wp:attachment":[{"href":"https:\/\/khogiaodienmau.net\/trumtheme\/wp-json\/wp\/v2\/media?parent=4701"}],"wp:term":[{"taxonomy":"product_brand","embeddable":true,"href":"https:\/\/khogiaodienmau.net\/trumtheme\/wp-json\/wp\/v2\/product_brand?post=4701"},{"taxonomy":"product_cat","embeddable":true,"href":"https:\/\/khogiaodienmau.net\/trumtheme\/wp-json\/wp\/v2\/product_cat?post=4701"},{"taxonomy":"product_tag","embeddable":true,"href":"https:\/\/khogiaodienmau.net\/trumtheme\/wp-json\/wp\/v2\/product_tag?post=4701"}],"curies":[{"name":"wp","href":"https:\/\/api.w.org\/{rel}","templated":true}]}}