{"id":4695,"date":"2023-09-27T05:33:39","date_gmt":"2023-09-27T05:33:39","guid":{"rendered":"https:\/\/khogiaodienmau.net\/trumtheme\/?post_type=product&#038;p=4695"},"modified":"2023-09-27T05:40:46","modified_gmt":"2023-09-27T05:40:46","slug":"theme-wordpress-thoi-trang-16-chuan-dep","status":"publish","type":"product","link":"https:\/\/khogiaodienmau.net\/trumtheme\/themes\/theme-wordpress-thoi-trang-16-chuan-dep\/","title":{"rendered":"Theme wordpress th\u1eddi trang 16 chu\u1ea9n \u0111\u1eb9p"},"content":{"rendered":"","protected":false},"excerpt":{"rendered":"<p>Theme wordpress th\u1eddi trang 16 ch\u1ea5t l\u01b0\u1ee3ng l\u00e0 m\u1ed9t ph\u1ea7n quan tr\u1ecdng trong vi\u1ec7c x\u00e2y d\u1ef1ng v\u00e0 qu\u1ea3n l\u00fd trang web c\u1ee7a b\u1ea1n. H\u00e3y l\u1ef1a ch\u1ecdn m\u1ed9t ch\u1ee7 \u0111\u1ec1 ph\u00f9 h\u1ee3p v\u1edbi m\u1ee5c ti\u00eau kinh doanh c\u1ee7a b\u1ea1n v\u00e0 \u0111\u1ea3m b\u1ea3o n\u00f3 \u0111\u00e1p \u1ee9ng t\u1ea5t c\u1ea3 c\u00e1c y\u00eau c\u1ea7u thi\u1ebft y\u1ebfu \u0111\u1ec3 t\u1ea1o ra m\u1ed9t trang web \u1ea5n t\u01b0\u1ee3ng v\u00e0 th\u00e0nh c\u00f4ng.<\/p>\n","protected":false},"featured_media":4696,"comment_status":"open","ping_status":"closed","template":"","meta":[],"product_brand":[],"product_cat":[46,26,50,35],"product_tag":[],"class_list":{"0":"post-4695","1":"product","2":"type-product","3":"status-publish","4":"has-post-thumbnail","6":"product_cat-theme-hot","7":"product_cat-theme-wordpress-ban-hang","8":"product_cat-theme-wordpress-gioi-thieu-cong-ty","9":"product_cat-theme-wordpress-thoi-trang","11":"first","12":"instock","13":"sale","14":"downloadable","15":"shipping-taxable","16":"purchasable","17":"product-type-simple"},"acf":[],"_links":{"self":[{"href":"https:\/\/khogiaodienmau.net\/trumtheme\/wp-json\/wp\/v2\/product\/4695"}],"collection":[{"href":"https:\/\/khogiaodienmau.net\/trumtheme\/wp-json\/wp\/v2\/product"}],"about":[{"href":"https:\/\/khogiaodienmau.net\/trumtheme\/wp-json\/wp\/v2\/types\/product"}],"replies":[{"embeddable":true,"href":"https:\/\/khogiaodienmau.net\/trumtheme\/wp-json\/wp\/v2\/comments?post=4695"}],"wp:featuredmedia":[{"embeddable":true,"href":"https:\/\/khogiaodienmau.net\/trumtheme\/wp-json\/wp\/v2\/media\/4696"}],"wp:attachment":[{"href":"https:\/\/khogiaodienmau.net\/trumtheme\/wp-json\/wp\/v2\/media?parent=4695"}],"wp:term":[{"taxonomy":"product_brand","embeddable":true,"href":"https:\/\/khogiaodienmau.net\/trumtheme\/wp-json\/wp\/v2\/product_brand?post=4695"},{"taxonomy":"product_cat","embeddable":true,"href":"https:\/\/khogiaodienmau.net\/trumtheme\/wp-json\/wp\/v2\/product_cat?post=4695"},{"taxonomy":"product_tag","embeddable":true,"href":"https:\/\/khogiaodienmau.net\/trumtheme\/wp-json\/wp\/v2\/product_tag?post=4695"}],"curies":[{"name":"wp","href":"https:\/\/api.w.org\/{rel}","templated":true}]}}