{"id":4672,"date":"2023-09-28T01:24:17","date_gmt":"2023-09-28T01:24:17","guid":{"rendered":"https:\/\/khogiaodienmau.net\/trumtheme\/?post_type=product&#038;p=4672"},"modified":"2023-10-28T02:48:05","modified_gmt":"2023-10-28T02:48:05","slug":"theme-wordpress-may-tinh-10-giong-ngocnguyen-vn","status":"publish","type":"product","link":"https:\/\/khogiaodienmau.net\/trumtheme\/themes\/theme-wordpress-may-tinh-10-giong-ngocnguyen-vn\/","title":{"rendered":"Theme wordpress m\u00e1y t\u00ednh 10 gi\u1ed1ng ngocnguyen.vn"},"content":{"rendered":"","protected":false},"excerpt":{"rendered":"<p>Theme wordpress M\u00e1y T\u00ednh 10 \u0111\u01b0\u1ee3c thi\u1ebft k\u1ebf v\u1edbi m\u1ee5c ti\u00eau mang \u0111\u1ebfn tr\u1ea3i nghi\u1ec7m mua s\u1eafm \u0111\u1eb3ng c\u1ea5p cho kh\u00e1ch h\u00e0ng c\u1ee7a b\u1ea1n. V\u1edbi giao di\u1ec7n th\u00e2n thi\u1ec7n v\u00e0 d\u1ec5 s\u1eed d\u1ee5ng,<\/p>\n","protected":false},"featured_media":4673,"comment_status":"open","ping_status":"closed","template":"","meta":[],"product_brand":[],"product_cat":[46,26,27],"product_tag":[],"class_list":{"0":"post-4672","1":"product","2":"type-product","3":"status-publish","4":"has-post-thumbnail","6":"product_cat-theme-hot","7":"product_cat-theme-wordpress-ban-hang","8":"product_cat-theme-wordpress-dien-may","10":"first","11":"instock","12":"sale","13":"downloadable","14":"virtual","15":"purchasable","16":"product-type-simple"},"acf":[],"_links":{"self":[{"href":"https:\/\/khogiaodienmau.net\/trumtheme\/wp-json\/wp\/v2\/product\/4672"}],"collection":[{"href":"https:\/\/khogiaodienmau.net\/trumtheme\/wp-json\/wp\/v2\/product"}],"about":[{"href":"https:\/\/khogiaodienmau.net\/trumtheme\/wp-json\/wp\/v2\/types\/product"}],"replies":[{"embeddable":true,"href":"https:\/\/khogiaodienmau.net\/trumtheme\/wp-json\/wp\/v2\/comments?post=4672"}],"wp:featuredmedia":[{"embeddable":true,"href":"https:\/\/khogiaodienmau.net\/trumtheme\/wp-json\/wp\/v2\/media\/4673"}],"wp:attachment":[{"href":"https:\/\/khogiaodienmau.net\/trumtheme\/wp-json\/wp\/v2\/media?parent=4672"}],"wp:term":[{"taxonomy":"product_brand","embeddable":true,"href":"https:\/\/khogiaodienmau.net\/trumtheme\/wp-json\/wp\/v2\/product_brand?post=4672"},{"taxonomy":"product_cat","embeddable":true,"href":"https:\/\/khogiaodienmau.net\/trumtheme\/wp-json\/wp\/v2\/product_cat?post=4672"},{"taxonomy":"product_tag","embeddable":true,"href":"https:\/\/khogiaodienmau.net\/trumtheme\/wp-json\/wp\/v2\/product_tag?post=4672"}],"curies":[{"name":"wp","href":"https:\/\/api.w.org\/{rel}","templated":true}]}}