{"id":4587,"date":"2023-09-02T17:01:21","date_gmt":"2023-09-02T17:01:21","guid":{"rendered":"https:\/\/khogiaodienmau.net\/trumtheme\/?post_type=product&#038;p=4587"},"modified":"2023-09-02T17:01:21","modified_gmt":"2023-09-02T17:01:21","slug":"theme-wordpress-resort-nha-hang-khach-san","status":"publish","type":"product","link":"https:\/\/khogiaodienmau.net\/trumtheme\/themes\/theme-wordpress-resort-nha-hang-khach-san\/","title":{"rendered":"Theme wordpress resort nh\u00e0 h\u00e0ng kh\u00e1ch s\u1ea1n"},"content":{"rendered":"","protected":false},"excerpt":{"rendered":"<p>V\u1edbi Theme wordpress resort nh\u00e0 h\u00e0ng kh\u00e1ch s\u1ea1n n\u00e0y, b\u1ea1n c\u00f3 th\u1ec3 t\u1ea1o ra m\u1ed9t trang web chuy\u00ean nghi\u1ec7p v\u00e0 h\u1ea5p d\u1eabn \u0111\u1ec3 gi\u1edbi thi\u1ec7u resort, nh\u00e0 h\u00e0ng ho\u1eb7c kh\u00e1ch s\u1ea1n c\u1ee7a m\u00ecnh \u0111\u1ebfn m\u1ecdi ng\u01b0\u1eddi v\u00e0 thu h\u00fat kh\u00e1ch h\u00e0ng m\u1edbi.<\/p>\n","protected":false},"featured_media":4588,"comment_status":"open","ping_status":"closed","template":"","meta":[],"product_brand":[],"product_cat":[46,50,44,43],"product_tag":[],"class_list":{"0":"post-4587","1":"product","2":"type-product","3":"status-publish","4":"has-post-thumbnail","6":"product_cat-theme-hot","7":"product_cat-theme-wordpress-gioi-thieu-cong-ty","8":"product_cat-theme-wordpress-khach-san","9":"product_cat-theme-wordpress-nha-hang","11":"first","12":"instock","13":"sale","14":"downloadable","15":"shipping-taxable","16":"purchasable","17":"product-type-simple"},"acf":[],"_links":{"self":[{"href":"https:\/\/khogiaodienmau.net\/trumtheme\/wp-json\/wp\/v2\/product\/4587"}],"collection":[{"href":"https:\/\/khogiaodienmau.net\/trumtheme\/wp-json\/wp\/v2\/product"}],"about":[{"href":"https:\/\/khogiaodienmau.net\/trumtheme\/wp-json\/wp\/v2\/types\/product"}],"replies":[{"embeddable":true,"href":"https:\/\/khogiaodienmau.net\/trumtheme\/wp-json\/wp\/v2\/comments?post=4587"}],"wp:featuredmedia":[{"embeddable":true,"href":"https:\/\/khogiaodienmau.net\/trumtheme\/wp-json\/wp\/v2\/media\/4588"}],"wp:attachment":[{"href":"https:\/\/khogiaodienmau.net\/trumtheme\/wp-json\/wp\/v2\/media?parent=4587"}],"wp:term":[{"taxonomy":"product_brand","embeddable":true,"href":"https:\/\/khogiaodienmau.net\/trumtheme\/wp-json\/wp\/v2\/product_brand?post=4587"},{"taxonomy":"product_cat","embeddable":true,"href":"https:\/\/khogiaodienmau.net\/trumtheme\/wp-json\/wp\/v2\/product_cat?post=4587"},{"taxonomy":"product_tag","embeddable":true,"href":"https:\/\/khogiaodienmau.net\/trumtheme\/wp-json\/wp\/v2\/product_tag?post=4587"}],"curies":[{"name":"wp","href":"https:\/\/api.w.org\/{rel}","templated":true}]}}