{"id":4577,"date":"2023-08-30T17:41:57","date_gmt":"2023-08-30T17:41:57","guid":{"rendered":"https:\/\/khogiaodienmau.net\/trumtheme\/?post_type=product&#038;p=4577"},"modified":"2023-08-30T17:46:30","modified_gmt":"2023-08-30T17:46:30","slug":"theme-wordpress-noi-that-39","status":"publish","type":"product","link":"https:\/\/khogiaodienmau.net\/trumtheme\/themes\/theme-wordpress-noi-that-39\/","title":{"rendered":"Theme wordpress n\u1ed9i th\u1ea5t 39"},"content":{"rendered":"","protected":false},"excerpt":{"rendered":"<p><strong>V\u1edbi Theme WordPress N\u1ed9i Th\u1ea5t 39, ch\u00fang t\u00f4i mang \u0111\u1ebfn cho b\u1ea1n s\u1ef1 k\u1ebft h\u1ee3p ho\u00e0n h\u1ea3o gi\u1eefa th\u1ea9m m\u1ef9 v\u00e0 ch\u1ee9c n\u0103ng. B\u1eaft \u0111\u1ea7u x\u00e2y d\u1ef1ng trang web n\u1ed9i th\u1ea5t c\u1ee7a b\u1ea1n ngay h\u00f4m nay v\u00e0 t\u1ea1o ra \u1ea5n t\u01b0\u1ee3ng m\u00e3nh li\u1ec7t v\u1edbi kh\u00e1ch h\u00e0ng v\u00e0 \u0111\u1ed1i th\u1ee7.<\/strong><\/p>\n","protected":false},"featured_media":4578,"comment_status":"open","ping_status":"closed","template":"","meta":[],"product_brand":[],"product_cat":[46,39,33],"product_tag":[],"class_list":{"0":"post-4577","1":"product","2":"type-product","3":"status-publish","4":"has-post-thumbnail","6":"product_cat-theme-hot","7":"product_cat-theme-wordpress-noi-that","8":"product_cat-theme-wordpress-xay-dung","10":"first","11":"instock","12":"sale","13":"downloadable","14":"shipping-taxable","15":"purchasable","16":"product-type-simple"},"acf":[],"_links":{"self":[{"href":"https:\/\/khogiaodienmau.net\/trumtheme\/wp-json\/wp\/v2\/product\/4577"}],"collection":[{"href":"https:\/\/khogiaodienmau.net\/trumtheme\/wp-json\/wp\/v2\/product"}],"about":[{"href":"https:\/\/khogiaodienmau.net\/trumtheme\/wp-json\/wp\/v2\/types\/product"}],"replies":[{"embeddable":true,"href":"https:\/\/khogiaodienmau.net\/trumtheme\/wp-json\/wp\/v2\/comments?post=4577"}],"wp:featuredmedia":[{"embeddable":true,"href":"https:\/\/khogiaodienmau.net\/trumtheme\/wp-json\/wp\/v2\/media\/4578"}],"wp:attachment":[{"href":"https:\/\/khogiaodienmau.net\/trumtheme\/wp-json\/wp\/v2\/media?parent=4577"}],"wp:term":[{"taxonomy":"product_brand","embeddable":true,"href":"https:\/\/khogiaodienmau.net\/trumtheme\/wp-json\/wp\/v2\/product_brand?post=4577"},{"taxonomy":"product_cat","embeddable":true,"href":"https:\/\/khogiaodienmau.net\/trumtheme\/wp-json\/wp\/v2\/product_cat?post=4577"},{"taxonomy":"product_tag","embeddable":true,"href":"https:\/\/khogiaodienmau.net\/trumtheme\/wp-json\/wp\/v2\/product_tag?post=4577"}],"curies":[{"name":"wp","href":"https:\/\/api.w.org\/{rel}","templated":true}]}}