{"id":4559,"date":"2023-08-28T12:05:02","date_gmt":"2023-08-28T12:05:02","guid":{"rendered":"https:\/\/khogiaodienmau.net\/trumtheme\/?post_type=product&#038;p=4559"},"modified":"2023-08-28T12:05:02","modified_gmt":"2023-08-28T12:05:02","slug":"theme-wordpress-du-lich-19","status":"publish","type":"product","link":"https:\/\/khogiaodienmau.net\/trumtheme\/themes\/theme-wordpress-du-lich-19\/","title":{"rendered":"Theme wordpress du l\u1ecbch 19"},"content":{"rendered":"","protected":false},"excerpt":{"rendered":"<p>Theme wordpress du l\u1ecbch 19 l\u00e0 s\u1ef1 k\u1ebft h\u1ee3p ho\u00e0n h\u1ea3o gi\u1eefa th\u1ea9m m\u1ef9 v\u00e0 ch\u1ee9c n\u0103ng, \u0111\u01b0a b\u1ea1n v\u00e0o m\u1ed9t cu\u1ed9c h\u00e0nh tr\u00ecnh kh\u00e1m ph\u00e1 th\u1ebf gi\u1edbi th\u00f4ng qua t\u1eebng trang web. B\u1ea1n s\u1ebd kh\u00f4ng ch\u1ec9 x\u00e2y d\u1ef1ng m\u1ed9t trang web du l\u1ecbch, m\u00e0 c\u00f2n t\u1ea1o ra m\u1ed9t kh\u00f4ng gian s\u1ed1ng \u0111\u1ed9ng \u0111\u1ec3 chia s\u1ebb v\u00e0 t\u01b0\u01a1ng t\u00e1c v\u1edbi nh\u1eefng ng\u01b0\u1eddi y\u00eau th\u00edch du l\u1ecbch kh\u1eafp n\u01a1i.<\/p>\n","protected":false},"featured_media":4560,"comment_status":"open","ping_status":"closed","template":"","meta":[],"product_brand":[],"product_cat":[46,37,18],"product_tag":[],"class_list":{"0":"post-4559","1":"product","2":"type-product","3":"status-publish","4":"has-post-thumbnail","6":"product_cat-theme-hot","7":"product_cat-theme-wordpress-du-lich","8":"product_cat-theme-wordpress-tin-tuc","10":"first","11":"instock","12":"sale","13":"downloadable","14":"shipping-taxable","15":"purchasable","16":"product-type-simple"},"acf":[],"_links":{"self":[{"href":"https:\/\/khogiaodienmau.net\/trumtheme\/wp-json\/wp\/v2\/product\/4559"}],"collection":[{"href":"https:\/\/khogiaodienmau.net\/trumtheme\/wp-json\/wp\/v2\/product"}],"about":[{"href":"https:\/\/khogiaodienmau.net\/trumtheme\/wp-json\/wp\/v2\/types\/product"}],"replies":[{"embeddable":true,"href":"https:\/\/khogiaodienmau.net\/trumtheme\/wp-json\/wp\/v2\/comments?post=4559"}],"wp:featuredmedia":[{"embeddable":true,"href":"https:\/\/khogiaodienmau.net\/trumtheme\/wp-json\/wp\/v2\/media\/4560"}],"wp:attachment":[{"href":"https:\/\/khogiaodienmau.net\/trumtheme\/wp-json\/wp\/v2\/media?parent=4559"}],"wp:term":[{"taxonomy":"product_brand","embeddable":true,"href":"https:\/\/khogiaodienmau.net\/trumtheme\/wp-json\/wp\/v2\/product_brand?post=4559"},{"taxonomy":"product_cat","embeddable":true,"href":"https:\/\/khogiaodienmau.net\/trumtheme\/wp-json\/wp\/v2\/product_cat?post=4559"},{"taxonomy":"product_tag","embeddable":true,"href":"https:\/\/khogiaodienmau.net\/trumtheme\/wp-json\/wp\/v2\/product_tag?post=4559"}],"curies":[{"name":"wp","href":"https:\/\/api.w.org\/{rel}","templated":true}]}}