{"id":4553,"date":"2023-08-27T17:06:56","date_gmt":"2023-08-27T17:06:56","guid":{"rendered":"https:\/\/khogiaodienmau.net\/trumtheme\/?post_type=product&#038;p=4553"},"modified":"2023-08-27T17:06:56","modified_gmt":"2023-08-27T17:06:56","slug":"theme-wordpress-thiet-bi-cong-nghiep","status":"publish","type":"product","link":"https:\/\/khogiaodienmau.net\/trumtheme\/themes\/theme-wordpress-thiet-bi-cong-nghiep\/","title":{"rendered":"Theme wordpress thi\u1ebft b\u1ecb c\u00f4ng nghi\u1ec7p"},"content":{"rendered":"","protected":false},"excerpt":{"rendered":"<p><strong>Giao di\u1ec7n Hi\u1ec7n \u0111\u1ea1i v\u00e0 Chuy\u00ean nghi\u1ec7p<\/strong>\u00a0 <strong>theme wordpress Thi\u1ebft b\u1ecb C\u00f4ng nghi\u1ec7p<\/strong> kh\u00f4ng ch\u1ec9 \u0111\u01a1n thu\u1ea7n l\u00e0 m\u1ed9t giao di\u1ec7n, m\u00e0 l\u00e0 m\u1ed9t t\u00e1c ph\u1ea9m ngh\u1ec7 thu\u1eadt k\u1ebft h\u1ee3p gi\u1eefa s\u1ef1 hi\u1ec7n \u0111\u1ea1i v\u00e0 t\u00ednh chuy\u00ean nghi\u1ec7p. Nh\u1eefng m\u00e0u s\u1eafc s\u00e1ng t\u1ea1o s\u1ef1 t\u01b0\u01a1i m\u1edbi, trong khi c\u00e1c \u0111\u1eb7c \u0111i\u1ec3m thi\u1ebft k\u1ebf t\u1ed1i gi\u1ea3n gi\u00fap t\u1eadp trung v\u00e0o n\u1ed9i dung ch\u00ednh m\u00e0 kh\u00f4ng g\u00e2y xao l\u00e3ng.<\/p>\n","protected":false},"featured_media":4554,"comment_status":"open","ping_status":"closed","template":"","meta":[],"product_brand":[],"product_cat":[46,56,50],"product_tag":[],"class_list":{"0":"post-4553","1":"product","2":"type-product","3":"status-publish","4":"has-post-thumbnail","6":"product_cat-theme-hot","7":"product_cat-theme-wordpress-co-khi","8":"product_cat-theme-wordpress-gioi-thieu-cong-ty","10":"first","11":"instock","12":"sale","13":"downloadable","14":"shipping-taxable","15":"purchasable","16":"product-type-simple"},"acf":[],"_links":{"self":[{"href":"https:\/\/khogiaodienmau.net\/trumtheme\/wp-json\/wp\/v2\/product\/4553"}],"collection":[{"href":"https:\/\/khogiaodienmau.net\/trumtheme\/wp-json\/wp\/v2\/product"}],"about":[{"href":"https:\/\/khogiaodienmau.net\/trumtheme\/wp-json\/wp\/v2\/types\/product"}],"replies":[{"embeddable":true,"href":"https:\/\/khogiaodienmau.net\/trumtheme\/wp-json\/wp\/v2\/comments?post=4553"}],"wp:featuredmedia":[{"embeddable":true,"href":"https:\/\/khogiaodienmau.net\/trumtheme\/wp-json\/wp\/v2\/media\/4554"}],"wp:attachment":[{"href":"https:\/\/khogiaodienmau.net\/trumtheme\/wp-json\/wp\/v2\/media?parent=4553"}],"wp:term":[{"taxonomy":"product_brand","embeddable":true,"href":"https:\/\/khogiaodienmau.net\/trumtheme\/wp-json\/wp\/v2\/product_brand?post=4553"},{"taxonomy":"product_cat","embeddable":true,"href":"https:\/\/khogiaodienmau.net\/trumtheme\/wp-json\/wp\/v2\/product_cat?post=4553"},{"taxonomy":"product_tag","embeddable":true,"href":"https:\/\/khogiaodienmau.net\/trumtheme\/wp-json\/wp\/v2\/product_tag?post=4553"}],"curies":[{"name":"wp","href":"https:\/\/api.w.org\/{rel}","templated":true}]}}