{"id":4547,"date":"2023-08-27T06:46:12","date_gmt":"2023-08-27T06:46:12","guid":{"rendered":"https:\/\/khogiaodienmau.net\/trumtheme\/?post_type=product&#038;p=4547"},"modified":"2023-08-27T06:59:22","modified_gmt":"2023-08-27T06:59:22","slug":"theme-wordpress-trung-tam-dao-tao-nghe-spa","status":"publish","type":"product","link":"https:\/\/khogiaodienmau.net\/trumtheme\/themes\/theme-wordpress-trung-tam-dao-tao-nghe-spa\/","title":{"rendered":"Theme wordpress trung t\u00e2m \u0111\u00e0o t\u1ea1o ngh\u1ec1 spa"},"content":{"rendered":"","protected":false},"excerpt":{"rendered":"<p>Theme wordpress trung t\u00e2m \u0111\u00e0o t\u1ea1o ngh\u1ec1 spa th\u01b0\u1eddng c\u00f3 thi\u1ebft k\u1ebf t\u01b0\u01a1i s\u00e1ng, t\u1ea1o c\u1ea3m gi\u00e1c th\u01b0 gi\u00e3n v\u00e0 y\u00ean b\u00ecnh. M\u00e0u s\u1eafc nh\u1eb9 nh\u00e0ng, h\u00ecnh \u1ea3nh ch\u1ea5t l\u01b0\u1ee3ng cao v\u00e0 font ch\u1eef d\u1ec5 \u0111\u1ecdc s\u1ebd gi\u00fap t\u1ea1o ra m\u1ed9t giao di\u1ec7n h\u1ea5p d\u1eabn cho trang web.<\/p>\n","protected":false},"featured_media":4548,"comment_status":"open","ping_status":"closed","template":"","meta":[],"product_brand":[],"product_cat":[46,57,50,42,55],"product_tag":[],"class_list":{"0":"post-4547","1":"product","2":"type-product","3":"status-publish","4":"has-post-thumbnail","6":"product_cat-theme-hot","7":"product_cat-theme-wordpress-dich-vu","8":"product_cat-theme-wordpress-gioi-thieu-cong-ty","9":"product_cat-theme-wordpress-spa","10":"product_cat-theme-wordpress-truong-hoc","12":"first","13":"instock","14":"sale","15":"downloadable","16":"shipping-taxable","17":"purchasable","18":"product-type-simple"},"acf":[],"_links":{"self":[{"href":"https:\/\/khogiaodienmau.net\/trumtheme\/wp-json\/wp\/v2\/product\/4547"}],"collection":[{"href":"https:\/\/khogiaodienmau.net\/trumtheme\/wp-json\/wp\/v2\/product"}],"about":[{"href":"https:\/\/khogiaodienmau.net\/trumtheme\/wp-json\/wp\/v2\/types\/product"}],"replies":[{"embeddable":true,"href":"https:\/\/khogiaodienmau.net\/trumtheme\/wp-json\/wp\/v2\/comments?post=4547"}],"wp:featuredmedia":[{"embeddable":true,"href":"https:\/\/khogiaodienmau.net\/trumtheme\/wp-json\/wp\/v2\/media\/4548"}],"wp:attachment":[{"href":"https:\/\/khogiaodienmau.net\/trumtheme\/wp-json\/wp\/v2\/media?parent=4547"}],"wp:term":[{"taxonomy":"product_brand","embeddable":true,"href":"https:\/\/khogiaodienmau.net\/trumtheme\/wp-json\/wp\/v2\/product_brand?post=4547"},{"taxonomy":"product_cat","embeddable":true,"href":"https:\/\/khogiaodienmau.net\/trumtheme\/wp-json\/wp\/v2\/product_cat?post=4547"},{"taxonomy":"product_tag","embeddable":true,"href":"https:\/\/khogiaodienmau.net\/trumtheme\/wp-json\/wp\/v2\/product_tag?post=4547"}],"curies":[{"name":"wp","href":"https:\/\/api.w.org\/{rel}","templated":true}]}}