{"id":4538,"date":"2023-07-25T03:21:58","date_gmt":"2023-07-25T03:21:58","guid":{"rendered":"https:\/\/khogiaodienmau.net\/trumtheme\/?post_type=product&#038;p=4538"},"modified":"2023-08-27T06:58:42","modified_gmt":"2023-08-27T06:58:42","slug":"theme-wordpress-tin-tuc-11-review-du-lich","status":"publish","type":"product","link":"https:\/\/khogiaodienmau.net\/trumtheme\/themes\/theme-wordpress-tin-tuc-11-review-du-lich\/","title":{"rendered":"Theme wordpress tin t\u1ee9c 11 &#8211; review du l\u1ecbch"},"content":{"rendered":"","protected":false},"excerpt":{"rendered":"<p><strong>vi\u1ec7c ch\u1ecdn &#8220;Theme WordPress Tin T\u1ee9c 11 &#8211; Review Du L\u1ecbch&#8221; s\u1ebd \u0111em \u0111\u1ebfn cho b\u1ea1n m\u1ed9t n\u1ec1n t\u1ea3ng m\u1ea1nh m\u1ebd \u0111\u1ec3 chia s\u1ebb nh\u1eefng kinh nghi\u1ec7m du l\u1ecbch tuy\u1ec7t v\u1eddi c\u1ee7a m\u00ecnh. H\u00e3y \u0111\u1eb7t mua ngay h\u00f4m nay v\u00e0 kh\u00e1m ph\u00e1 th\u1ebf gi\u1edbi WordPress m\u1ed9t c\u00e1ch m\u1edbi m\u1ebb v\u00e0 th\u00fa v\u1ecb!<\/strong><\/p>\n","protected":false},"featured_media":4539,"comment_status":"open","ping_status":"closed","template":"","meta":[],"product_brand":[],"product_cat":[37,18],"product_tag":[],"class_list":{"0":"post-4538","1":"product","2":"type-product","3":"status-publish","4":"has-post-thumbnail","6":"product_cat-theme-wordpress-du-lich","7":"product_cat-theme-wordpress-tin-tuc","9":"first","10":"instock","11":"sale","12":"downloadable","13":"shipping-taxable","14":"purchasable","15":"product-type-simple"},"acf":[],"_links":{"self":[{"href":"https:\/\/khogiaodienmau.net\/trumtheme\/wp-json\/wp\/v2\/product\/4538"}],"collection":[{"href":"https:\/\/khogiaodienmau.net\/trumtheme\/wp-json\/wp\/v2\/product"}],"about":[{"href":"https:\/\/khogiaodienmau.net\/trumtheme\/wp-json\/wp\/v2\/types\/product"}],"replies":[{"embeddable":true,"href":"https:\/\/khogiaodienmau.net\/trumtheme\/wp-json\/wp\/v2\/comments?post=4538"}],"wp:featuredmedia":[{"embeddable":true,"href":"https:\/\/khogiaodienmau.net\/trumtheme\/wp-json\/wp\/v2\/media\/4539"}],"wp:attachment":[{"href":"https:\/\/khogiaodienmau.net\/trumtheme\/wp-json\/wp\/v2\/media?parent=4538"}],"wp:term":[{"taxonomy":"product_brand","embeddable":true,"href":"https:\/\/khogiaodienmau.net\/trumtheme\/wp-json\/wp\/v2\/product_brand?post=4538"},{"taxonomy":"product_cat","embeddable":true,"href":"https:\/\/khogiaodienmau.net\/trumtheme\/wp-json\/wp\/v2\/product_cat?post=4538"},{"taxonomy":"product_tag","embeddable":true,"href":"https:\/\/khogiaodienmau.net\/trumtheme\/wp-json\/wp\/v2\/product_tag?post=4538"}],"curies":[{"name":"wp","href":"https:\/\/api.w.org\/{rel}","templated":true}]}}