{"id":3307,"date":"2023-07-20T17:17:56","date_gmt":"2023-07-20T17:17:56","guid":{"rendered":"https:\/\/khogiaodienmau.net\/trumtheme\/?post_type=product&#038;p=3307"},"modified":"2023-07-20T17:20:04","modified_gmt":"2023-07-20T17:20:04","slug":"theme-wordpress-nha-thuoc-02","status":"publish","type":"product","link":"https:\/\/khogiaodienmau.net\/trumtheme\/themes\/theme-wordpress-nha-thuoc-02\/","title":{"rendered":"Theme wordpress nh\u00e0 thu\u1ed1c 02"},"content":{"rendered":"","protected":false},"excerpt":{"rendered":"<p>Theme WordPress Nh\u00e0 thu\u1ed1c 02 cung c\u1ea5p m\u1ed9t lo\u1ea1t c\u00e1c t\u00ednh n\u0103ng v\u00e0 c\u00f4ng c\u1ee5 gi\u00fap b\u1ea1n x\u00e2y d\u1ef1ng trang web y t\u1ebf \u0111\u1eb9p m\u1eaft, hi\u1ec7n \u0111\u1ea1i v\u00e0 hi\u1ec7u qu\u1ea3. T\u1ea1o \u0111i\u1ec3m \u0111\u1eb7c bi\u1ec7t cho doanh nghi\u1ec7p y t\u1ebf c\u1ee7a b\u1ea1n v\u00e0 thu h\u00fat th\u00eam kh\u00e1ch h\u00e0ng ti\u1ec1m n\u0103ng v\u1edbi ch\u1ee7 \u0111\u1ec1 n\u00e0y<\/p>\n","protected":false},"featured_media":3308,"comment_status":"open","ping_status":"closed","template":"","meta":[],"product_brand":[],"product_cat":[53,26,36,60,51],"product_tag":[],"class_list":{"0":"post-3307","1":"product","2":"type-product","3":"status-publish","4":"has-post-thumbnail","6":"product_cat-theme-word-press-y-te-suc-khoe","7":"product_cat-theme-wordpress-ban-hang","8":"product_cat-theme-wordpress-my-pham","9":"product_cat-theme-wordpress-thuc-pham-chuc-nang","10":"product_cat-theme-wordpress-y-te","12":"first","13":"instock","14":"sale","15":"downloadable","16":"shipping-taxable","17":"purchasable","18":"product-type-simple"},"acf":[],"_links":{"self":[{"href":"https:\/\/khogiaodienmau.net\/trumtheme\/wp-json\/wp\/v2\/product\/3307"}],"collection":[{"href":"https:\/\/khogiaodienmau.net\/trumtheme\/wp-json\/wp\/v2\/product"}],"about":[{"href":"https:\/\/khogiaodienmau.net\/trumtheme\/wp-json\/wp\/v2\/types\/product"}],"replies":[{"embeddable":true,"href":"https:\/\/khogiaodienmau.net\/trumtheme\/wp-json\/wp\/v2\/comments?post=3307"}],"wp:featuredmedia":[{"embeddable":true,"href":"https:\/\/khogiaodienmau.net\/trumtheme\/wp-json\/wp\/v2\/media\/3308"}],"wp:attachment":[{"href":"https:\/\/khogiaodienmau.net\/trumtheme\/wp-json\/wp\/v2\/media?parent=3307"}],"wp:term":[{"taxonomy":"product_brand","embeddable":true,"href":"https:\/\/khogiaodienmau.net\/trumtheme\/wp-json\/wp\/v2\/product_brand?post=3307"},{"taxonomy":"product_cat","embeddable":true,"href":"https:\/\/khogiaodienmau.net\/trumtheme\/wp-json\/wp\/v2\/product_cat?post=3307"},{"taxonomy":"product_tag","embeddable":true,"href":"https:\/\/khogiaodienmau.net\/trumtheme\/wp-json\/wp\/v2\/product_tag?post=3307"}],"curies":[{"name":"wp","href":"https:\/\/api.w.org\/{rel}","templated":true}]}}