{"id":3283,"date":"2023-07-14T16:37:56","date_gmt":"2023-07-14T16:37:56","guid":{"rendered":"https:\/\/khogiaodienmau.net\/trumtheme\/?post_type=product&#038;p=3283"},"modified":"2023-07-14T16:38:25","modified_gmt":"2023-07-14T16:38:25","slug":"theme-ban-hang-noi-dia-nhat-ban","status":"publish","type":"product","link":"https:\/\/khogiaodienmau.net\/trumtheme\/themes\/theme-ban-hang-noi-dia-nhat-ban\/","title":{"rendered":"Theme b\u00e1n h\u00e0ng n\u1ed9i \u0111\u1ecba nh\u1eadt b\u1ea3n"},"content":{"rendered":"","protected":false},"excerpt":{"rendered":"<p>Theme b\u00e1n h\u00e0ng n\u1ed9i \u0111\u1ecba Nh\u1eadt B\u1ea3n mang \u0111\u1ebfn m\u1ed9t giao di\u1ec7n \u0111\u1ed9c \u0111\u00e1o v\u00e0 tinh t\u1ebf, l\u1ea5y c\u1ea3m h\u1ee9ng t\u1eeb v\u0103n h\u00f3a v\u00e0 phong c\u00e1ch s\u1ed1ng Nh\u1eadt B\u1ea3n. V\u1edbi m\u00e0u s\u1eafc trung t\u00ednh, c\u00e1c h\u00ecnh \u1ea3nh t\u01b0\u01a1i s\u00e1ng v\u00e0 h\u00ecnh \u1ea3nh ch\u1ea5t l\u01b0\u1ee3ng cao, theme n\u00e0y t\u1ea1o ra m\u1ed9t kh\u00f4ng gian tr\u1ef1c tuy\u1ebfn \u0111\u1ed9c \u0111\u00e1o, gi\u00fap kh\u00e1ch h\u00e0ng c\u1ea3m th\u1ea5y nh\u01b0 \u0111ang kh\u00e1m ph\u00e1 Nh\u1eadt B\u1ea3n ngay t\u1eeb l\u1ea7n \u0111\u1ea7u ti\u00ean truy c\u1eadp.<\/p>\n","protected":false},"featured_media":3284,"comment_status":"open","ping_status":"closed","template":"","meta":[],"product_brand":[],"product_cat":[46,26,36,73,32,60],"product_tag":[],"class_list":{"0":"post-3283","1":"product","2":"type-product","3":"status-publish","4":"has-post-thumbnail","6":"product_cat-theme-hot","7":"product_cat-theme-wordpress-ban-hang","8":"product_cat-theme-wordpress-my-pham","9":"product_cat-theme-wordpress-nong-san","10":"product_cat-theme-wordpress-thuc-pham","11":"product_cat-theme-wordpress-thuc-pham-chuc-nang","13":"first","14":"instock","15":"sale","16":"downloadable","17":"shipping-taxable","18":"purchasable","19":"product-type-simple"},"acf":[],"_links":{"self":[{"href":"https:\/\/khogiaodienmau.net\/trumtheme\/wp-json\/wp\/v2\/product\/3283"}],"collection":[{"href":"https:\/\/khogiaodienmau.net\/trumtheme\/wp-json\/wp\/v2\/product"}],"about":[{"href":"https:\/\/khogiaodienmau.net\/trumtheme\/wp-json\/wp\/v2\/types\/product"}],"replies":[{"embeddable":true,"href":"https:\/\/khogiaodienmau.net\/trumtheme\/wp-json\/wp\/v2\/comments?post=3283"}],"wp:featuredmedia":[{"embeddable":true,"href":"https:\/\/khogiaodienmau.net\/trumtheme\/wp-json\/wp\/v2\/media\/3284"}],"wp:attachment":[{"href":"https:\/\/khogiaodienmau.net\/trumtheme\/wp-json\/wp\/v2\/media?parent=3283"}],"wp:term":[{"taxonomy":"product_brand","embeddable":true,"href":"https:\/\/khogiaodienmau.net\/trumtheme\/wp-json\/wp\/v2\/product_brand?post=3283"},{"taxonomy":"product_cat","embeddable":true,"href":"https:\/\/khogiaodienmau.net\/trumtheme\/wp-json\/wp\/v2\/product_cat?post=3283"},{"taxonomy":"product_tag","embeddable":true,"href":"https:\/\/khogiaodienmau.net\/trumtheme\/wp-json\/wp\/v2\/product_tag?post=3283"}],"curies":[{"name":"wp","href":"https:\/\/api.w.org\/{rel}","templated":true}]}}