{"id":3263,"date":"2023-06-10T08:31:57","date_gmt":"2023-06-10T08:31:57","guid":{"rendered":"https:\/\/khogiaodienmau.net\/trumtheme\/?post_type=product&#038;p=3263"},"modified":"2023-07-10T09:04:56","modified_gmt":"2023-07-10T09:04:56","slug":"theme-wordpress-thoi-trang-8","status":"publish","type":"product","link":"https:\/\/khogiaodienmau.net\/trumtheme\/themes\/theme-wordpress-thoi-trang-8\/","title":{"rendered":"Theme wordpress th\u1eddi trang 8"},"content":{"rendered":"","protected":false},"excerpt":{"rendered":"<p>V\u1edbi Theme WordPress th\u1eddi trang 8 b\u1ea1n c\u00f3 th\u1ec3 t\u1ea1o ra m\u1ed9t trang web th\u1eddi trang chuy\u00ean nghi\u1ec7p, t\u01b0\u01a1ng t\u00e1c v\u00e0 h\u1ea5p d\u1eabn \u0111\u1ec3 truy\u1ec1n t\u1ea3i th\u00f4ng \u0111i\u1ec7p v\u00e0 s\u1ea3n ph\u1ea9m c\u1ee7a m\u00ecnh t\u1edbi kh\u00e1ch h\u00e0ng. Tuy nhi\u00ean, l\u01b0u \u00fd r\u1eb1ng &#8220;Theme WordPress th\u1eddi trang 8&#8221; l\u00e0 m\u1ed9t kh\u00e1i ni\u1ec7m h\u01b0 c\u1ea5u \u0111\u01b0\u1ee3c s\u1eed d\u1ee5ng \u0111\u1ec3 m\u00f4 ph\u1ecfng m\u1ed9t ch\u1ee7 \u0111\u1ec1 WordPress chuy\u00ean v\u1ec1 th\u1eddi trang.<\/p>\n","protected":false},"featured_media":3264,"comment_status":"open","ping_status":"closed","template":"","meta":[],"product_brand":[],"product_cat":[46,26,35],"product_tag":[],"class_list":{"0":"post-3263","1":"product","2":"type-product","3":"status-publish","4":"has-post-thumbnail","6":"product_cat-theme-hot","7":"product_cat-theme-wordpress-ban-hang","8":"product_cat-theme-wordpress-thoi-trang","10":"first","11":"instock","12":"sale","13":"downloadable","14":"shipping-taxable","15":"purchasable","16":"product-type-simple"},"acf":[],"_links":{"self":[{"href":"https:\/\/khogiaodienmau.net\/trumtheme\/wp-json\/wp\/v2\/product\/3263"}],"collection":[{"href":"https:\/\/khogiaodienmau.net\/trumtheme\/wp-json\/wp\/v2\/product"}],"about":[{"href":"https:\/\/khogiaodienmau.net\/trumtheme\/wp-json\/wp\/v2\/types\/product"}],"replies":[{"embeddable":true,"href":"https:\/\/khogiaodienmau.net\/trumtheme\/wp-json\/wp\/v2\/comments?post=3263"}],"wp:featuredmedia":[{"embeddable":true,"href":"https:\/\/khogiaodienmau.net\/trumtheme\/wp-json\/wp\/v2\/media\/3264"}],"wp:attachment":[{"href":"https:\/\/khogiaodienmau.net\/trumtheme\/wp-json\/wp\/v2\/media?parent=3263"}],"wp:term":[{"taxonomy":"product_brand","embeddable":true,"href":"https:\/\/khogiaodienmau.net\/trumtheme\/wp-json\/wp\/v2\/product_brand?post=3263"},{"taxonomy":"product_cat","embeddable":true,"href":"https:\/\/khogiaodienmau.net\/trumtheme\/wp-json\/wp\/v2\/product_cat?post=3263"},{"taxonomy":"product_tag","embeddable":true,"href":"https:\/\/khogiaodienmau.net\/trumtheme\/wp-json\/wp\/v2\/product_tag?post=3263"}],"curies":[{"name":"wp","href":"https:\/\/api.w.org\/{rel}","templated":true}]}}