{"id":3261,"date":"2023-07-04T17:26:32","date_gmt":"2023-07-04T17:26:32","guid":{"rendered":"https:\/\/khogiaodienmau.net\/trumtheme\/?post_type=product&#038;p=3261"},"modified":"2023-07-09T17:44:37","modified_gmt":"2023-07-09T17:44:37","slug":"theme-wordpress-shop-dien-thoai-hoang-ha-mobile-2","status":"publish","type":"product","link":"https:\/\/khogiaodienmau.net\/trumtheme\/themes\/theme-wordpress-shop-dien-thoai-hoang-ha-mobile-2\/","title":{"rendered":"Theme wordpress shop \u0111i\u1ec7n tho\u1ea1i ho\u00e0ng h\u00e0 mobile 2"},"content":{"rendered":"","protected":false},"excerpt":{"rendered":"<p>Theme wordpress shop \u0111i\u1ec7n tho\u1ea1i ho\u00e0ng h\u00e0 mobile 2 l\u00e0 m\u1ed9t ch\u1ee7 \u0111\u1ec1 WordPress m\u1ea1nh m\u1ebd v\u00e0 linh ho\u1ea1t cho c\u00e1c c\u1eeda h\u00e0ng \u0111i\u1ec7n tho\u1ea1i di \u0111\u1ed9ng. V\u1edbi nhi\u1ec1u t\u00ednh n\u0103ng v\u00e0 t\u00f9y ch\u1ec9nh, n\u00f3 gi\u00fap b\u1ea1n t\u1ea1o ra m\u1ed9t trang web b\u00e1n h\u00e0ng \u0111\u1eb9p m\u1eaft, chuy\u00ean nghi\u1ec7p v\u00e0 d\u1ec5 d\u00e0ng qu\u1ea3n l\u00fd.<\/p>\n","protected":false},"featured_media":3262,"comment_status":"open","ping_status":"closed","template":"","meta":[],"product_brand":[],"product_cat":[46,26,27],"product_tag":[],"class_list":{"0":"post-3261","1":"product","2":"type-product","3":"status-publish","4":"has-post-thumbnail","6":"product_cat-theme-hot","7":"product_cat-theme-wordpress-ban-hang","8":"product_cat-theme-wordpress-dien-may","10":"first","11":"instock","12":"sale","13":"downloadable","14":"shipping-taxable","15":"purchasable","16":"product-type-simple"},"acf":[],"_links":{"self":[{"href":"https:\/\/khogiaodienmau.net\/trumtheme\/wp-json\/wp\/v2\/product\/3261"}],"collection":[{"href":"https:\/\/khogiaodienmau.net\/trumtheme\/wp-json\/wp\/v2\/product"}],"about":[{"href":"https:\/\/khogiaodienmau.net\/trumtheme\/wp-json\/wp\/v2\/types\/product"}],"replies":[{"embeddable":true,"href":"https:\/\/khogiaodienmau.net\/trumtheme\/wp-json\/wp\/v2\/comments?post=3261"}],"wp:featuredmedia":[{"embeddable":true,"href":"https:\/\/khogiaodienmau.net\/trumtheme\/wp-json\/wp\/v2\/media\/3262"}],"wp:attachment":[{"href":"https:\/\/khogiaodienmau.net\/trumtheme\/wp-json\/wp\/v2\/media?parent=3261"}],"wp:term":[{"taxonomy":"product_brand","embeddable":true,"href":"https:\/\/khogiaodienmau.net\/trumtheme\/wp-json\/wp\/v2\/product_brand?post=3261"},{"taxonomy":"product_cat","embeddable":true,"href":"https:\/\/khogiaodienmau.net\/trumtheme\/wp-json\/wp\/v2\/product_cat?post=3261"},{"taxonomy":"product_tag","embeddable":true,"href":"https:\/\/khogiaodienmau.net\/trumtheme\/wp-json\/wp\/v2\/product_tag?post=3261"}],"curies":[{"name":"wp","href":"https:\/\/api.w.org\/{rel}","templated":true}]}}