{"id":3248,"date":"2023-07-08T12:31:06","date_gmt":"2023-07-08T12:31:06","guid":{"rendered":"https:\/\/khogiaodienmau.net\/trumtheme\/?post_type=product&#038;p=3248"},"modified":"2023-07-08T12:31:33","modified_gmt":"2023-07-08T12:31:33","slug":"theme-wordpress-ban-nuoc-mam-thuc-pham","status":"publish","type":"product","link":"https:\/\/khogiaodienmau.net\/trumtheme\/themes\/theme-wordpress-ban-nuoc-mam-thuc-pham\/","title":{"rendered":"Theme wordpress b\u00e1n n\u01b0\u1edbc m\u1eafm , th\u1ef1c ph\u1ea9m"},"content":{"rendered":"","protected":false},"excerpt":{"rendered":"<p>Theme wordpress b\u00e1n n\u01b0\u1edbc m\u1eafm l\u00e0 m\u1ed9t l\u1ef1a ch\u1ecdn tuy\u1ec7t v\u1eddi cho c\u00e1c shop th\u1ef1c ph\u1ea9m mu\u1ed1n t\u1ea1o trang web b\u00e1n h\u00e0ng tr\u1ef1c tuy\u1ebfn chuy\u00ean nghi\u1ec7p. V\u1edbi thi\u1ebft k\u1ebf m\u1ea1nh m\u1ebd v\u00e0 t\u00ednh n\u0103ng linh ho\u1ea1t, ch\u1ee7 \u0111\u1ec1 n\u00e0y gi\u00fap b\u1ea1n t\u1ea1o ra m\u1ed9t trang web h\u1ea5p d\u1eabn, thu h\u00fat kh\u00e1ch h\u00e0ng v\u00e0 t\u0103ng doanh s\u1ed1 b\u00e1n h\u00e0ng.<\/p>\n","protected":false},"featured_media":3249,"comment_status":"open","ping_status":"closed","template":"","meta":[],"product_brand":[],"product_cat":[26,32],"product_tag":[],"class_list":{"0":"post-3248","1":"product","2":"type-product","3":"status-publish","4":"has-post-thumbnail","6":"product_cat-theme-wordpress-ban-hang","7":"product_cat-theme-wordpress-thuc-pham","9":"first","10":"instock","11":"sale","12":"downloadable","13":"shipping-taxable","14":"purchasable","15":"product-type-simple"},"acf":[],"_links":{"self":[{"href":"https:\/\/khogiaodienmau.net\/trumtheme\/wp-json\/wp\/v2\/product\/3248"}],"collection":[{"href":"https:\/\/khogiaodienmau.net\/trumtheme\/wp-json\/wp\/v2\/product"}],"about":[{"href":"https:\/\/khogiaodienmau.net\/trumtheme\/wp-json\/wp\/v2\/types\/product"}],"replies":[{"embeddable":true,"href":"https:\/\/khogiaodienmau.net\/trumtheme\/wp-json\/wp\/v2\/comments?post=3248"}],"wp:featuredmedia":[{"embeddable":true,"href":"https:\/\/khogiaodienmau.net\/trumtheme\/wp-json\/wp\/v2\/media\/3249"}],"wp:attachment":[{"href":"https:\/\/khogiaodienmau.net\/trumtheme\/wp-json\/wp\/v2\/media?parent=3248"}],"wp:term":[{"taxonomy":"product_brand","embeddable":true,"href":"https:\/\/khogiaodienmau.net\/trumtheme\/wp-json\/wp\/v2\/product_brand?post=3248"},{"taxonomy":"product_cat","embeddable":true,"href":"https:\/\/khogiaodienmau.net\/trumtheme\/wp-json\/wp\/v2\/product_cat?post=3248"},{"taxonomy":"product_tag","embeddable":true,"href":"https:\/\/khogiaodienmau.net\/trumtheme\/wp-json\/wp\/v2\/product_tag?post=3248"}],"curies":[{"name":"wp","href":"https:\/\/api.w.org\/{rel}","templated":true}]}}