{"id":3239,"date":"2023-07-06T12:50:14","date_gmt":"2023-07-06T12:50:14","guid":{"rendered":"https:\/\/khogiaodienmau.net\/trumtheme\/?post_type=product&#038;p=3239"},"modified":"2023-07-06T12:50:30","modified_gmt":"2023-07-06T12:50:30","slug":"theme-wordpress-ban-qua-tang","status":"publish","type":"product","link":"https:\/\/khogiaodienmau.net\/trumtheme\/themes\/theme-wordpress-ban-qua-tang\/","title":{"rendered":"Theme wordpress b\u00e1n qu\u00e0 t\u1eb7ng"},"content":{"rendered":"","protected":false},"excerpt":{"rendered":"<p>Theme wordpress b\u00e1n qu\u00e0 t\u1eb7ng \u0111\u01b0\u1ee3c thi\u1ebft k\u1ebf v\u1edbi giao di\u1ec7n h\u1ea5p d\u1eabn v\u00e0 chuy\u00ean nghi\u1ec7p, v\u1edbi c\u00e1c y\u1ebfu t\u1ed1 tr\u1ef1c quan v\u00e0 h\u00ecnh \u1ea3nh \u0111\u1eb9p. B\u1ea1n c\u00f3 th\u1ec3 t\u00f9y ch\u1ec9nh giao di\u1ec7n, m\u00e0u s\u1eafc v\u00e0 h\u00ecnh \u1ea3nh \u0111\u1ec3 ph\u00f9 h\u1ee3p v\u1edbi th\u01b0\u01a1ng hi\u1ec7u c\u1ee7a b\u1ea1n v\u00e0 t\u1ea1o n\u00ean tr\u1ea3i nghi\u1ec7m \u0111\u1ed9c \u0111\u00e1o cho kh\u00e1ch h\u00e0ng.<\/p>\n","protected":false},"featured_media":3240,"comment_status":"open","ping_status":"closed","template":"","meta":[],"product_brand":[],"product_cat":[26],"product_tag":[],"class_list":{"0":"post-3239","1":"product","2":"type-product","3":"status-publish","4":"has-post-thumbnail","6":"product_cat-theme-wordpress-ban-hang","8":"first","9":"instock","10":"sale","11":"downloadable","12":"shipping-taxable","13":"purchasable","14":"product-type-simple"},"acf":[],"_links":{"self":[{"href":"https:\/\/khogiaodienmau.net\/trumtheme\/wp-json\/wp\/v2\/product\/3239"}],"collection":[{"href":"https:\/\/khogiaodienmau.net\/trumtheme\/wp-json\/wp\/v2\/product"}],"about":[{"href":"https:\/\/khogiaodienmau.net\/trumtheme\/wp-json\/wp\/v2\/types\/product"}],"replies":[{"embeddable":true,"href":"https:\/\/khogiaodienmau.net\/trumtheme\/wp-json\/wp\/v2\/comments?post=3239"}],"wp:featuredmedia":[{"embeddable":true,"href":"https:\/\/khogiaodienmau.net\/trumtheme\/wp-json\/wp\/v2\/media\/3240"}],"wp:attachment":[{"href":"https:\/\/khogiaodienmau.net\/trumtheme\/wp-json\/wp\/v2\/media?parent=3239"}],"wp:term":[{"taxonomy":"product_brand","embeddable":true,"href":"https:\/\/khogiaodienmau.net\/trumtheme\/wp-json\/wp\/v2\/product_brand?post=3239"},{"taxonomy":"product_cat","embeddable":true,"href":"https:\/\/khogiaodienmau.net\/trumtheme\/wp-json\/wp\/v2\/product_cat?post=3239"},{"taxonomy":"product_tag","embeddable":true,"href":"https:\/\/khogiaodienmau.net\/trumtheme\/wp-json\/wp\/v2\/product_tag?post=3239"}],"curies":[{"name":"wp","href":"https:\/\/api.w.org\/{rel}","templated":true}]}}