{"id":3236,"date":"2023-07-06T12:46:22","date_gmt":"2023-07-06T12:46:22","guid":{"rendered":"https:\/\/khogiaodienmau.net\/trumtheme\/?post_type=product&#038;p=3236"},"modified":"2023-07-06T12:47:04","modified_gmt":"2023-07-06T12:47:04","slug":"theme-wordpress-xuat-khau-lao-dong-cung-ung-nhan-luc","status":"publish","type":"product","link":"https:\/\/khogiaodienmau.net\/trumtheme\/themes\/theme-wordpress-xuat-khau-lao-dong-cung-ung-nhan-luc\/","title":{"rendered":"Theme wordpress xu\u1ea5t kh\u1ea9u lao \u0111\u1ed9ng cung \u1ee9ng nh\u00e2n l\u1ef1c"},"content":{"rendered":"","protected":false},"excerpt":{"rendered":"<p><strong>Theme WordPress xu\u1ea5t kh\u1ea9u lao \u0111\u1ed9ng cho ph\u00e9p b\u1ea1n hi\u1ec3n th\u1ecb c\u00e1c danh s\u00e1ch c\u00f4ng vi\u1ec7c v\u1edbi th\u00f4ng tin chi ti\u1ebft nh\u01b0 v\u1ecb tr\u00ed, y\u00eau c\u1ea7u, m\u00f4 t\u1ea3 c\u00f4ng vi\u1ec7c v\u00e0 c\u00e1c th\u00f4ng tin kh\u00e1c. Ng\u01b0\u1eddi d\u00f9ng c\u00f3 th\u1ec3 t\u00ecm ki\u1ebfm v\u00e0 l\u1ecdc c\u00f4ng vi\u1ec7c d\u1ef1a tr\u00ean c\u00e1c ti\u00eau ch\u00ed kh\u00e1c nhau.<\/strong><\/p>\n","protected":false},"featured_media":3238,"comment_status":"open","ping_status":"closed","template":"","meta":[],"product_brand":[],"product_cat":[46,57,50],"product_tag":[],"class_list":{"0":"post-3236","1":"product","2":"type-product","3":"status-publish","4":"has-post-thumbnail","6":"product_cat-theme-hot","7":"product_cat-theme-wordpress-dich-vu","8":"product_cat-theme-wordpress-gioi-thieu-cong-ty","10":"first","11":"instock","12":"sale","13":"downloadable","14":"shipping-taxable","15":"purchasable","16":"product-type-simple"},"acf":[],"_links":{"self":[{"href":"https:\/\/khogiaodienmau.net\/trumtheme\/wp-json\/wp\/v2\/product\/3236"}],"collection":[{"href":"https:\/\/khogiaodienmau.net\/trumtheme\/wp-json\/wp\/v2\/product"}],"about":[{"href":"https:\/\/khogiaodienmau.net\/trumtheme\/wp-json\/wp\/v2\/types\/product"}],"replies":[{"embeddable":true,"href":"https:\/\/khogiaodienmau.net\/trumtheme\/wp-json\/wp\/v2\/comments?post=3236"}],"wp:featuredmedia":[{"embeddable":true,"href":"https:\/\/khogiaodienmau.net\/trumtheme\/wp-json\/wp\/v2\/media\/3238"}],"wp:attachment":[{"href":"https:\/\/khogiaodienmau.net\/trumtheme\/wp-json\/wp\/v2\/media?parent=3236"}],"wp:term":[{"taxonomy":"product_brand","embeddable":true,"href":"https:\/\/khogiaodienmau.net\/trumtheme\/wp-json\/wp\/v2\/product_brand?post=3236"},{"taxonomy":"product_cat","embeddable":true,"href":"https:\/\/khogiaodienmau.net\/trumtheme\/wp-json\/wp\/v2\/product_cat?post=3236"},{"taxonomy":"product_tag","embeddable":true,"href":"https:\/\/khogiaodienmau.net\/trumtheme\/wp-json\/wp\/v2\/product_tag?post=3236"}],"curies":[{"name":"wp","href":"https:\/\/api.w.org\/{rel}","templated":true}]}}