{"id":3224,"date":"2023-06-05T15:40:45","date_gmt":"2023-06-05T15:40:45","guid":{"rendered":"https:\/\/khogiaodienmau.net\/trumtheme\/?post_type=product&#038;p=3224"},"modified":"2023-07-05T15:49:44","modified_gmt":"2023-07-05T15:49:44","slug":"theme-wordpress-ban-phu-kien-dien-thoai","status":"publish","type":"product","link":"https:\/\/khogiaodienmau.net\/trumtheme\/themes\/theme-wordpress-ban-phu-kien-dien-thoai\/","title":{"rendered":"Theme wordpress b\u00e1n ph\u1ee5 ki\u1ec7n \u0111i\u1ec7n tho\u1ea1i"},"content":{"rendered":"","protected":false},"excerpt":{"rendered":"<p>Giao di\u1ec7n c\u1ee7a Theme WordPress B\u00e1n Ph\u1ee5 Ki\u1ec7n \u0110i\u1ec7n Tho\u1ea1i \u0111\u01b0\u1ee3c thi\u1ebft k\u1ebf tinh t\u1ebf v\u00e0 th\u00e2n thi\u1ec7n v\u1edbi ng\u01b0\u1eddi d\u00f9ng, mang \u0111\u1ebfn tr\u1ea3i nghi\u1ec7m mua s\u1eafm d\u1ec5 d\u00e0ng v\u00e0 tho\u1ea3i m\u00e1i cho kh\u00e1ch h\u00e0ng. V\u1edbi s\u1ef1 ch\u00fa tr\u1ecdng v\u00e0o h\u00ecnh \u1ea3nh s\u1ea3n ph\u1ea9m ch\u1ea5t l\u01b0\u1ee3ng cao, giao di\u1ec7n gi\u00fap b\u1ea1n hi\u1ec3n th\u1ecb ph\u1ee5 ki\u1ec7n \u0111i\u1ec7n tho\u1ea1i m\u1ed9t c\u00e1ch r\u00f5 r\u00e0ng v\u00e0 h\u1ea5p d\u1eabn<\/p>\n","protected":false},"featured_media":3225,"comment_status":"open","ping_status":"closed","template":"","meta":[],"product_brand":[],"product_cat":[26,27],"product_tag":[],"class_list":{"0":"post-3224","1":"product","2":"type-product","3":"status-publish","4":"has-post-thumbnail","6":"product_cat-theme-wordpress-ban-hang","7":"product_cat-theme-wordpress-dien-may","9":"first","10":"instock","11":"sale","12":"downloadable","13":"shipping-taxable","14":"purchasable","15":"product-type-simple"},"acf":[],"_links":{"self":[{"href":"https:\/\/khogiaodienmau.net\/trumtheme\/wp-json\/wp\/v2\/product\/3224"}],"collection":[{"href":"https:\/\/khogiaodienmau.net\/trumtheme\/wp-json\/wp\/v2\/product"}],"about":[{"href":"https:\/\/khogiaodienmau.net\/trumtheme\/wp-json\/wp\/v2\/types\/product"}],"replies":[{"embeddable":true,"href":"https:\/\/khogiaodienmau.net\/trumtheme\/wp-json\/wp\/v2\/comments?post=3224"}],"wp:featuredmedia":[{"embeddable":true,"href":"https:\/\/khogiaodienmau.net\/trumtheme\/wp-json\/wp\/v2\/media\/3225"}],"wp:attachment":[{"href":"https:\/\/khogiaodienmau.net\/trumtheme\/wp-json\/wp\/v2\/media?parent=3224"}],"wp:term":[{"taxonomy":"product_brand","embeddable":true,"href":"https:\/\/khogiaodienmau.net\/trumtheme\/wp-json\/wp\/v2\/product_brand?post=3224"},{"taxonomy":"product_cat","embeddable":true,"href":"https:\/\/khogiaodienmau.net\/trumtheme\/wp-json\/wp\/v2\/product_cat?post=3224"},{"taxonomy":"product_tag","embeddable":true,"href":"https:\/\/khogiaodienmau.net\/trumtheme\/wp-json\/wp\/v2\/product_tag?post=3224"}],"curies":[{"name":"wp","href":"https:\/\/api.w.org\/{rel}","templated":true}]}}