{"id":3210,"date":"2023-07-05T16:06:32","date_gmt":"2023-07-05T16:06:32","guid":{"rendered":"https:\/\/khogiaodienmau.net\/trumtheme\/?post_type=product&#038;p=3210"},"modified":"2023-07-05T16:07:25","modified_gmt":"2023-07-05T16:07:25","slug":"theme-wordpress-noi-that-36","status":"publish","type":"product","link":"https:\/\/khogiaodienmau.net\/trumtheme\/themes\/theme-wordpress-noi-that-36\/","title":{"rendered":"Theme wordpress n\u1ed9i th\u1ea5t 36"},"content":{"rendered":"","protected":false},"excerpt":{"rendered":"<p>Theme WordPress N\u1ed9i Th\u1ea5t 36 cung c\u1ea5p nhi\u1ec1u t\u00ednh n\u0103ng v\u00e0 t\u00f9y ch\u1ecdn t\u00f9y ch\u1ec9nh \u0111\u1ec3 b\u1ea1n c\u00f3 th\u1ec3 t\u1ea1o ra trang web n\u1ed9i th\u1ea5t \u0111\u1ed9c \u0111\u00e1o v\u00e0 ph\u00f9 h\u1ee3p v\u1edbi th\u01b0\u01a1ng hi\u1ec7u c\u1ee7a m\u00ecnh. B\u1ea1n c\u00f3 th\u1ec3 t\u00f9y ch\u1ec9nh m\u00e0u s\u1eafc, font ch\u1eef, b\u1ed1 c\u1ee5c trang web v\u00e0 c\u00e1c y\u1ebfu t\u1ed1 thi\u1ebft k\u1ebf kh\u00e1c \u0111\u1ec3 t\u1ea1o ra tr\u1ea3i nghi\u1ec7m tr\u1ef1c quan v\u00e0 \u0111\u1ed9c \u0111\u00e1o<\/p>\n","protected":false},"featured_media":3211,"comment_status":"open","ping_status":"closed","template":"","meta":[],"product_brand":[],"product_cat":[46,50,39],"product_tag":[],"class_list":{"0":"post-3210","1":"product","2":"type-product","3":"status-publish","4":"has-post-thumbnail","6":"product_cat-theme-hot","7":"product_cat-theme-wordpress-gioi-thieu-cong-ty","8":"product_cat-theme-wordpress-noi-that","10":"first","11":"instock","12":"sale","13":"downloadable","14":"shipping-taxable","15":"purchasable","16":"product-type-simple"},"acf":[],"_links":{"self":[{"href":"https:\/\/khogiaodienmau.net\/trumtheme\/wp-json\/wp\/v2\/product\/3210"}],"collection":[{"href":"https:\/\/khogiaodienmau.net\/trumtheme\/wp-json\/wp\/v2\/product"}],"about":[{"href":"https:\/\/khogiaodienmau.net\/trumtheme\/wp-json\/wp\/v2\/types\/product"}],"replies":[{"embeddable":true,"href":"https:\/\/khogiaodienmau.net\/trumtheme\/wp-json\/wp\/v2\/comments?post=3210"}],"wp:featuredmedia":[{"embeddable":true,"href":"https:\/\/khogiaodienmau.net\/trumtheme\/wp-json\/wp\/v2\/media\/3211"}],"wp:attachment":[{"href":"https:\/\/khogiaodienmau.net\/trumtheme\/wp-json\/wp\/v2\/media?parent=3210"}],"wp:term":[{"taxonomy":"product_brand","embeddable":true,"href":"https:\/\/khogiaodienmau.net\/trumtheme\/wp-json\/wp\/v2\/product_brand?post=3210"},{"taxonomy":"product_cat","embeddable":true,"href":"https:\/\/khogiaodienmau.net\/trumtheme\/wp-json\/wp\/v2\/product_cat?post=3210"},{"taxonomy":"product_tag","embeddable":true,"href":"https:\/\/khogiaodienmau.net\/trumtheme\/wp-json\/wp\/v2\/product_tag?post=3210"}],"curies":[{"name":"wp","href":"https:\/\/api.w.org\/{rel}","templated":true}]}}