{"id":3202,"date":"2023-07-06T10:04:09","date_gmt":"2023-07-06T10:04:09","guid":{"rendered":"https:\/\/khogiaodienmau.net\/trumtheme\/?post_type=product&#038;p=3202"},"modified":"2023-07-08T16:58:11","modified_gmt":"2023-07-08T16:58:11","slug":"theme-wordpress-noi-that-31","status":"publish","type":"product","link":"https:\/\/khogiaodienmau.net\/trumtheme\/themes\/theme-wordpress-noi-that-31\/","title":{"rendered":"Theme wordpress n\u1ed9i th\u1ea5t 31"},"content":{"rendered":"","protected":false},"excerpt":{"rendered":"<p>Theme WordPress N\u1ed9i Th\u1ea5t 31 \u0111\u01b0\u1ee3c thi\u1ebft k\u1ebf v\u1edbi s\u1ef1 tinh t\u1ebf v\u00e0 ch\u00fa tr\u1ecdng \u0111\u1ebfn c\u00e1c y\u1ebfu t\u1ed1 thi\u1ebft k\u1ebf n\u1ed9i th\u1ea5t. V\u1edbi m\u00e0u s\u1eafc trang nh\u00e3, b\u1ed1 c\u1ee5c tr\u1ef1c quan v\u00e0 s\u1ef1 k\u1ebft h\u1ee3p h\u00e0i h\u00f2a gi\u1eefa h\u00ecnh \u1ea3nh v\u00e0 n\u1ed9i dung, trang web c\u1ee7a b\u1ea1n s\u1ebd t\u1ecfa s\u00e1ng v\u00e0 thu h\u00fat ng\u01b0\u1eddi d\u00f9ng ngay t\u1eeb c\u00e1i nh\u00ecn \u0111\u1ea7u ti\u00ean<\/p>\n","protected":false},"featured_media":3203,"comment_status":"open","ping_status":"closed","template":"","meta":[],"product_brand":[],"product_cat":[46,50,39],"product_tag":[],"class_list":{"0":"post-3202","1":"product","2":"type-product","3":"status-publish","4":"has-post-thumbnail","6":"product_cat-theme-hot","7":"product_cat-theme-wordpress-gioi-thieu-cong-ty","8":"product_cat-theme-wordpress-noi-that","10":"first","11":"instock","12":"sale","13":"downloadable","14":"shipping-taxable","15":"purchasable","16":"product-type-simple"},"acf":[],"_links":{"self":[{"href":"https:\/\/khogiaodienmau.net\/trumtheme\/wp-json\/wp\/v2\/product\/3202"}],"collection":[{"href":"https:\/\/khogiaodienmau.net\/trumtheme\/wp-json\/wp\/v2\/product"}],"about":[{"href":"https:\/\/khogiaodienmau.net\/trumtheme\/wp-json\/wp\/v2\/types\/product"}],"replies":[{"embeddable":true,"href":"https:\/\/khogiaodienmau.net\/trumtheme\/wp-json\/wp\/v2\/comments?post=3202"}],"wp:featuredmedia":[{"embeddable":true,"href":"https:\/\/khogiaodienmau.net\/trumtheme\/wp-json\/wp\/v2\/media\/3203"}],"wp:attachment":[{"href":"https:\/\/khogiaodienmau.net\/trumtheme\/wp-json\/wp\/v2\/media?parent=3202"}],"wp:term":[{"taxonomy":"product_brand","embeddable":true,"href":"https:\/\/khogiaodienmau.net\/trumtheme\/wp-json\/wp\/v2\/product_brand?post=3202"},{"taxonomy":"product_cat","embeddable":true,"href":"https:\/\/khogiaodienmau.net\/trumtheme\/wp-json\/wp\/v2\/product_cat?post=3202"},{"taxonomy":"product_tag","embeddable":true,"href":"https:\/\/khogiaodienmau.net\/trumtheme\/wp-json\/wp\/v2\/product_tag?post=3202"}],"curies":[{"name":"wp","href":"https:\/\/api.w.org\/{rel}","templated":true}]}}