{"id":3194,"date":"2023-07-06T10:37:56","date_gmt":"2023-07-06T10:37:56","guid":{"rendered":"https:\/\/khogiaodienmau.net\/trumtheme\/?post_type=product&#038;p=3194"},"modified":"2023-07-08T16:56:54","modified_gmt":"2023-07-08T16:56:54","slug":"theme-wordpress-nhom-kinh-2","status":"publish","type":"product","link":"https:\/\/khogiaodienmau.net\/trumtheme\/themes\/theme-wordpress-nhom-kinh-2\/","title":{"rendered":"Theme wordpress nh\u00f4m k\u00ednh 2"},"content":{"rendered":"","protected":false},"excerpt":{"rendered":"<p>Theme WordPress Nh\u00f4m K\u00ednh 2 cung c\u1ea5p nhi\u1ec1u t\u00ednh n\u0103ng t\u00f9y ch\u1ec9nh \u0111\u1ec3 b\u1ea1n t\u1ea1o ra m\u1ed9t trang web \u0111\u1ed9c \u0111\u00e1o v\u00e0 ph\u00f9 h\u1ee3p v\u1edbi th\u01b0\u01a1ng hi\u1ec7u c\u1ee7a m\u00ecnh. B\u1ea1n c\u00f3 th\u1ec3 t\u00f9y ch\u1ec9nh m\u00e0u s\u1eafc, font ch\u1eef, b\u1ed1 c\u1ee5c trang web v\u00e0 c\u00e1c y\u1ebfu t\u1ed1 thi\u1ebft k\u1ebf kh\u00e1c \u0111\u1ec3 t\u1ea1o ra m\u1ed9t tr\u1ea3i nghi\u1ec7m \u0111\u1ed9c \u0111\u00e1o v\u00e0 \u0111\u1ed3ng nh\u1ea5t.<\/p>\n","protected":false},"featured_media":3195,"comment_status":"open","ping_status":"closed","template":"","meta":[],"product_brand":[],"product_cat":[46,50,39,33],"product_tag":[113,112,64,111],"class_list":{"0":"post-3194","1":"product","2":"type-product","3":"status-publish","4":"has-post-thumbnail","6":"product_cat-theme-hot","7":"product_cat-theme-wordpress-gioi-thieu-cong-ty","8":"product_cat-theme-wordpress-noi-that","9":"product_cat-theme-wordpress-xay-dung","10":"product_tag-cua-kinh","11":"product_tag-cua-nhom","12":"product_tag-nhom-kinh","13":"product_tag-theme-wordpress-nhom-kinh","15":"first","16":"instock","17":"sale","18":"downloadable","19":"shipping-taxable","20":"purchasable","21":"product-type-simple"},"acf":[],"_links":{"self":[{"href":"https:\/\/khogiaodienmau.net\/trumtheme\/wp-json\/wp\/v2\/product\/3194"}],"collection":[{"href":"https:\/\/khogiaodienmau.net\/trumtheme\/wp-json\/wp\/v2\/product"}],"about":[{"href":"https:\/\/khogiaodienmau.net\/trumtheme\/wp-json\/wp\/v2\/types\/product"}],"replies":[{"embeddable":true,"href":"https:\/\/khogiaodienmau.net\/trumtheme\/wp-json\/wp\/v2\/comments?post=3194"}],"wp:featuredmedia":[{"embeddable":true,"href":"https:\/\/khogiaodienmau.net\/trumtheme\/wp-json\/wp\/v2\/media\/3195"}],"wp:attachment":[{"href":"https:\/\/khogiaodienmau.net\/trumtheme\/wp-json\/wp\/v2\/media?parent=3194"}],"wp:term":[{"taxonomy":"product_brand","embeddable":true,"href":"https:\/\/khogiaodienmau.net\/trumtheme\/wp-json\/wp\/v2\/product_brand?post=3194"},{"taxonomy":"product_cat","embeddable":true,"href":"https:\/\/khogiaodienmau.net\/trumtheme\/wp-json\/wp\/v2\/product_cat?post=3194"},{"taxonomy":"product_tag","embeddable":true,"href":"https:\/\/khogiaodienmau.net\/trumtheme\/wp-json\/wp\/v2\/product_tag?post=3194"}],"curies":[{"name":"wp","href":"https:\/\/api.w.org\/{rel}","templated":true}]}}