{"id":3178,"date":"2023-06-06T12:23:33","date_gmt":"2023-06-06T12:23:33","guid":{"rendered":"https:\/\/khogiaodienmau.net\/trumtheme\/?post_type=product&#038;p=3178"},"modified":"2023-07-06T12:23:58","modified_gmt":"2023-07-06T12:23:58","slug":"theme-wordpress-ban-sua-2","status":"publish","type":"product","link":"https:\/\/khogiaodienmau.net\/trumtheme\/themes\/theme-wordpress-ban-sua-2\/","title":{"rendered":"Theme wordpress b\u00e1n s\u1eefa 2"},"content":{"rendered":"","protected":false},"excerpt":{"rendered":"<p>Theme WordPress B\u00e1n S\u1eefa 2, b\u1ea1n c\u00f3 kh\u1ea3 n\u0103ng t\u1ea1o danh s\u00e1ch c\u00e1c s\u1ea3n ph\u1ea9m s\u1eefa \u0111a d\u1ea1ng \u0111\u1ec3 b\u00e1n. B\u1ea1n c\u00f3 th\u1ec3 hi\u1ec3n th\u1ecb c\u00e1c \u0111\u1eb7c \u0111i\u1ec3m v\u00e0 c\u00f4ng d\u1ee5ng c\u1ee7a t\u1eebng s\u1ea3n ph\u1ea9m, gi\u00fap kh\u00e1ch h\u00e0ng c\u00f3 c\u00e1i nh\u00ecn t\u1ed5ng quan v\u1ec1 s\u1ef1 \u0111a d\u1ea1ng v\u00e0 ch\u1ea5t l\u01b0\u1ee3ng c\u1ee7a s\u1ea3n ph\u1ea9m s\u1eefa c\u1ee7a b\u1ea1n. Theme c\u0169ng t\u00edch h\u1ee3p c\u00e1c t\u00ednh n\u0103ng c\u1eeda h\u00e0ng tr\u1ef1c tuy\u1ebfn, cho ph\u00e9p b\u1ea1n qu\u1ea3n l\u00fd \u0111\u01a1n h\u00e0ng v\u00e0 thanh to\u00e1n tr\u1ef1c tuy\u1ebfn t\u1eeb trang web c\u1ee7a m\u00ecnh.<\/p>\n","protected":false},"featured_media":3179,"comment_status":"open","ping_status":"closed","template":"","meta":[],"product_brand":[],"product_cat":[26,32,60],"product_tag":[],"class_list":{"0":"post-3178","1":"product","2":"type-product","3":"status-publish","4":"has-post-thumbnail","6":"product_cat-theme-wordpress-ban-hang","7":"product_cat-theme-wordpress-thuc-pham","8":"product_cat-theme-wordpress-thuc-pham-chuc-nang","10":"first","11":"instock","12":"sale","13":"downloadable","14":"shipping-taxable","15":"purchasable","16":"product-type-simple"},"acf":[],"_links":{"self":[{"href":"https:\/\/khogiaodienmau.net\/trumtheme\/wp-json\/wp\/v2\/product\/3178"}],"collection":[{"href":"https:\/\/khogiaodienmau.net\/trumtheme\/wp-json\/wp\/v2\/product"}],"about":[{"href":"https:\/\/khogiaodienmau.net\/trumtheme\/wp-json\/wp\/v2\/types\/product"}],"replies":[{"embeddable":true,"href":"https:\/\/khogiaodienmau.net\/trumtheme\/wp-json\/wp\/v2\/comments?post=3178"}],"wp:featuredmedia":[{"embeddable":true,"href":"https:\/\/khogiaodienmau.net\/trumtheme\/wp-json\/wp\/v2\/media\/3179"}],"wp:attachment":[{"href":"https:\/\/khogiaodienmau.net\/trumtheme\/wp-json\/wp\/v2\/media?parent=3178"}],"wp:term":[{"taxonomy":"product_brand","embeddable":true,"href":"https:\/\/khogiaodienmau.net\/trumtheme\/wp-json\/wp\/v2\/product_brand?post=3178"},{"taxonomy":"product_cat","embeddable":true,"href":"https:\/\/khogiaodienmau.net\/trumtheme\/wp-json\/wp\/v2\/product_cat?post=3178"},{"taxonomy":"product_tag","embeddable":true,"href":"https:\/\/khogiaodienmau.net\/trumtheme\/wp-json\/wp\/v2\/product_tag?post=3178"}],"curies":[{"name":"wp","href":"https:\/\/api.w.org\/{rel}","templated":true}]}}