{"id":3166,"date":"2023-07-06T12:32:40","date_gmt":"2023-07-06T12:32:40","guid":{"rendered":"https:\/\/khogiaodienmau.net\/trumtheme\/?post_type=product&#038;p=3166"},"modified":"2023-07-06T12:33:24","modified_gmt":"2023-07-06T12:33:24","slug":"theme-wordpress-xuat-ban-sach","status":"publish","type":"product","link":"https:\/\/khogiaodienmau.net\/trumtheme\/themes\/theme-wordpress-xuat-ban-sach\/","title":{"rendered":"Theme wordpress xu\u1ea5t b\u1ea3n s\u00e1ch"},"content":{"rendered":"","protected":false},"excerpt":{"rendered":"<p>Theme WordPress Xu\u1ea5t B\u1ea3n S\u00e1ch gi\u00fap b\u1ea1n t\u1ea1o ra m\u1ed9t trang web \u1ea5n t\u01b0\u1ee3ng v\u00e0 chuy\u00ean nghi\u1ec7p cho vi\u1ec7c qu\u1ea3ng b\u00e1 c\u00e1c t\u00e1c ph\u1ea9m c\u1ee7a m\u00ecnh. V\u1edbi nh\u1eefng t\u00ednh n\u0103ng t\u00f9y ch\u1ec9nh linh ho\u1ea1t, b\u1ea1n c\u00f3 th\u1ec3 t\u1ea1o n\u00ean m\u1ed9t tr\u1ea3i nghi\u1ec7m duy\u1ec7t s\u00e1ch tr\u1ef1c tuy\u1ebfn h\u1ea5p d\u1eabn cho ng\u01b0\u1eddi \u0111\u1ecdc.<\/p>\n","protected":false},"featured_media":3235,"comment_status":"open","ping_status":"closed","template":"","meta":[],"product_brand":[],"product_cat":[26,57,50],"product_tag":[],"class_list":{"0":"post-3166","1":"product","2":"type-product","3":"status-publish","4":"has-post-thumbnail","6":"product_cat-theme-wordpress-ban-hang","7":"product_cat-theme-wordpress-dich-vu","8":"product_cat-theme-wordpress-gioi-thieu-cong-ty","10":"first","11":"instock","12":"sale","13":"downloadable","14":"shipping-taxable","15":"purchasable","16":"product-type-simple"},"acf":[],"_links":{"self":[{"href":"https:\/\/khogiaodienmau.net\/trumtheme\/wp-json\/wp\/v2\/product\/3166"}],"collection":[{"href":"https:\/\/khogiaodienmau.net\/trumtheme\/wp-json\/wp\/v2\/product"}],"about":[{"href":"https:\/\/khogiaodienmau.net\/trumtheme\/wp-json\/wp\/v2\/types\/product"}],"replies":[{"embeddable":true,"href":"https:\/\/khogiaodienmau.net\/trumtheme\/wp-json\/wp\/v2\/comments?post=3166"}],"wp:featuredmedia":[{"embeddable":true,"href":"https:\/\/khogiaodienmau.net\/trumtheme\/wp-json\/wp\/v2\/media\/3235"}],"wp:attachment":[{"href":"https:\/\/khogiaodienmau.net\/trumtheme\/wp-json\/wp\/v2\/media?parent=3166"}],"wp:term":[{"taxonomy":"product_brand","embeddable":true,"href":"https:\/\/khogiaodienmau.net\/trumtheme\/wp-json\/wp\/v2\/product_brand?post=3166"},{"taxonomy":"product_cat","embeddable":true,"href":"https:\/\/khogiaodienmau.net\/trumtheme\/wp-json\/wp\/v2\/product_cat?post=3166"},{"taxonomy":"product_tag","embeddable":true,"href":"https:\/\/khogiaodienmau.net\/trumtheme\/wp-json\/wp\/v2\/product_tag?post=3166"}],"curies":[{"name":"wp","href":"https:\/\/api.w.org\/{rel}","templated":true}]}}