{"id":3164,"date":"2023-06-06T12:34:17","date_gmt":"2023-06-06T12:34:17","guid":{"rendered":"https:\/\/khogiaodienmau.net\/trumtheme\/?post_type=product&#038;p=3164"},"modified":"2023-07-06T14:56:38","modified_gmt":"2023-07-06T14:56:38","slug":"theme-wordpress-dich-vu-ve-sinh-4","status":"publish","type":"product","link":"https:\/\/khogiaodienmau.net\/trumtheme\/themes\/theme-wordpress-dich-vu-ve-sinh-4\/","title":{"rendered":"Theme wordpress d\u1ecbch v\u1ee5 v\u1ec7 sinh 4"},"content":{"rendered":"","protected":false},"excerpt":{"rendered":"<p>Theme WordPress D\u1ecbch v\u1ee5 V\u1ec7 sinh 4 \u0111\u00e3 \u0111\u01b0\u1ee3c t\u1ed1i \u01b0u h\u00f3a cho c\u00f4ng c\u1ee5 t\u00ecm ki\u1ebfm, gi\u00fap trang web c\u1ee7a b\u1ea1n \u0111\u1ea1t th\u1ee9 h\u1ea1ng cao tr\u00ean c\u00e1c k\u1ebft qu\u1ea3 t\u00ecm ki\u1ebfm. T\u1eeb c\u1ea5u tr\u00fac URL th\u00e2n thi\u1ec7n v\u1edbi m\u00e1y ch\u1ee7 \u0111\u1ebfn thi\u1ebft k\u1ebf t\u1ed1i \u01b0u cho SEO, theme s\u1ebd gi\u00fap b\u1ea1n thu h\u00fat l\u01b0\u1ee3ng l\u1edbn l\u01b0\u1ee3t truy c\u1eadp t\u1eeb kh\u00e1ch h\u00e0ng ti\u1ec1m n\u0103ng v\u00e0 t\u0103ng c\u01b0\u1eddng kh\u1ea3 n\u0103ng t\u00ecm th\u1ea5y c\u1ee7a trang web.<\/p>\n","protected":false},"featured_media":3165,"comment_status":"open","ping_status":"closed","template":"","meta":[],"product_brand":[],"product_cat":[59,57,50],"product_tag":[],"class_list":{"0":"post-3164","1":"product","2":"type-product","3":"status-publish","4":"has-post-thumbnail","6":"product_cat-theme-wordprerss-dich-vu-ve-sinh","7":"product_cat-theme-wordpress-dich-vu","8":"product_cat-theme-wordpress-gioi-thieu-cong-ty","10":"first","11":"instock","12":"sale","13":"downloadable","14":"shipping-taxable","15":"purchasable","16":"product-type-simple"},"acf":[],"_links":{"self":[{"href":"https:\/\/khogiaodienmau.net\/trumtheme\/wp-json\/wp\/v2\/product\/3164"}],"collection":[{"href":"https:\/\/khogiaodienmau.net\/trumtheme\/wp-json\/wp\/v2\/product"}],"about":[{"href":"https:\/\/khogiaodienmau.net\/trumtheme\/wp-json\/wp\/v2\/types\/product"}],"replies":[{"embeddable":true,"href":"https:\/\/khogiaodienmau.net\/trumtheme\/wp-json\/wp\/v2\/comments?post=3164"}],"wp:featuredmedia":[{"embeddable":true,"href":"https:\/\/khogiaodienmau.net\/trumtheme\/wp-json\/wp\/v2\/media\/3165"}],"wp:attachment":[{"href":"https:\/\/khogiaodienmau.net\/trumtheme\/wp-json\/wp\/v2\/media?parent=3164"}],"wp:term":[{"taxonomy":"product_brand","embeddable":true,"href":"https:\/\/khogiaodienmau.net\/trumtheme\/wp-json\/wp\/v2\/product_brand?post=3164"},{"taxonomy":"product_cat","embeddable":true,"href":"https:\/\/khogiaodienmau.net\/trumtheme\/wp-json\/wp\/v2\/product_cat?post=3164"},{"taxonomy":"product_tag","embeddable":true,"href":"https:\/\/khogiaodienmau.net\/trumtheme\/wp-json\/wp\/v2\/product_tag?post=3164"}],"curies":[{"name":"wp","href":"https:\/\/api.w.org\/{rel}","templated":true}]}}