{"id":3160,"date":"2023-06-06T12:36:34","date_gmt":"2023-06-06T12:36:34","guid":{"rendered":"https:\/\/khogiaodienmau.net\/trumtheme\/?post_type=product&#038;p=3160"},"modified":"2023-07-06T14:56:00","modified_gmt":"2023-07-06T14:56:00","slug":"theme-wordpress-dich-vu-van-chuyen-2","status":"publish","type":"product","link":"https:\/\/khogiaodienmau.net\/trumtheme\/themes\/theme-wordpress-dich-vu-van-chuyen-2\/","title":{"rendered":"Theme wordpress d\u1ecbch v\u1ee5 v\u1eadn chuy\u1ec3n 2"},"content":{"rendered":"","protected":false},"excerpt":{"rendered":"<p>Theme WordPress D\u1ecbch v\u1ee5 V\u1eadn chuy\u1ec3n 2 \u0111\u01b0\u1ee3c thi\u1ebft k\u1ebf v\u1edbi giao di\u1ec7n chuy\u00ean nghi\u1ec7p, s\u1eafc n\u00e9t v\u00e0 h\u1ea5p d\u1eabn. B\u1ea1n c\u00f3 th\u1ec3 hi\u1ec3n th\u1ecb c\u00e1c d\u1ecbch v\u1ee5 v\u1eadn chuy\u1ec3n c\u1ee7a m\u00ecnh m\u1ed9t c\u00e1ch r\u00f5 r\u00e0ng v\u00e0 thu h\u00fat kh\u00e1ch h\u00e0ng. T\u1eeb nh\u1eefng chi ti\u1ebft v\u1ec1 d\u1ecbch v\u1ee5 \u0111\u1ebfn h\u00ecnh \u1ea3nh v\u00e0 th\u00f4ng tin li\u00ean h\u1ec7, b\u1ea1n c\u00f3 th\u1ec3 t\u1ea1o n\u00ean m\u1ed9t tr\u1ea3i nghi\u1ec7m ng\u01b0\u1eddi d\u00f9ng t\u1ed1t nh\u1ea5t.<\/p>\n","protected":false},"featured_media":3161,"comment_status":"open","ping_status":"closed","template":"","meta":[],"product_brand":[],"product_cat":[46,57,50],"product_tag":[],"class_list":{"0":"post-3160","1":"product","2":"type-product","3":"status-publish","4":"has-post-thumbnail","6":"product_cat-theme-hot","7":"product_cat-theme-wordpress-dich-vu","8":"product_cat-theme-wordpress-gioi-thieu-cong-ty","10":"first","11":"instock","12":"sale","13":"downloadable","14":"shipping-taxable","15":"purchasable","16":"product-type-simple"},"acf":[],"_links":{"self":[{"href":"https:\/\/khogiaodienmau.net\/trumtheme\/wp-json\/wp\/v2\/product\/3160"}],"collection":[{"href":"https:\/\/khogiaodienmau.net\/trumtheme\/wp-json\/wp\/v2\/product"}],"about":[{"href":"https:\/\/khogiaodienmau.net\/trumtheme\/wp-json\/wp\/v2\/types\/product"}],"replies":[{"embeddable":true,"href":"https:\/\/khogiaodienmau.net\/trumtheme\/wp-json\/wp\/v2\/comments?post=3160"}],"wp:featuredmedia":[{"embeddable":true,"href":"https:\/\/khogiaodienmau.net\/trumtheme\/wp-json\/wp\/v2\/media\/3161"}],"wp:attachment":[{"href":"https:\/\/khogiaodienmau.net\/trumtheme\/wp-json\/wp\/v2\/media?parent=3160"}],"wp:term":[{"taxonomy":"product_brand","embeddable":true,"href":"https:\/\/khogiaodienmau.net\/trumtheme\/wp-json\/wp\/v2\/product_brand?post=3160"},{"taxonomy":"product_cat","embeddable":true,"href":"https:\/\/khogiaodienmau.net\/trumtheme\/wp-json\/wp\/v2\/product_cat?post=3160"},{"taxonomy":"product_tag","embeddable":true,"href":"https:\/\/khogiaodienmau.net\/trumtheme\/wp-json\/wp\/v2\/product_tag?post=3160"}],"curies":[{"name":"wp","href":"https:\/\/api.w.org\/{rel}","templated":true}]}}