{"id":3158,"date":"2023-07-06T12:37:43","date_gmt":"2023-07-06T12:37:43","guid":{"rendered":"https:\/\/khogiaodienmau.net\/trumtheme\/?post_type=product&#038;p=3158"},"modified":"2023-07-06T12:37:56","modified_gmt":"2023-07-06T12:37:56","slug":"theme-wordpress-ban-xe-toyota-3","status":"publish","type":"product","link":"https:\/\/khogiaodienmau.net\/trumtheme\/themes\/theme-wordpress-ban-xe-toyota-3\/","title":{"rendered":"Theme wordpress b\u00e1n xe toyota 3"},"content":{"rendered":"","protected":false},"excerpt":{"rendered":"<p>Theme WordPress b\u00e1n xe Toyota 3 \u0111\u01b0\u1ee3c thi\u1ebft k\u1ebf v\u1edbi giao di\u1ec7n chuy\u00ean nghi\u1ec7p, s\u1eafc n\u00e9t v\u00e0 \u0111\u00e1ng tin c\u1eady. B\u1ea1n c\u00f3 th\u1ec3 hi\u1ec3n th\u1ecb nh\u1eefng chi\u1ebfc xe Toyota c\u1ee7a m\u00ecnh m\u1ed9t c\u00e1ch h\u1ea5p d\u1eabn v\u00e0 chuy\u00ean nghi\u1ec7p, t\u1eeb nh\u1eefng chi ti\u1ebft v\u1ec1 s\u1ea3n ph\u1ea9m \u0111\u1ebfn h\u00ecnh \u1ea3nh v\u00e0 th\u00f4ng tin k\u1ef9 thu\u1eadt. \u0110i\u1ec1u n\u00e0y s\u1ebd gi\u00fap t\u1ea1o l\u00f2ng tin v\u00e0 thu h\u00fat kh\u00e1ch h\u00e0ng ti\u1ec1m n\u0103ng.<\/p>\n","protected":false},"featured_media":3159,"comment_status":"open","ping_status":"closed","template":"","meta":[],"product_brand":[],"product_cat":[46,26,40],"product_tag":[],"class_list":{"0":"post-3158","1":"product","2":"type-product","3":"status-publish","4":"has-post-thumbnail","6":"product_cat-theme-hot","7":"product_cat-theme-wordpress-ban-hang","8":"product_cat-theme-wordpress-ban-o-to","10":"first","11":"instock","12":"sale","13":"downloadable","14":"shipping-taxable","15":"purchasable","16":"product-type-simple"},"acf":[],"_links":{"self":[{"href":"https:\/\/khogiaodienmau.net\/trumtheme\/wp-json\/wp\/v2\/product\/3158"}],"collection":[{"href":"https:\/\/khogiaodienmau.net\/trumtheme\/wp-json\/wp\/v2\/product"}],"about":[{"href":"https:\/\/khogiaodienmau.net\/trumtheme\/wp-json\/wp\/v2\/types\/product"}],"replies":[{"embeddable":true,"href":"https:\/\/khogiaodienmau.net\/trumtheme\/wp-json\/wp\/v2\/comments?post=3158"}],"wp:featuredmedia":[{"embeddable":true,"href":"https:\/\/khogiaodienmau.net\/trumtheme\/wp-json\/wp\/v2\/media\/3159"}],"wp:attachment":[{"href":"https:\/\/khogiaodienmau.net\/trumtheme\/wp-json\/wp\/v2\/media?parent=3158"}],"wp:term":[{"taxonomy":"product_brand","embeddable":true,"href":"https:\/\/khogiaodienmau.net\/trumtheme\/wp-json\/wp\/v2\/product_brand?post=3158"},{"taxonomy":"product_cat","embeddable":true,"href":"https:\/\/khogiaodienmau.net\/trumtheme\/wp-json\/wp\/v2\/product_cat?post=3158"},{"taxonomy":"product_tag","embeddable":true,"href":"https:\/\/khogiaodienmau.net\/trumtheme\/wp-json\/wp\/v2\/product_tag?post=3158"}],"curies":[{"name":"wp","href":"https:\/\/api.w.org\/{rel}","templated":true}]}}