{"id":3156,"date":"2023-06-06T12:38:03","date_gmt":"2023-06-06T12:38:03","guid":{"rendered":"https:\/\/khogiaodienmau.net\/trumtheme\/?post_type=product&#038;p=3156"},"modified":"2023-07-06T12:38:57","modified_gmt":"2023-07-06T12:38:57","slug":"theme-wordpress-tin-tuc-23","status":"publish","type":"product","link":"https:\/\/khogiaodienmau.net\/trumtheme\/themes\/theme-wordpress-tin-tuc-23\/","title":{"rendered":"Theme wordpress tin t\u1ee9c 23"},"content":{"rendered":"","protected":false},"excerpt":{"rendered":"<p>Theme WordPress Tin T\u1ee9c 23 c\u00f3 thi\u1ebft k\u1ebf hi\u1ec7n \u0111\u1ea1i, s\u1eafc n\u00e9t v\u00e0 h\u1ea5p d\u1eabn. Giao di\u1ec7n tr\u1ef1c quan v\u00e0 b\u1ed1 c\u1ee5c \u0111\u1eb9p m\u1eaft s\u1ebd thu h\u00fat ng\u01b0\u1eddi \u0111\u1ecdc ngay t\u1eeb c\u00e1i nh\u00ecn \u0111\u1ea7u ti\u00ean. B\u1ea1n c\u00f3 th\u1ec3 t\u00f9y ch\u1ec9nh giao di\u1ec7n theo \u00fd mu\u1ed1n \u0111\u1ec3 ph\u00f9 h\u1ee3p v\u1edbi th\u01b0\u01a1ng hi\u1ec7u v\u00e0 phong c\u00e1ch c\u1ee7a m\u00ecnh.<\/p>\n","protected":false},"featured_media":3157,"comment_status":"open","ping_status":"closed","template":"","meta":[],"product_brand":[],"product_cat":[18],"product_tag":[],"class_list":{"0":"post-3156","1":"product","2":"type-product","3":"status-publish","4":"has-post-thumbnail","6":"product_cat-theme-wordpress-tin-tuc","8":"first","9":"instock","10":"sale","11":"downloadable","12":"shipping-taxable","13":"purchasable","14":"product-type-simple"},"acf":[],"_links":{"self":[{"href":"https:\/\/khogiaodienmau.net\/trumtheme\/wp-json\/wp\/v2\/product\/3156"}],"collection":[{"href":"https:\/\/khogiaodienmau.net\/trumtheme\/wp-json\/wp\/v2\/product"}],"about":[{"href":"https:\/\/khogiaodienmau.net\/trumtheme\/wp-json\/wp\/v2\/types\/product"}],"replies":[{"embeddable":true,"href":"https:\/\/khogiaodienmau.net\/trumtheme\/wp-json\/wp\/v2\/comments?post=3156"}],"wp:featuredmedia":[{"embeddable":true,"href":"https:\/\/khogiaodienmau.net\/trumtheme\/wp-json\/wp\/v2\/media\/3157"}],"wp:attachment":[{"href":"https:\/\/khogiaodienmau.net\/trumtheme\/wp-json\/wp\/v2\/media?parent=3156"}],"wp:term":[{"taxonomy":"product_brand","embeddable":true,"href":"https:\/\/khogiaodienmau.net\/trumtheme\/wp-json\/wp\/v2\/product_brand?post=3156"},{"taxonomy":"product_cat","embeddable":true,"href":"https:\/\/khogiaodienmau.net\/trumtheme\/wp-json\/wp\/v2\/product_cat?post=3156"},{"taxonomy":"product_tag","embeddable":true,"href":"https:\/\/khogiaodienmau.net\/trumtheme\/wp-json\/wp\/v2\/product_tag?post=3156"}],"curies":[{"name":"wp","href":"https:\/\/api.w.org\/{rel}","templated":true}]}}