{"id":3152,"date":"2023-06-06T12:40:58","date_gmt":"2023-06-06T12:40:58","guid":{"rendered":"https:\/\/khogiaodienmau.net\/trumtheme\/?post_type=product&#038;p=3152"},"modified":"2023-07-06T14:55:22","modified_gmt":"2023-07-06T14:55:22","slug":"theme-wordpress-tin-tuc-20-tin-tuc-phat-giao","status":"publish","type":"product","link":"https:\/\/khogiaodienmau.net\/trumtheme\/themes\/theme-wordpress-tin-tuc-20-tin-tuc-phat-giao\/","title":{"rendered":"Theme wordpress tin t\u1ee9c 20 Tin t\u1ee9c ph\u1eadt gi\u00e1o"},"content":{"rendered":"","protected":false},"excerpt":{"rendered":"<p>Theme WordPress Tin T\u1ee9c 20 \u0111\u01b0\u1ee3c thi\u1ebft k\u1ebf v\u1edbi giao di\u1ec7n \u0111\u1eb9p m\u1eaft, hi\u1ec7n \u0111\u1ea1i v\u00e0 tinh t\u1ebf. Thi\u1ebft k\u1ebf responsive gi\u00fap trang web c\u1ee7a b\u1ea1n hi\u1ec3n th\u1ecb ho\u00e0n h\u1ea3o tr\u00ean m\u1ecdi thi\u1ebft b\u1ecb v\u00e0 m\u00e0n h\u00ecnh, \u0111\u1ea3m b\u1ea3o \u0111\u1ed9c gi\u1ea3 c\u00f3 tr\u1ea3i nghi\u1ec7m tuy\u1ec7t v\u1eddi b\u1ea5t k\u1ec3 thi\u1ebft b\u1ecb s\u1eed d\u1ee5ng.<\/p>\n","protected":false},"featured_media":3153,"comment_status":"open","ping_status":"closed","template":"","meta":[],"product_brand":[],"product_cat":[18],"product_tag":[],"class_list":{"0":"post-3152","1":"product","2":"type-product","3":"status-publish","4":"has-post-thumbnail","6":"product_cat-theme-wordpress-tin-tuc","8":"first","9":"instock","10":"sale","11":"downloadable","12":"shipping-taxable","13":"purchasable","14":"product-type-simple"},"acf":[],"_links":{"self":[{"href":"https:\/\/khogiaodienmau.net\/trumtheme\/wp-json\/wp\/v2\/product\/3152"}],"collection":[{"href":"https:\/\/khogiaodienmau.net\/trumtheme\/wp-json\/wp\/v2\/product"}],"about":[{"href":"https:\/\/khogiaodienmau.net\/trumtheme\/wp-json\/wp\/v2\/types\/product"}],"replies":[{"embeddable":true,"href":"https:\/\/khogiaodienmau.net\/trumtheme\/wp-json\/wp\/v2\/comments?post=3152"}],"wp:featuredmedia":[{"embeddable":true,"href":"https:\/\/khogiaodienmau.net\/trumtheme\/wp-json\/wp\/v2\/media\/3153"}],"wp:attachment":[{"href":"https:\/\/khogiaodienmau.net\/trumtheme\/wp-json\/wp\/v2\/media?parent=3152"}],"wp:term":[{"taxonomy":"product_brand","embeddable":true,"href":"https:\/\/khogiaodienmau.net\/trumtheme\/wp-json\/wp\/v2\/product_brand?post=3152"},{"taxonomy":"product_cat","embeddable":true,"href":"https:\/\/khogiaodienmau.net\/trumtheme\/wp-json\/wp\/v2\/product_cat?post=3152"},{"taxonomy":"product_tag","embeddable":true,"href":"https:\/\/khogiaodienmau.net\/trumtheme\/wp-json\/wp\/v2\/product_tag?post=3152"}],"curies":[{"name":"wp","href":"https:\/\/api.w.org\/{rel}","templated":true}]}}