{"id":3134,"date":"2023-06-06T11:54:25","date_gmt":"2023-06-06T11:54:25","guid":{"rendered":"https:\/\/khogiaodienmau.net\/trumtheme\/?post_type=product&#038;p=3134"},"modified":"2023-07-06T11:55:37","modified_gmt":"2023-07-06T11:55:37","slug":"theme-wordpress-shop-ban-den-chum","status":"publish","type":"product","link":"https:\/\/khogiaodienmau.net\/trumtheme\/themes\/theme-wordpress-shop-ban-den-chum\/","title":{"rendered":"Theme wordpress shop b\u00e1n \u0111\u00e8n ch\u00f9m"},"content":{"rendered":"","protected":false},"excerpt":{"rendered":"<p>Theme WordPress Shop B\u00e1n \u0110\u00e8n Ch\u00f9m c\u00f3 thi\u1ebft k\u1ebf \u0111\u1eb9p v\u00e0 sang tr\u1ecdng, t\u1ea1o n\u00ean m\u1ed9t trang web v\u1edbi phong c\u00e1ch \u0111\u1ed9c \u0111\u00e1o. C\u00e1c \u0111\u00e8n ch\u00f9m \u0111\u01b0\u1ee3c tr\u01b0ng b\u00e0y m\u1ed9t c\u00e1ch tinh t\u1ebf v\u00e0 h\u1ea5p d\u1eabn, gi\u00fap kh\u00e1ch h\u00e0ng d\u1ec5 d\u00e0ng l\u1ef1a ch\u1ecdn v\u00e0 mua s\u1eafm<\/p>\n","protected":false},"featured_media":3135,"comment_status":"open","ping_status":"closed","template":"","meta":[],"product_brand":[],"product_cat":[46,26,54],"product_tag":[],"class_list":{"0":"post-3134","1":"product","2":"type-product","3":"status-publish","4":"has-post-thumbnail","6":"product_cat-theme-hot","7":"product_cat-theme-wordpress-ban-hang","8":"product_cat-theme-wordpress-dien-nuoc","10":"first","11":"instock","12":"sale","13":"downloadable","14":"shipping-taxable","15":"purchasable","16":"product-type-simple"},"acf":[],"_links":{"self":[{"href":"https:\/\/khogiaodienmau.net\/trumtheme\/wp-json\/wp\/v2\/product\/3134"}],"collection":[{"href":"https:\/\/khogiaodienmau.net\/trumtheme\/wp-json\/wp\/v2\/product"}],"about":[{"href":"https:\/\/khogiaodienmau.net\/trumtheme\/wp-json\/wp\/v2\/types\/product"}],"replies":[{"embeddable":true,"href":"https:\/\/khogiaodienmau.net\/trumtheme\/wp-json\/wp\/v2\/comments?post=3134"}],"wp:featuredmedia":[{"embeddable":true,"href":"https:\/\/khogiaodienmau.net\/trumtheme\/wp-json\/wp\/v2\/media\/3135"}],"wp:attachment":[{"href":"https:\/\/khogiaodienmau.net\/trumtheme\/wp-json\/wp\/v2\/media?parent=3134"}],"wp:term":[{"taxonomy":"product_brand","embeddable":true,"href":"https:\/\/khogiaodienmau.net\/trumtheme\/wp-json\/wp\/v2\/product_brand?post=3134"},{"taxonomy":"product_cat","embeddable":true,"href":"https:\/\/khogiaodienmau.net\/trumtheme\/wp-json\/wp\/v2\/product_cat?post=3134"},{"taxonomy":"product_tag","embeddable":true,"href":"https:\/\/khogiaodienmau.net\/trumtheme\/wp-json\/wp\/v2\/product_tag?post=3134"}],"curies":[{"name":"wp","href":"https:\/\/api.w.org\/{rel}","templated":true}]}}