{"id":3132,"date":"2023-07-06T11:53:57","date_gmt":"2023-07-06T11:53:57","guid":{"rendered":"https:\/\/khogiaodienmau.net\/trumtheme\/?post_type=product&#038;p=3132"},"modified":"2023-07-06T11:54:12","modified_gmt":"2023-07-06T11:54:12","slug":"theme-wordpress-den-led-3","status":"publish","type":"product","link":"https:\/\/khogiaodienmau.net\/trumtheme\/themes\/theme-wordpress-den-led-3\/","title":{"rendered":"Theme wordpress \u0111\u00e8n led 3"},"content":{"rendered":"","protected":false},"excerpt":{"rendered":"<p>Theme WordPress \u0110\u00e8n LED 3 \u0111\u01b0\u1ee3c thi\u1ebft k\u1ebf \u0111\u1eb9p m\u1eaft, v\u1edbi giao di\u1ec7n chuy\u00ean nghi\u1ec7p v\u00e0 s\u1eafc n\u00e9t. C\u00e1c hi\u1ec7u \u1ee9ng h\u1ea5p d\u1eabn v\u00e0 m\u00e0u s\u1eafc t\u01b0\u01a1i s\u00e1ng t\u1ea1o n\u00ean m\u1ed9t trang web n\u1ed5i b\u1eadt v\u00e0 thu h\u00fat ng\u01b0\u1eddi d\u00f9ng. B\u1ea1n c\u00f3 th\u1ec3 tr\u01b0ng b\u00e0y c\u00e1c lo\u1ea1i \u0111\u00e8n LED v\u00e0 \u00e1nh s\u00e1ng, cung c\u1ea5p th\u00f4ng tin chi ti\u1ebft v\u00e0 h\u00ecnh \u1ea3nh ch\u1ea5t l\u01b0\u1ee3ng cao \u0111\u1ec3 t\u1ea1o ni\u1ec1m tin v\u00e0 s\u1ef1 h\u1ee9ng th\u00fa cho kh\u00e1ch h\u00e0ng.<\/p>\n","protected":false},"featured_media":3133,"comment_status":"open","ping_status":"closed","template":"","meta":[],"product_brand":[],"product_cat":[46,26,27,54],"product_tag":[],"class_list":{"0":"post-3132","1":"product","2":"type-product","3":"status-publish","4":"has-post-thumbnail","6":"product_cat-theme-hot","7":"product_cat-theme-wordpress-ban-hang","8":"product_cat-theme-wordpress-dien-may","9":"product_cat-theme-wordpress-dien-nuoc","11":"first","12":"instock","13":"sale","14":"downloadable","15":"shipping-taxable","16":"purchasable","17":"product-type-simple"},"acf":[],"_links":{"self":[{"href":"https:\/\/khogiaodienmau.net\/trumtheme\/wp-json\/wp\/v2\/product\/3132"}],"collection":[{"href":"https:\/\/khogiaodienmau.net\/trumtheme\/wp-json\/wp\/v2\/product"}],"about":[{"href":"https:\/\/khogiaodienmau.net\/trumtheme\/wp-json\/wp\/v2\/types\/product"}],"replies":[{"embeddable":true,"href":"https:\/\/khogiaodienmau.net\/trumtheme\/wp-json\/wp\/v2\/comments?post=3132"}],"wp:featuredmedia":[{"embeddable":true,"href":"https:\/\/khogiaodienmau.net\/trumtheme\/wp-json\/wp\/v2\/media\/3133"}],"wp:attachment":[{"href":"https:\/\/khogiaodienmau.net\/trumtheme\/wp-json\/wp\/v2\/media?parent=3132"}],"wp:term":[{"taxonomy":"product_brand","embeddable":true,"href":"https:\/\/khogiaodienmau.net\/trumtheme\/wp-json\/wp\/v2\/product_brand?post=3132"},{"taxonomy":"product_cat","embeddable":true,"href":"https:\/\/khogiaodienmau.net\/trumtheme\/wp-json\/wp\/v2\/product_cat?post=3132"},{"taxonomy":"product_tag","embeddable":true,"href":"https:\/\/khogiaodienmau.net\/trumtheme\/wp-json\/wp\/v2\/product_tag?post=3132"}],"curies":[{"name":"wp","href":"https:\/\/api.w.org\/{rel}","templated":true}]}}