{"id":3130,"date":"2023-07-06T11:52:48","date_gmt":"2023-07-06T11:52:48","guid":{"rendered":"https:\/\/khogiaodienmau.net\/trumtheme\/?post_type=product&#038;p=3130"},"modified":"2023-07-06T11:53:07","modified_gmt":"2023-07-06T11:53:07","slug":"theme-wordpress-dien-may-8","status":"publish","type":"product","link":"https:\/\/khogiaodienmau.net\/trumtheme\/themes\/theme-wordpress-dien-may-8\/","title":{"rendered":"Theme wordpress \u0111i\u1ec7n m\u00e1y 8"},"content":{"rendered":"","protected":false},"excerpt":{"rendered":"<p>Theme WordPress \u0110i\u1ec7n M\u00e1y 8 c\u00f3 thi\u1ebft k\u1ebf chuy\u00ean nghi\u1ec7p v\u00e0 hi\u1ec7n \u0111\u1ea1i, t\u1ea1o n\u00ean m\u1ed9t trang web \u0111\u1eb9p m\u1eaft v\u00e0 \u0111\u00e1ng tin c\u1eady. Giao di\u1ec7n s\u00e1ng s\u1ee7a, b\u1ed1 c\u1ee5c tr\u1ef1c quan v\u00e0 s\u1eafc n\u00e9t gi\u00fap kh\u00e1ch h\u00e0ng d\u1ec5 d\u00e0ng t\u00ecm ki\u1ebfm v\u00e0 kh\u00e1m ph\u00e1 c\u00e1c s\u1ea3n ph\u1ea9m \u0111i\u1ec7n m\u00e1y m\u1ed9t c\u00e1ch thu\u1eadn ti\u1ec7n. B\u1ea1n c\u00f3 th\u1ec3 hi\u1ec3n th\u1ecb c\u00e1c s\u1ea3n ph\u1ea9m, h\u00ecnh \u1ea3nh chi ti\u1ebft v\u00e0 th\u00f4ng tin k\u1ef9 thu\u1eadt \u0111\u1ec3 t\u1ea1o s\u1ef1 tin t\u01b0\u1edfng v\u00e0 h\u1ea5p d\u1eabn kh\u00e1ch h\u00e0ng.<\/p>\n","protected":false},"featured_media":3131,"comment_status":"open","ping_status":"closed","template":"","meta":[],"product_brand":[],"product_cat":[46,26,27],"product_tag":[],"class_list":{"0":"post-3130","1":"product","2":"type-product","3":"status-publish","4":"has-post-thumbnail","6":"product_cat-theme-hot","7":"product_cat-theme-wordpress-ban-hang","8":"product_cat-theme-wordpress-dien-may","10":"first","11":"instock","12":"sale","13":"downloadable","14":"shipping-taxable","15":"purchasable","16":"product-type-simple"},"acf":[],"_links":{"self":[{"href":"https:\/\/khogiaodienmau.net\/trumtheme\/wp-json\/wp\/v2\/product\/3130"}],"collection":[{"href":"https:\/\/khogiaodienmau.net\/trumtheme\/wp-json\/wp\/v2\/product"}],"about":[{"href":"https:\/\/khogiaodienmau.net\/trumtheme\/wp-json\/wp\/v2\/types\/product"}],"replies":[{"embeddable":true,"href":"https:\/\/khogiaodienmau.net\/trumtheme\/wp-json\/wp\/v2\/comments?post=3130"}],"wp:featuredmedia":[{"embeddable":true,"href":"https:\/\/khogiaodienmau.net\/trumtheme\/wp-json\/wp\/v2\/media\/3131"}],"wp:attachment":[{"href":"https:\/\/khogiaodienmau.net\/trumtheme\/wp-json\/wp\/v2\/media?parent=3130"}],"wp:term":[{"taxonomy":"product_brand","embeddable":true,"href":"https:\/\/khogiaodienmau.net\/trumtheme\/wp-json\/wp\/v2\/product_brand?post=3130"},{"taxonomy":"product_cat","embeddable":true,"href":"https:\/\/khogiaodienmau.net\/trumtheme\/wp-json\/wp\/v2\/product_cat?post=3130"},{"taxonomy":"product_tag","embeddable":true,"href":"https:\/\/khogiaodienmau.net\/trumtheme\/wp-json\/wp\/v2\/product_tag?post=3130"}],"curies":[{"name":"wp","href":"https:\/\/api.w.org\/{rel}","templated":true}]}}