{"id":3128,"date":"2023-07-06T11:51:19","date_gmt":"2023-07-06T11:51:19","guid":{"rendered":"https:\/\/khogiaodienmau.net\/trumtheme\/?post_type=product&#038;p=3128"},"modified":"2023-07-06T11:51:58","modified_gmt":"2023-07-06T11:51:58","slug":"theme-wordpress-do-choi-xe-hoi-2","status":"publish","type":"product","link":"https:\/\/khogiaodienmau.net\/trumtheme\/themes\/theme-wordpress-do-choi-xe-hoi-2\/","title":{"rendered":"Theme wordpress \u0111\u1ed3 ch\u01a1i xe h\u01a1i 2"},"content":{"rendered":"","protected":false},"excerpt":{"rendered":"<p>Theme WordPress \u0110\u1ed3 Ch\u01a1i Xe H\u01a1i 2 c\u00f3 thi\u1ebft k\u1ebf \u0111\u1ed9c \u0111\u00e1o v\u00e0 s\u00e1ng t\u1ea1o, t\u1ea1o n\u00ean m\u1ed9t tr\u1ea3i nghi\u1ec7m \u0111\u1eb7c bi\u1ec7t cho ng\u01b0\u1eddi d\u00f9ng. Giao di\u1ec7n tr\u1ef1c quan, c\u00e1c hi\u1ec7u \u1ee9ng h\u1ea5p d\u1eabn v\u00e0 m\u00e0u s\u1eafc t\u01b0\u01a1i s\u00e1ng mang \u0111\u1ebfn m\u1ed9t trang web n\u1ed5i b\u1eadt v\u00e0 cu\u1ed1n h\u00fat. B\u1ea1n c\u00f3 th\u1ec3 hi\u1ec3n th\u1ecb c\u00e1c s\u1ea3n ph\u1ea9m \u0111\u1ed3 ch\u01a1i xe h\u01a1i, h\u00ecnh \u1ea3nh ch\u1ea5t l\u01b0\u1ee3ng cao v\u00e0 th\u00f4ng tin chi ti\u1ebft \u0111\u1ec3 g\u1ee3i l\u00ean ni\u1ec1m \u0111am m\u00ea v\u1ec1 xe h\u01a1i.<\/p>\n","protected":false},"featured_media":3129,"comment_status":"open","ping_status":"closed","template":"","meta":[],"product_brand":[],"product_cat":[46,26,54],"product_tag":[],"class_list":{"0":"post-3128","1":"product","2":"type-product","3":"status-publish","4":"has-post-thumbnail","6":"product_cat-theme-hot","7":"product_cat-theme-wordpress-ban-hang","8":"product_cat-theme-wordpress-dien-nuoc","10":"first","11":"instock","12":"sale","13":"downloadable","14":"shipping-taxable","15":"purchasable","16":"product-type-simple"},"acf":[],"_links":{"self":[{"href":"https:\/\/khogiaodienmau.net\/trumtheme\/wp-json\/wp\/v2\/product\/3128"}],"collection":[{"href":"https:\/\/khogiaodienmau.net\/trumtheme\/wp-json\/wp\/v2\/product"}],"about":[{"href":"https:\/\/khogiaodienmau.net\/trumtheme\/wp-json\/wp\/v2\/types\/product"}],"replies":[{"embeddable":true,"href":"https:\/\/khogiaodienmau.net\/trumtheme\/wp-json\/wp\/v2\/comments?post=3128"}],"wp:featuredmedia":[{"embeddable":true,"href":"https:\/\/khogiaodienmau.net\/trumtheme\/wp-json\/wp\/v2\/media\/3129"}],"wp:attachment":[{"href":"https:\/\/khogiaodienmau.net\/trumtheme\/wp-json\/wp\/v2\/media?parent=3128"}],"wp:term":[{"taxonomy":"product_brand","embeddable":true,"href":"https:\/\/khogiaodienmau.net\/trumtheme\/wp-json\/wp\/v2\/product_brand?post=3128"},{"taxonomy":"product_cat","embeddable":true,"href":"https:\/\/khogiaodienmau.net\/trumtheme\/wp-json\/wp\/v2\/product_cat?post=3128"},{"taxonomy":"product_tag","embeddable":true,"href":"https:\/\/khogiaodienmau.net\/trumtheme\/wp-json\/wp\/v2\/product_tag?post=3128"}],"curies":[{"name":"wp","href":"https:\/\/api.w.org\/{rel}","templated":true}]}}