{"id":3123,"date":"2023-07-06T11:49:00","date_gmt":"2023-07-06T11:49:00","guid":{"rendered":"https:\/\/khogiaodienmau.net\/trumtheme\/?post_type=product&#038;p=3123"},"modified":"2023-07-06T11:49:16","modified_gmt":"2023-07-06T11:49:16","slug":"theme-wordpress-web-dowload-phan-mem","status":"publish","type":"product","link":"https:\/\/khogiaodienmau.net\/trumtheme\/themes\/theme-wordpress-web-dowload-phan-mem\/","title":{"rendered":"Theme wordpress web dowload ph\u1ea7n m\u1ec1m"},"content":{"rendered":"","protected":false},"excerpt":{"rendered":"<p>Theme WordPress Web Download Ph\u1ea7n M\u1ec1m, b\u1ea1n c\u00f3 m\u1ed9t c\u00f4ng c\u1ee5 m\u1ea1nh m\u1ebd \u0111\u1ec3 x\u00e2y d\u1ef1ng trang web chuy\u00ean nghi\u1ec7p v\u00e0 thu h\u00fat ng\u01b0\u1eddi d\u00f9ng \u0111\u1ebfn v\u1edbi ph\u1ea7n m\u1ec1m c\u1ee7a b\u1ea1n. H\u00e3y kh\u00e1m ph\u00e1 t\u00ednh linh ho\u1ea1t v\u00e0 ti\u1ec7n \u00edch c\u1ee7a theme n\u00e0y \u0111\u1ec3 t\u1ea1o ra m\u1ed9t trang web \u1ea5n t\u01b0\u1ee3ng v\u00e0 hi\u1ec7u qu\u1ea3 cho vi\u1ec7c chia s\u1ebb v\u00e0 t\u1ea3i xu\u1ed1ng ph\u1ea7n m\u1ec1m.<\/p>\n","protected":false},"featured_media":3125,"comment_status":"open","ping_status":"closed","template":"","meta":[],"product_brand":[],"product_cat":[46,38,57,18],"product_tag":[],"class_list":{"0":"post-3123","1":"product","2":"type-product","3":"status-publish","4":"has-post-thumbnail","6":"product_cat-theme-hot","7":"product_cat-theme-wordpress-cong-ty-marketing","8":"product_cat-theme-wordpress-dich-vu","9":"product_cat-theme-wordpress-tin-tuc","11":"first","12":"instock","13":"sale","14":"downloadable","15":"shipping-taxable","16":"purchasable","17":"product-type-simple"},"acf":[],"_links":{"self":[{"href":"https:\/\/khogiaodienmau.net\/trumtheme\/wp-json\/wp\/v2\/product\/3123"}],"collection":[{"href":"https:\/\/khogiaodienmau.net\/trumtheme\/wp-json\/wp\/v2\/product"}],"about":[{"href":"https:\/\/khogiaodienmau.net\/trumtheme\/wp-json\/wp\/v2\/types\/product"}],"replies":[{"embeddable":true,"href":"https:\/\/khogiaodienmau.net\/trumtheme\/wp-json\/wp\/v2\/comments?post=3123"}],"wp:featuredmedia":[{"embeddable":true,"href":"https:\/\/khogiaodienmau.net\/trumtheme\/wp-json\/wp\/v2\/media\/3125"}],"wp:attachment":[{"href":"https:\/\/khogiaodienmau.net\/trumtheme\/wp-json\/wp\/v2\/media?parent=3123"}],"wp:term":[{"taxonomy":"product_brand","embeddable":true,"href":"https:\/\/khogiaodienmau.net\/trumtheme\/wp-json\/wp\/v2\/product_brand?post=3123"},{"taxonomy":"product_cat","embeddable":true,"href":"https:\/\/khogiaodienmau.net\/trumtheme\/wp-json\/wp\/v2\/product_cat?post=3123"},{"taxonomy":"product_tag","embeddable":true,"href":"https:\/\/khogiaodienmau.net\/trumtheme\/wp-json\/wp\/v2\/product_tag?post=3123"}],"curies":[{"name":"wp","href":"https:\/\/api.w.org\/{rel}","templated":true}]}}