{"id":3121,"date":"2023-07-06T11:47:42","date_gmt":"2023-07-06T11:47:42","guid":{"rendered":"https:\/\/khogiaodienmau.net\/trumtheme\/?post_type=product&#038;p=3121"},"modified":"2023-07-06T11:47:42","modified_gmt":"2023-07-06T11:47:42","slug":"theme-wordpress-du-lich-17","status":"publish","type":"product","link":"https:\/\/khogiaodienmau.net\/trumtheme\/themes\/theme-wordpress-du-lich-17\/","title":{"rendered":"Theme wordpress du l\u1ecbch 17"},"content":{"rendered":"","protected":false},"excerpt":{"rendered":"<p>Theme WordPress Du L\u1ecbch 17 c\u00f3 thi\u1ebft k\u1ebf \u0111\u1eb9p m\u1eaft v\u00e0 s\u00e1ng t\u1ea1o, t\u1ea1o n\u00ean m\u1ed9t tr\u1ea3i nghi\u1ec7m tuy\u1ec7t v\u1eddi cho ng\u01b0\u1eddi d\u00f9ng. Giao di\u1ec7n tr\u1ef1c quan v\u00e0 tinh t\u1ebf gi\u00fap t\u0103ng c\u01b0\u1eddng tr\u1ea3i nghi\u1ec7m du l\u1ecbch tr\u1ef1c tuy\u1ebfn v\u00e0 thu h\u00fat kh\u00e1ch h\u00e0ng. B\u1ea1n c\u00f3 th\u1ec3 hi\u1ec3n th\u1ecb h\u00ecnh \u1ea3nh n\u1ed5i b\u1eadt, tour du l\u1ecbch, \u0111\u00e1nh gi\u00e1 kh\u00e1ch h\u00e0ng v\u00e0 c\u00e1c n\u1ed9i dung li\u00ean quan kh\u00e1c \u0111\u1ec3 l\u00e0m n\u1ed5i b\u1eadt trang web c\u1ee7a b\u1ea1n.<\/p>\n","protected":false},"featured_media":3122,"comment_status":"open","ping_status":"closed","template":"","meta":[],"product_brand":[],"product_cat":[46,57,37,18],"product_tag":[],"class_list":{"0":"post-3121","1":"product","2":"type-product","3":"status-publish","4":"has-post-thumbnail","6":"product_cat-theme-hot","7":"product_cat-theme-wordpress-dich-vu","8":"product_cat-theme-wordpress-du-lich","9":"product_cat-theme-wordpress-tin-tuc","11":"first","12":"instock","13":"sale","14":"downloadable","15":"shipping-taxable","16":"purchasable","17":"product-type-simple"},"acf":[],"_links":{"self":[{"href":"https:\/\/khogiaodienmau.net\/trumtheme\/wp-json\/wp\/v2\/product\/3121"}],"collection":[{"href":"https:\/\/khogiaodienmau.net\/trumtheme\/wp-json\/wp\/v2\/product"}],"about":[{"href":"https:\/\/khogiaodienmau.net\/trumtheme\/wp-json\/wp\/v2\/types\/product"}],"replies":[{"embeddable":true,"href":"https:\/\/khogiaodienmau.net\/trumtheme\/wp-json\/wp\/v2\/comments?post=3121"}],"wp:featuredmedia":[{"embeddable":true,"href":"https:\/\/khogiaodienmau.net\/trumtheme\/wp-json\/wp\/v2\/media\/3122"}],"wp:attachment":[{"href":"https:\/\/khogiaodienmau.net\/trumtheme\/wp-json\/wp\/v2\/media?parent=3121"}],"wp:term":[{"taxonomy":"product_brand","embeddable":true,"href":"https:\/\/khogiaodienmau.net\/trumtheme\/wp-json\/wp\/v2\/product_brand?post=3121"},{"taxonomy":"product_cat","embeddable":true,"href":"https:\/\/khogiaodienmau.net\/trumtheme\/wp-json\/wp\/v2\/product_cat?post=3121"},{"taxonomy":"product_tag","embeddable":true,"href":"https:\/\/khogiaodienmau.net\/trumtheme\/wp-json\/wp\/v2\/product_tag?post=3121"}],"curies":[{"name":"wp","href":"https:\/\/api.w.org\/{rel}","templated":true}]}}