{"id":3115,"date":"2023-07-06T11:42:48","date_gmt":"2023-07-06T11:42:48","guid":{"rendered":"https:\/\/khogiaodienmau.net\/trumtheme\/?post_type=product&#038;p=3115"},"modified":"2023-07-06T11:42:48","modified_gmt":"2023-07-06T11:42:48","slug":"theme-wordpress-duoc-pham-nha-thuoc-8","status":"publish","type":"product","link":"https:\/\/khogiaodienmau.net\/trumtheme\/themes\/theme-wordpress-duoc-pham-nha-thuoc-8\/","title":{"rendered":"Theme wordpress d\u01b0\u1ee3c ph\u1ea9m nh\u00e0 thu\u1ed1c 8"},"content":{"rendered":"","protected":false},"excerpt":{"rendered":"<p>Theme WordPress D\u01b0\u1ee3c Ph\u1ea9m Nh\u00e0 Thu\u1ed1c 8 \u0111\u01b0\u1ee3c t\u1ed1i \u01b0u h\u00f3a cho tr\u1ea3i nghi\u1ec7m di \u0111\u1ed9ng v\u00e0 t\u01b0\u01a1ng th\u00edch v\u1edbi c\u00e1c thi\u1ebft b\u1ecb di \u0111\u1ed9ng. \u0110i\u1ec1u n\u00e0y \u0111\u1ea3m b\u1ea3o trang web c\u1ee7a b\u1ea1n s\u1ebd hi\u1ec3n th\u1ecb t\u1ed1t tr\u00ean m\u1ecdi thi\u1ebft b\u1ecb v\u00e0 thu h\u00fat nhi\u1ec1u kh\u00e1ch h\u00e0ng. Theme c\u0169ng \u0111\u01b0\u1ee3c t\u1ed1i \u01b0u h\u00f3a SEO, gi\u00fap trang web c\u00f3 th\u1ee9 h\u1ea1ng cao tr\u00ean c\u00e1c c\u00f4ng c\u1ee5 t\u00ecm ki\u1ebfm v\u00e0 t\u0103ng c\u01b0\u1eddng kh\u1ea3 n\u0103ng t\u00ecm th\u1ea5y c\u1ee7a b\u1ea1n.<\/p>\n","protected":false},"featured_media":3116,"comment_status":"open","ping_status":"closed","template":"","meta":[],"product_brand":[],"product_cat":[53,57,31,51],"product_tag":[],"class_list":{"0":"post-3115","1":"product","2":"type-product","3":"status-publish","4":"has-post-thumbnail","6":"product_cat-theme-word-press-y-te-suc-khoe","7":"product_cat-theme-wordpress-dich-vu","8":"product_cat-theme-wordpress-landing-page","9":"product_cat-theme-wordpress-y-te","11":"first","12":"instock","13":"sale","14":"downloadable","15":"shipping-taxable","16":"purchasable","17":"product-type-simple"},"acf":[],"_links":{"self":[{"href":"https:\/\/khogiaodienmau.net\/trumtheme\/wp-json\/wp\/v2\/product\/3115"}],"collection":[{"href":"https:\/\/khogiaodienmau.net\/trumtheme\/wp-json\/wp\/v2\/product"}],"about":[{"href":"https:\/\/khogiaodienmau.net\/trumtheme\/wp-json\/wp\/v2\/types\/product"}],"replies":[{"embeddable":true,"href":"https:\/\/khogiaodienmau.net\/trumtheme\/wp-json\/wp\/v2\/comments?post=3115"}],"wp:featuredmedia":[{"embeddable":true,"href":"https:\/\/khogiaodienmau.net\/trumtheme\/wp-json\/wp\/v2\/media\/3116"}],"wp:attachment":[{"href":"https:\/\/khogiaodienmau.net\/trumtheme\/wp-json\/wp\/v2\/media?parent=3115"}],"wp:term":[{"taxonomy":"product_brand","embeddable":true,"href":"https:\/\/khogiaodienmau.net\/trumtheme\/wp-json\/wp\/v2\/product_brand?post=3115"},{"taxonomy":"product_cat","embeddable":true,"href":"https:\/\/khogiaodienmau.net\/trumtheme\/wp-json\/wp\/v2\/product_cat?post=3115"},{"taxonomy":"product_tag","embeddable":true,"href":"https:\/\/khogiaodienmau.net\/trumtheme\/wp-json\/wp\/v2\/product_tag?post=3115"}],"curies":[{"name":"wp","href":"https:\/\/api.w.org\/{rel}","templated":true}]}}