{"id":3111,"date":"2023-07-06T11:31:07","date_gmt":"2023-07-06T11:31:07","guid":{"rendered":"https:\/\/khogiaodienmau.net\/trumtheme\/?post_type=product&#038;p=3111"},"modified":"2023-07-06T11:31:20","modified_gmt":"2023-07-06T11:31:20","slug":"theme-wordpress-truong-hoc-edukid","status":"publish","type":"product","link":"https:\/\/khogiaodienmau.net\/trumtheme\/themes\/theme-wordpress-truong-hoc-edukid\/","title":{"rendered":"Theme WordPress tr\u01b0\u1eddng h\u1ecdc edukid"},"content":{"rendered":"","protected":false},"excerpt":{"rendered":"<p>Theme Wordpress tr\u01b0\u1eddng h\u1ecdc edukid c\u00f3 thi\u1ebft k\u1ebf \u0111\u1eb9p m\u1eaft v\u00e0 tr\u1ef1c quan, gi\u00fap trang web c\u1ee7a b\u1ea1n tr\u1edf n\u00ean chuy\u00ean nghi\u1ec7p v\u00e0 h\u1ea5p d\u1eabn. Giao di\u1ec7n \u0111\u01b0\u1ee3c t\u1ed1i \u01b0u h\u00f3a cho tr\u1ea3i nghi\u1ec7m ng\u01b0\u1eddi d\u00f9ng t\u1ed1t nh\u1ea5t, v\u1edbi b\u1ed1 c\u1ee5c r\u00f5 r\u00e0ng, m\u00e0u s\u1eafc t\u01b0\u01a1i s\u00e1ng v\u00e0 c\u00e1c ph\u1ea7n t\u1eed thi\u1ebft k\u1ebf th\u00e2n thi\u1ec7n v\u1edbi tr\u1ebb em. \u0110i\u1ec1u n\u00e0y gi\u00fap trang web tr\u1edf n\u00ean h\u1ea5p d\u1eabn v\u00e0 d\u1ec5 d\u00e0ng s\u1eed d\u1ee5ng cho c\u1ea3 h\u1ecdc sinh v\u00e0 ph\u1ee5 huynh.<\/p>\n","protected":false},"featured_media":3112,"comment_status":"open","ping_status":"closed","template":"","meta":[],"product_brand":[],"product_cat":[46,55],"product_tag":[],"class_list":{"0":"post-3111","1":"product","2":"type-product","3":"status-publish","4":"has-post-thumbnail","6":"product_cat-theme-hot","7":"product_cat-theme-wordpress-truong-hoc","9":"first","10":"instock","11":"sale","12":"downloadable","13":"shipping-taxable","14":"purchasable","15":"product-type-simple"},"acf":[],"_links":{"self":[{"href":"https:\/\/khogiaodienmau.net\/trumtheme\/wp-json\/wp\/v2\/product\/3111"}],"collection":[{"href":"https:\/\/khogiaodienmau.net\/trumtheme\/wp-json\/wp\/v2\/product"}],"about":[{"href":"https:\/\/khogiaodienmau.net\/trumtheme\/wp-json\/wp\/v2\/types\/product"}],"replies":[{"embeddable":true,"href":"https:\/\/khogiaodienmau.net\/trumtheme\/wp-json\/wp\/v2\/comments?post=3111"}],"wp:featuredmedia":[{"embeddable":true,"href":"https:\/\/khogiaodienmau.net\/trumtheme\/wp-json\/wp\/v2\/media\/3112"}],"wp:attachment":[{"href":"https:\/\/khogiaodienmau.net\/trumtheme\/wp-json\/wp\/v2\/media?parent=3111"}],"wp:term":[{"taxonomy":"product_brand","embeddable":true,"href":"https:\/\/khogiaodienmau.net\/trumtheme\/wp-json\/wp\/v2\/product_brand?post=3111"},{"taxonomy":"product_cat","embeddable":true,"href":"https:\/\/khogiaodienmau.net\/trumtheme\/wp-json\/wp\/v2\/product_cat?post=3111"},{"taxonomy":"product_tag","embeddable":true,"href":"https:\/\/khogiaodienmau.net\/trumtheme\/wp-json\/wp\/v2\/product_tag?post=3111"}],"curies":[{"name":"wp","href":"https:\/\/api.w.org\/{rel}","templated":true}]}}