{"id":3107,"date":"2023-07-06T11:27:36","date_gmt":"2023-07-06T11:27:36","guid":{"rendered":"https:\/\/khogiaodienmau.net\/trumtheme\/?post_type=product&#038;p=3107"},"modified":"2023-07-06T11:27:58","modified_gmt":"2023-07-06T11:27:58","slug":"theme-wordpress-gioi-thieu-cong-ty-dien-lanh-5","status":"publish","type":"product","link":"https:\/\/khogiaodienmau.net\/trumtheme\/themes\/theme-wordpress-gioi-thieu-cong-ty-dien-lanh-5\/","title":{"rendered":"Theme WordPress gi\u1edbi thi\u1ec7u c\u00f4ng ty \u0111i\u1ec7n lanh 5"},"content":{"rendered":"","protected":false},"excerpt":{"rendered":"<p>Theme WordPress Gi\u1edbi Thi\u1ec7u C\u00f4ng Ty \u0110i\u1ec7n L\u1ea1nh 5 \u0111\u01b0\u1ee3c thi\u1ebft k\u1ebf v\u1edbi giao di\u1ec7n chuy\u00ean nghi\u1ec7p v\u00e0 hi\u1ec7n \u0111\u1ea1i, mang \u0111\u1ebfn cho trang web c\u1ee7a b\u1ea1n v\u1ebb \u0111\u1eb9p tinh t\u1ebf v\u00e0 chuy\u00ean s\u00e2u trong l\u0129nh v\u1ef1c \u0111i\u1ec7n l\u1ea1nh. C\u00e1c ph\u1ea7n t\u1eed thi\u1ebft k\u1ebf \u0111\u01b0\u1ee3c b\u1ed1 tr\u00ed h\u1ee3p l\u00fd, t\u1ea1o s\u1ef1 tho\u1ea3i m\u00e1i cho ng\u01b0\u1eddi d\u00f9ng khi t\u00ecm hi\u1ec3u v\u1ec1 c\u00e1c s\u1ea3n ph\u1ea9m v\u00e0 d\u1ecbch v\u1ee5 c\u1ee7a c\u00f4ng ty.<\/p>\n","protected":false},"featured_media":3108,"comment_status":"open","ping_status":"closed","template":"","meta":[],"product_brand":[],"product_cat":[46,56,54,50],"product_tag":[],"class_list":{"0":"post-3107","1":"product","2":"type-product","3":"status-publish","4":"has-post-thumbnail","6":"product_cat-theme-hot","7":"product_cat-theme-wordpress-co-khi","8":"product_cat-theme-wordpress-dien-nuoc","9":"product_cat-theme-wordpress-gioi-thieu-cong-ty","11":"first","12":"instock","13":"sale","14":"downloadable","15":"shipping-taxable","16":"purchasable","17":"product-type-simple"},"acf":[],"_links":{"self":[{"href":"https:\/\/khogiaodienmau.net\/trumtheme\/wp-json\/wp\/v2\/product\/3107"}],"collection":[{"href":"https:\/\/khogiaodienmau.net\/trumtheme\/wp-json\/wp\/v2\/product"}],"about":[{"href":"https:\/\/khogiaodienmau.net\/trumtheme\/wp-json\/wp\/v2\/types\/product"}],"replies":[{"embeddable":true,"href":"https:\/\/khogiaodienmau.net\/trumtheme\/wp-json\/wp\/v2\/comments?post=3107"}],"wp:featuredmedia":[{"embeddable":true,"href":"https:\/\/khogiaodienmau.net\/trumtheme\/wp-json\/wp\/v2\/media\/3108"}],"wp:attachment":[{"href":"https:\/\/khogiaodienmau.net\/trumtheme\/wp-json\/wp\/v2\/media?parent=3107"}],"wp:term":[{"taxonomy":"product_brand","embeddable":true,"href":"https:\/\/khogiaodienmau.net\/trumtheme\/wp-json\/wp\/v2\/product_brand?post=3107"},{"taxonomy":"product_cat","embeddable":true,"href":"https:\/\/khogiaodienmau.net\/trumtheme\/wp-json\/wp\/v2\/product_cat?post=3107"},{"taxonomy":"product_tag","embeddable":true,"href":"https:\/\/khogiaodienmau.net\/trumtheme\/wp-json\/wp\/v2\/product_tag?post=3107"}],"curies":[{"name":"wp","href":"https:\/\/api.w.org\/{rel}","templated":true}]}}