{"id":3105,"date":"2023-06-06T11:24:40","date_gmt":"2023-06-06T11:24:40","guid":{"rendered":"https:\/\/khogiaodienmau.net\/trumtheme\/?post_type=product&#038;p=3105"},"modified":"2023-07-06T11:26:36","modified_gmt":"2023-07-06T11:26:36","slug":"theme-wordpress-gioi-thieu-cong-ty-7-chuyen-noi-that-san-go","status":"publish","type":"product","link":"https:\/\/khogiaodienmau.net\/trumtheme\/themes\/theme-wordpress-gioi-thieu-cong-ty-7-chuyen-noi-that-san-go\/","title":{"rendered":"Theme WordPress gi\u1edbi thi\u1ec7u c\u00f4ng ty 7 chuy\u00ean n\u1ed9i th\u1ea5t s\u00e0n g\u1ed5"},"content":{"rendered":"","protected":false},"excerpt":{"rendered":"<p>Theme WordPress Gi\u1edbi Thi\u1ec7u C\u00f4ng Ty 7 l\u00e0 m\u1ed9t c\u00f4ng c\u1ee5 m\u1ea1nh m\u1ebd \u0111\u1ec3 x\u00e2y d\u1ef1ng trang web chuy\u00ean v\u1ec1 n\u1ed9i th\u1ea5t s\u00e0n g\u1ed7. V\u1edbi giao di\u1ec7n tuy\u1ec7t \u0111\u1eb9p, t\u00ednh n\u0103ng \u0111a d\u1ea1ng v\u00e0 kh\u1ea3 n\u0103ng t\u00f9y ch\u1ec9nh linh ho\u1ea1t, b\u1ea1n c\u00f3 th\u1ec3 t\u1ea1o ra m\u1ed9t tr\u1ea3i nghi\u1ec7m tuy\u1ec7t v\u1eddi cho kh\u00e1ch h\u00e0ng v\u00e0 \u0111\u1eb7t c\u00f4ng ty c\u1ee7a m\u00ecnh tr\u00ean b\u1ea3n \u0111\u1ed3 trong l\u0129nh v\u1ef1c n\u1ed9i th\u1ea5t s\u00e0n g\u1ed7.<\/p>\n","protected":false},"featured_media":3106,"comment_status":"open","ping_status":"closed","template":"","meta":[],"product_brand":[],"product_cat":[27,54,50],"product_tag":[],"class_list":{"0":"post-3105","1":"product","2":"type-product","3":"status-publish","4":"has-post-thumbnail","6":"product_cat-theme-wordpress-dien-may","7":"product_cat-theme-wordpress-dien-nuoc","8":"product_cat-theme-wordpress-gioi-thieu-cong-ty","10":"first","11":"instock","12":"sale","13":"downloadable","14":"shipping-taxable","15":"purchasable","16":"product-type-simple"},"acf":[],"_links":{"self":[{"href":"https:\/\/khogiaodienmau.net\/trumtheme\/wp-json\/wp\/v2\/product\/3105"}],"collection":[{"href":"https:\/\/khogiaodienmau.net\/trumtheme\/wp-json\/wp\/v2\/product"}],"about":[{"href":"https:\/\/khogiaodienmau.net\/trumtheme\/wp-json\/wp\/v2\/types\/product"}],"replies":[{"embeddable":true,"href":"https:\/\/khogiaodienmau.net\/trumtheme\/wp-json\/wp\/v2\/comments?post=3105"}],"wp:featuredmedia":[{"embeddable":true,"href":"https:\/\/khogiaodienmau.net\/trumtheme\/wp-json\/wp\/v2\/media\/3106"}],"wp:attachment":[{"href":"https:\/\/khogiaodienmau.net\/trumtheme\/wp-json\/wp\/v2\/media?parent=3105"}],"wp:term":[{"taxonomy":"product_brand","embeddable":true,"href":"https:\/\/khogiaodienmau.net\/trumtheme\/wp-json\/wp\/v2\/product_brand?post=3105"},{"taxonomy":"product_cat","embeddable":true,"href":"https:\/\/khogiaodienmau.net\/trumtheme\/wp-json\/wp\/v2\/product_cat?post=3105"},{"taxonomy":"product_tag","embeddable":true,"href":"https:\/\/khogiaodienmau.net\/trumtheme\/wp-json\/wp\/v2\/product_tag?post=3105"}],"curies":[{"name":"wp","href":"https:\/\/api.w.org\/{rel}","templated":true}]}}